{"id":22655,"date":"2018-11-30T12:23:29","date_gmt":"2018-11-30T10:23:29","guid":{"rendered":"http:\/\/printon.veebispetsid.com\/ettevottest\/"},"modified":"2023-05-18T10:52:00","modified_gmt":"2023-05-18T07:52:00","slug":"ettevottest","status":"publish","type":"page","link":"https:\/\/www.printon.ee\/fi\/ettevottest\/","title":{"rendered":"Yhti\u00f6st\u00e4"},"content":{"rendered":"<div class=\"fusion-fullwidth fullwidth-box nonhundred-percent-fullwidth non-hundred-percent-height-scrolling\"  style='background-color: rgba(255,255,255,0);background-position: center center;background-repeat: no-repeat;padding-top:0px;padding-right:0px;padding-bottom:0px;padding-left:0px;'><div class=\"fusion-builder-row fusion-row \"><div  class=\"fusion-layout-column fusion_builder_column fusion_builder_column_1_1 fusion-builder-column-1 fusion-one-full fusion-column-first fusion-column-last 1_1\"  style='margin-top:0px;margin-bottom:0px;'>\n\t\t\t\t\t<div class=\"fusion-column-wrapper\" style=\"padding: 0px 0px 0px 0px;background-position:left top;background-repeat:no-repeat;-webkit-background-size:cover;-moz-background-size:cover;-o-background-size:cover;background-size:cover;\"   data-bg-url=\"\">\n\t\t\t\t\t\t<div class=\"fusion-text\"><p>Vuosituhannen vaihto oli Virossa nopea kasvun ja mahdollisuuksien aika. Kirjapaino Printon syntyi reprografiayhti\u00f6n KO Service ja DD Kustantamon aloitteesta vuonna 2000. Aloitimme tyhj\u00e4st\u00e4 ja tavoitteemme oli kasvaa yhdeksi Viron suurimmaksi arkkikirjapainoksi.<\/p>\n<p>Tuolloin tehtiin ensimm\u00e4iset investoinnit yrityksen omistajan Tarmo Orasm\u00e4en johdolla, ylitettiin vaikeudet ja Printon astui voimakkaasti painokauppaan.<\/p>\n<p>Printonin kasvu on ollut vakaa. Ulkomaanmarkkinoille suuntauduttiin vuonna 2004. Suomen markkinoille tulo osoittautui yli odotuksia menestyksekk\u00e4\u00e4ksi ja t\u00e4h\u00e4n menness\u00e4 olemme laajentaneet myynti\u00e4mme 17 maahan. Olemme saaneet FSC:n kest\u00e4v\u00e4n mets\u00e4talouden toimitusketjun sertifikaatin ja meill\u00e4 on my\u00f6s ISO 9001-laatusertifikaatti.<\/p>\n<p>Vuonna 2016 osti Viron suurin sijoitusyhti\u00f6 Infortar Printonin osuuden ja yhdisti sen turvapainoksiin erikoistuneen Vaba Maa-painotalon kanssa. Maaliskuusta 2019 alkaen on Printonin ainoa omistaja konserni Infortar.<\/p>\n<p>Kahden painotalon sulautumisen tuloksena muodostunut laaja painoyhti\u00f6 toimii kev\u00e4\u00e4st\u00e4 2018 uusissa toimitiloissa osoitteella Peterburi maantee 81.<\/p>\n<p>Printonin tuotevalikoima koostuu p\u00e4\u00e4asiassa kirjoista ja mainoksista. Tuotannosta 90% tehd\u00e4\u00e4n sis\u00e4isesti ja nykyisin vientimme on yli 60% kokonaistuotannosta.<\/p>\n<p>Printonin ja Vaba Maan yhti\u00f6 ty\u00f6llist\u00e4\u00e4 83 henkil\u00f6\u00e4.<\/p>\n<ul>\n<li>Haluamme olla asiakkaillemme parhaita painokumppaneita &#8211; laadun, nopeuden ja palvelun kannalta.<\/li>\n<li>Uskomme, ett\u00e4 jokainen ty\u00f6 on ennen kaikkea <strong>yhteisty\u00f6 asiakkaan kanssa.<\/strong> Otamme huomioon asiakkaan toiveet ja tarpeet. Olemme aina saatavilla ja valmiita erikoisratkaisuihin.<\/li>\n<li>Printonin ty\u00f6ntekij\u00f6iden kokemus, huolenpito ja sitoutuminen ty\u00f6h\u00f6n tarjoavat jatkuvasti laadukkaita painopalveluita meid\u00e4n painotalolta.<\/li>\n<\/ul>\n<\/div><div class=\"fusion-text\"><h5>Printon numeroissa<\/h5>\n<\/div><div class=\"fusion-counters-box counters-box row fusion-clearfix fusion-columns-4\"><div class=\"fusion-counter-box fusion-column col-counter-box counter-box-wrapper col-lg-3 col-md-3 col-sm-3\" data-animationOffset=\"100%\"><div class=\"counter-box-container\" style=\"border: 1px solid rgba(224,222,222,0);\"><div class=\"content-box-percentage content-box-counter\" style=\"color:#db0066;font-size:50px;line-height:normal;\"><span class=\"display-counter\" data-value=\"90\" data-direction=\"up\" data-decimals=\"0\">0<\/span><span class=\"unit\">%<\/span><\/div><div class=\"counter-box-content\" style=\"color:#747474;font-size:13px;\">palveluistamme tuotamme itse<\/div><\/div><\/div><div class=\"fusion-counter-box fusion-column col-counter-box counter-box-wrapper col-lg-3 col-md-3 col-sm-3\" data-animationOffset=\"100%\"><div class=\"counter-box-container\" style=\"border: 1px solid rgba(224,222,222,0);\"><div class=\"content-box-percentage content-box-counter\" style=\"color:#db0066;font-size:50px;line-height:normal;\"><span class=\"display-counter\" data-value=\"98.2\" data-direction=\"up\" data-decimals=\"1\">0<\/span><span class=\"unit\">%<\/span><\/div><div class=\"counter-box-content\" style=\"color:#747474;font-size:13px;\">tuotannosta valmistuu m\u00e4\u00e4r\u00e4ajassa <\/div><\/div><\/div><div class=\"fusion-counter-box fusion-column col-counter-box counter-box-wrapper col-lg-3 col-md-3 col-sm-3\" data-animationOffset=\"100%\"><div class=\"counter-box-container\" style=\"border: 1px solid rgba(224,222,222,0);\"><div class=\"content-box-percentage content-box-counter\" style=\"color:#db0066;font-size:50px;line-height:normal;\"><span class=\"display-counter\" data-value=\"435\" data-direction=\"up\" data-decimals=\"0\">0<\/span><\/div><div class=\"counter-box-content\" style=\"color:#747474;font-size:13px;\">onnellista asiakasta<\/div><\/div><\/div><div class=\"fusion-counter-box fusion-column col-counter-box counter-box-wrapper col-lg-3 col-md-3 col-sm-3\" data-animationOffset=\"100%\"><div class=\"counter-box-container\" style=\"border: 1px solid rgba(224,222,222,0);\"><div class=\"content-box-percentage content-box-counter\" style=\"color:#db0066;font-size:50px;line-height:normal;\"><span class=\"display-counter\" data-value=\"23\" data-direction=\"up\" data-decimals=\"0\">0<\/span><\/div><div class=\"counter-box-content\" style=\"color:#747474;font-size:13px;\">vuoden kokemus <\/div><\/div><\/div><div class=\"fusion-counter-box fusion-column col-counter-box counter-box-wrapper col-lg-3 col-md-3 col-sm-3\" data-animationOffset=\"100%\"><div class=\"counter-box-container\" style=\"border: 1px solid rgba(224,222,222,0);\"><div class=\"content-box-percentage content-box-counter\" style=\"color:#db0066;font-size:50px;line-height:normal;\"><span class=\"display-counter\" data-value=\"60\" data-direction=\"up\" data-decimals=\"0\">0<\/span><span class=\"unit\">%<\/span><\/div><div class=\"counter-box-content\" style=\"color:#747474;font-size:13px;\">tuotannosta menee vientiin<\/div><\/div><\/div><div class=\"fusion-counter-box fusion-column col-counter-box counter-box-wrapper col-lg-3 col-md-3 col-sm-3\" data-animationOffset=\"100%\"><div class=\"counter-box-container\" style=\"border: 1px solid rgba(224,222,222,0);\"><div class=\"content-box-percentage content-box-counter\" style=\"color:#db0066;font-size:50px;line-height:normal;\"><span class=\"display-counter\" data-value=\"17\" data-direction=\"up\" data-decimals=\"0\">0<\/span><\/div><div class=\"counter-box-content\" style=\"color:#747474;font-size:13px;\">vientimaata <\/div><\/div><\/div><div class=\"fusion-counter-box fusion-column col-counter-box counter-box-wrapper col-lg-3 col-md-3 col-sm-3\" data-animationOffset=\"100%\"><div class=\"counter-box-container\" style=\"border: 1px solid rgba(224,222,222,0);\"><div class=\"content-box-percentage content-box-counter\" style=\"color:#db0066;font-size:50px;line-height:normal;\"><span class=\"display-counter\" data-value=\"75\" data-direction=\"up\" data-decimals=\"0\">0<\/span><\/div><div class=\"counter-box-content\" style=\"color:#747474;font-size:13px;\">ty\u00f6ntekij\u00e4\u00e4<\/div><\/div><\/div><\/div><div class=\"clearfix\"><\/div><div class=\"fusion-clearfix\"><\/div>\n\n\t\t\t\t\t<\/div>\n\t\t\t\t<\/div><div  class=\"fusion-layout-column fusion_builder_column fusion_builder_column_1_3 fusion-builder-column-2 fusion-one-third fusion-column-first 1_3\"  style='margin-top:0px;margin-bottom:20px;width:33.33%;width:calc(33.33% - ( ( 4% + 4% ) * 0.3333 ) );margin-right: 4%;'>\n\t\t\t\t\t<div class=\"fusion-column-wrapper\" style=\"padding: 0px 0px 0px 0px;background-position:left top;background-repeat:no-repeat;-webkit-background-size:cover;-moz-background-size:cover;-o-background-size:cover;background-size:cover;\"   data-bg-url=\"\">\n\t\t\t\t\t\t<span class=\"fusion-imageframe imageframe-none imageframe-1 hover-type-none\"><img decoding=\"async\" src=\"https:\/\/www.printon.ee\/wp-content\/uploads\/2023\/02\/BMC_ISO-9001-14001_png-300x235.png\" width=\"300\" height=\"235\" alt=\"\" title=\"\" class=\"img-responsive wp-image-25671\" srcset=\"https:\/\/www.printon.ee\/wp-content\/uploads\/2023\/02\/BMC_ISO-9001-14001_png-200x157.png 200w, https:\/\/www.printon.ee\/wp-content\/uploads\/2023\/02\/BMC_ISO-9001-14001_png-400x314.png 400w, https:\/\/www.printon.ee\/wp-content\/uploads\/2023\/02\/BMC_ISO-9001-14001_png-600x470.png 600w, https:\/\/www.printon.ee\/wp-content\/uploads\/2023\/02\/BMC_ISO-9001-14001_png-800x627.png 800w, https:\/\/www.printon.ee\/wp-content\/uploads\/2023\/02\/BMC_ISO-9001-14001_png-1200x941.png 1200w\" sizes=\"(max-width: 800px) 100vw, 300px\" \/><\/span><div class=\"fusion-clearfix\"><\/div>\n\n\t\t\t\t\t<\/div>\n\t\t\t\t<\/div><div  class=\"fusion-layout-column fusion_builder_column fusion_builder_column_1_3 fusion-builder-column-3 fusion-one-third 1_3\"  style='margin-top:0px;margin-bottom:20px;width:33.33%;width:calc(33.33% - ( ( 4% + 4% ) * 0.3333 ) );margin-right: 4%;'>\n\t\t\t\t\t<div class=\"fusion-column-wrapper\" style=\"padding: 0px 0px 0px 0px;background-position:left top;background-repeat:no-repeat;-webkit-background-size:cover;-moz-background-size:cover;-o-background-size:cover;background-size:cover;\"   data-bg-url=\"\">\n\t\t\t\t\t\t<span class=\"fusion-imageframe imageframe-none imageframe-2 hover-type-none\"><img decoding=\"async\" src=\"https:\/\/www.printon.ee\/wp-content\/uploads\/2023\/02\/Picture1-300x235.png\" width=\"300\" height=\"235\" alt=\"\" title=\"\" class=\"img-responsive wp-image-25706\" srcset=\"https:\/\/www.printon.ee\/wp-content\/uploads\/2023\/02\/Picture1-200x157.png 200w, https:\/\/www.printon.ee\/wp-content\/uploads\/2023\/02\/Picture1-400x313.png 400w, https:\/\/www.printon.ee\/wp-content\/uploads\/2023\/02\/Picture1-600x470.png 600w, https:\/\/www.printon.ee\/wp-content\/uploads\/2023\/02\/Picture1-800x627.png 800w, https:\/\/www.printon.ee\/wp-content\/uploads\/2023\/02\/Picture1-1200x940.png 1200w, https:\/\/www.printon.ee\/wp-content\/uploads\/2023\/02\/Picture1.png 1512w\" sizes=\"(max-width: 800px) 100vw, 300px\" \/><\/span><div class=\"fusion-clearfix\"><\/div>\n\n\t\t\t\t\t<\/div>\n\t\t\t\t<\/div><div  class=\"fusion-layout-column fusion_builder_column fusion_builder_column_1_3 fusion-builder-column-4 fusion-one-third fusion-column-last 1_3\"  style='margin-top:0px;margin-bottom:20px;width:33.33%;width:calc(33.33% - ( ( 4% + 4% ) * 0.3333 ) );'>\n\t\t\t\t\t<div class=\"fusion-column-wrapper\" style=\"padding: 0px 0px 0px 0px;background-position:left top;background-repeat:no-repeat;-webkit-background-size:cover;-moz-background-size:cover;-o-background-size:cover;background-size:cover;\"   data-bg-url=\"\">\n\t\t\t\t\t\t<div class=\"fusion-clearfix\"><\/div>\n\n\t\t\t\t\t<\/div>\n\t\t\t\t<\/div><\/div><\/div>\n","protected":false},"excerpt":{"rendered":"","protected":false},"author":9,"featured_media":0,"parent":0,"menu_order":0,"comment_status":"closed","ping_status":"closed","template":"","meta":{"footnotes":""},"class_list":["post-22655","page","type-page","status-publish","hentry"],"yoast_head":"<!-- This site is optimized with the Yoast SEO plugin v26.8 - https:\/\/yoast.com\/product\/yoast-seo-wordpress\/ -->\n<title>Yhti\u00f6st\u00e4 - offset painotalo Tallinnassa - AS Printon<\/title>\n<meta name=\"description\" content=\"Offset painotalo Tallinnassa. Laadukkaat painotuotteet Virosta. 19 vuotta kokemusta. Uskomme, ett\u00e4 jokainen ty\u00f6 on ennen kaikkea yhteisty\u00f6 asiakkaan kanssa.\" \/>\n<meta name=\"robots\" content=\"index, follow, max-snippet:-1, max-image-preview:large, max-video-preview:-1\" \/>\n<link rel=\"canonical\" href=\"https:\/\/www.printon.ee\/fi\/ettevottest\/\" \/>\n<meta property=\"og:locale\" content=\"fi_FI\" \/>\n<meta property=\"og:type\" content=\"article\" \/>\n<meta property=\"og:title\" content=\"Yhti\u00f6st\u00e4 - offset painotalo Tallinnassa - AS Printon\" \/>\n<meta property=\"og:description\" content=\"Offset painotalo Tallinnassa. Laadukkaat painotuotteet Virosta. 19 vuotta kokemusta. Uskomme, ett\u00e4 jokainen ty\u00f6 on ennen kaikkea yhteisty\u00f6 asiakkaan kanssa.\" \/>\n<meta property=\"og:url\" content=\"https:\/\/www.printon.ee\/fi\/ettevottest\/\" \/>\n<meta property=\"og:site_name\" content=\"AS Printon\" \/>\n<meta property=\"article:modified_time\" content=\"2023-05-18T07:52:00+00:00\" \/>\n<meta name=\"twitter:card\" content=\"summary_large_image\" \/>\n<meta name=\"twitter:label1\" content=\"Arvioitu lukuaika\" \/>\n\t<meta name=\"twitter:data1\" content=\"3 minuuttia\" \/>\n<script type=\"application\/ld+json\" class=\"yoast-schema-graph\">{\"@context\":\"https:\/\/schema.org\",\"@graph\":[{\"@type\":\"WebPage\",\"@id\":\"https:\/\/www.printon.ee\/fi\/ettevottest\/\",\"url\":\"https:\/\/www.printon.ee\/fi\/ettevottest\/\",\"name\":\"Yhti\u00f6st\u00e4 - offset painotalo Tallinnassa - AS Printon\",\"isPartOf\":{\"@id\":\"https:\/\/www.printon.ee\/#website\"},\"datePublished\":\"2018-11-30T10:23:29+00:00\",\"dateModified\":\"2023-05-18T07:52:00+00:00\",\"description\":\"Offset painotalo Tallinnassa. Laadukkaat painotuotteet Virosta. 19 vuotta kokemusta. Uskomme, ett\u00e4 jokainen ty\u00f6 on ennen kaikkea yhteisty\u00f6 asiakkaan kanssa.\",\"breadcrumb\":{\"@id\":\"https:\/\/www.printon.ee\/fi\/ettevottest\/#breadcrumb\"},\"inLanguage\":\"fi\",\"potentialAction\":[{\"@type\":\"ReadAction\",\"target\":[\"https:\/\/www.printon.ee\/fi\/ettevottest\/\"]}]},{\"@type\":\"BreadcrumbList\",\"@id\":\"https:\/\/www.printon.ee\/fi\/ettevottest\/#breadcrumb\",\"itemListElement\":[{\"@type\":\"ListItem\",\"position\":1,\"name\":\"Home\",\"item\":\"https:\/\/www.printon.ee\/fi\/\"},{\"@type\":\"ListItem\",\"position\":2,\"name\":\"Yhti\u00f6st\u00e4\"}]},{\"@type\":\"WebSite\",\"@id\":\"https:\/\/www.printon.ee\/#website\",\"url\":\"https:\/\/www.printon.ee\/\",\"name\":\"AS Printon\",\"description\":\"Raamatud, bros\u00fc\u00fcrid, kataloogid, kalendrid\",\"potentialAction\":[{\"@type\":\"SearchAction\",\"target\":{\"@type\":\"EntryPoint\",\"urlTemplate\":\"https:\/\/www.printon.ee\/?s={search_term_string}\"},\"query-input\":{\"@type\":\"PropertyValueSpecification\",\"valueRequired\":true,\"valueName\":\"search_term_string\"}}],\"inLanguage\":\"fi\"}]}<\/script>\n<!-- \/ Yoast SEO plugin. -->","yoast_head_json":{"title":"Yhti\u00f6st\u00e4 - offset painotalo Tallinnassa - AS Printon","description":"Offset painotalo Tallinnassa. Laadukkaat painotuotteet Virosta. 19 vuotta kokemusta. Uskomme, ett\u00e4 jokainen ty\u00f6 on ennen kaikkea yhteisty\u00f6 asiakkaan kanssa.","robots":{"index":"index","follow":"follow","max-snippet":"max-snippet:-1","max-image-preview":"max-image-preview:large","max-video-preview":"max-video-preview:-1"},"canonical":"https:\/\/www.printon.ee\/fi\/ettevottest\/","og_locale":"fi_FI","og_type":"article","og_title":"Yhti\u00f6st\u00e4 - offset painotalo Tallinnassa - AS Printon","og_description":"Offset painotalo Tallinnassa. Laadukkaat painotuotteet Virosta. 19 vuotta kokemusta. Uskomme, ett\u00e4 jokainen ty\u00f6 on ennen kaikkea yhteisty\u00f6 asiakkaan kanssa.","og_url":"https:\/\/www.printon.ee\/fi\/ettevottest\/","og_site_name":"AS Printon","article_modified_time":"2023-05-18T07:52:00+00:00","twitter_card":"summary_large_image","twitter_misc":{"Arvioitu lukuaika":"3 minuuttia"},"schema":{"@context":"https:\/\/schema.org","@graph":[{"@type":"WebPage","@id":"https:\/\/www.printon.ee\/fi\/ettevottest\/","url":"https:\/\/www.printon.ee\/fi\/ettevottest\/","name":"Yhti\u00f6st\u00e4 - offset painotalo Tallinnassa - AS Printon","isPartOf":{"@id":"https:\/\/www.printon.ee\/#website"},"datePublished":"2018-11-30T10:23:29+00:00","dateModified":"2023-05-18T07:52:00+00:00","description":"Offset painotalo Tallinnassa. Laadukkaat painotuotteet Virosta. 19 vuotta kokemusta. Uskomme, ett\u00e4 jokainen ty\u00f6 on ennen kaikkea yhteisty\u00f6 asiakkaan kanssa.","breadcrumb":{"@id":"https:\/\/www.printon.ee\/fi\/ettevottest\/#breadcrumb"},"inLanguage":"fi","potentialAction":[{"@type":"ReadAction","target":["https:\/\/www.printon.ee\/fi\/ettevottest\/"]}]},{"@type":"BreadcrumbList","@id":"https:\/\/www.printon.ee\/fi\/ettevottest\/#breadcrumb","itemListElement":[{"@type":"ListItem","position":1,"name":"Home","item":"https:\/\/www.printon.ee\/fi\/"},{"@type":"ListItem","position":2,"name":"Yhti\u00f6st\u00e4"}]},{"@type":"WebSite","@id":"https:\/\/www.printon.ee\/#website","url":"https:\/\/www.printon.ee\/","name":"AS Printon","description":"Raamatud, bros\u00fc\u00fcrid, kataloogid, kalendrid","potentialAction":[{"@type":"SearchAction","target":{"@type":"EntryPoint","urlTemplate":"https:\/\/www.printon.ee\/?s={search_term_string}"},"query-input":{"@type":"PropertyValueSpecification","valueRequired":true,"valueName":"search_term_string"}}],"inLanguage":"fi"}]}},"_links":{"self":[{"href":"https:\/\/www.printon.ee\/fi\/wp-json\/wp\/v2\/pages\/22655","targetHints":{"allow":["GET"]}}],"collection":[{"href":"https:\/\/www.printon.ee\/fi\/wp-json\/wp\/v2\/pages"}],"about":[{"href":"https:\/\/www.printon.ee\/fi\/wp-json\/wp\/v2\/types\/page"}],"author":[{"embeddable":true,"href":"https:\/\/www.printon.ee\/fi\/wp-json\/wp\/v2\/users\/9"}],"replies":[{"embeddable":true,"href":"https:\/\/www.printon.ee\/fi\/wp-json\/wp\/v2\/comments?post=22655"}],"version-history":[{"count":0,"href":"https:\/\/www.printon.ee\/fi\/wp-json\/wp\/v2\/pages\/22655\/revisions"}],"wp:attachment":[{"href":"https:\/\/www.printon.ee\/fi\/wp-json\/wp\/v2\/media?parent=22655"}],"curies":[{"name":"wp","href":"https:\/\/api.w.org\/{rel}","templated":true}]}}