{"id":22675,"date":"2019-02-20T15:48:16","date_gmt":"2019-02-20T13:48:16","guid":{"rendered":"http:\/\/printon.veebispetsid.com\/ettevottest\/keskkond\/"},"modified":"2023-05-18T13:56:14","modified_gmt":"2023-05-18T10:56:14","slug":"keskkond","status":"publish","type":"page","link":"https:\/\/www.printon.ee\/fi\/ettevottest\/keskkond\/","title":{"rendered":"Ymp\u00e4rist\u00f6"},"content":{"rendered":"<p><div class=\"fusion-fullwidth fullwidth-box nonhundred-percent-fullwidth non-hundred-percent-height-scrolling\"  style='background-color: rgba(255,255,255,0);background-position: center center;background-repeat: no-repeat;padding-top:0px;padding-right:0px;padding-bottom:0px;padding-left:0px;'><div class=\"fusion-builder-row fusion-row \"><div  class=\"fusion-layout-column fusion_builder_column fusion_builder_column_1_1 fusion-builder-column-1 fusion-one-full fusion-column-first fusion-column-last 1_1\"  style='margin-top:0px;margin-bottom:0px;'>\n\t\t\t\t\t<div class=\"fusion-column-wrapper\" style=\"padding: 0px 0px 0px 0px;background-position:left top;background-repeat:no-repeat;-webkit-background-size:cover;-moz-background-size:cover;-o-background-size:cover;background-size:cover;\"   data-bg-url=\"\">\n\t\t\t\t\t\t<div class=\"fusion-text\"><h3>Vastuullisena yrityksen\u00e4 v\u00e4lit\u00e4mme ymp\u00e4rill\u00e4mme olevasta ymp\u00e4rist\u00f6st\u00e4:<\/h3>\n<ul>\n<li>90% teollisuusj\u00e4tteest\u00e4mme kierr\u00e4tet\u00e4\u00e4n.<\/li>\n<li>K\u00e4yt\u00e4mme mieluummin teknologia, jolla on pienempi ymp\u00e4rist\u00f6vaikutus.<\/li>\n<li>Toimimme energiatehokkaassa tuotantolaitoksessa.<\/li>\n<li>Tarkastamme optimaalista s\u00e4hk\u00f6n ja paperin kulutusta tuotantoprosesseissa.<\/li>\n<li>Joka kev\u00e4t istutamme mets\u00e4\u00e4 kest\u00e4v\u00e4n mets\u00e4nhoidon tukemiseksi.<\/li>\n<\/ul>\n<\/div><div class=\"fusion-sep-clear\"><\/div><div class=\"fusion-separator fusion-full-width-sep sep-none\" style=\"margin-left: auto;margin-right: auto;margin-top:20px;\"><\/div><div class=\"fusion-clearfix\"><\/div>\n\n\t\t\t\t\t<\/div>\n\t\t\t\t<\/div><div  class=\"fusion-layout-column fusion_builder_column fusion_builder_column_1_1 fusion-builder-column-2 fusion-one-full fusion-column-first fusion-column-last 1_1\"  style='margin-top:0px;margin-bottom:0px;'>\n\t\t\t\t\t<div class=\"fusion-column-wrapper\" style=\"padding: 0px 0px 0px 0px;background-position:left top;background-repeat:no-repeat;-webkit-background-size:cover;-moz-background-size:cover;-o-background-size:cover;background-size:cover;\"   data-bg-url=\"\">\n\t\t\t\t\t\t<div class=\"fusion-text\"><h2>TODISTUKSET:<\/h2>\n<\/div><div class=\"fusion-text\"><p><strong>ISO 9001 standardin mukainen sertifikaatti<\/strong> vahvistaa, ett\u00e4 laadunhallintastandardimme t\u00e4ytt\u00e4v\u00e4t kansainv\u00e4liset vaatimukset. Panostamme jatkuvasti ty\u00f6prosessien parantamiseen yhti\u00f6n tuotantokyvyn ja ymp\u00e4rist\u00f6n kest\u00e4vyyden lis\u00e4\u00e4miseksi.<\/p>\n<p><strong>ISO 14001 sertifikaatti<\/strong><strong>\u00a0<\/strong>&#8211; tavaroiden tuotannon ja jakelun aikana ymp\u00e4rist\u00f6vaikutukset suunnitellaan ja valvotaan. T\u00e4m\u00e4 ilmenee raaka-aineiden kulutuksessa, energial\u00e4hteiden valinnassa ja k\u00e4yt\u00f6ss\u00e4, teknologian soveltamisessa, p\u00e4\u00e4st\u00f6jen ja teollisuusj\u00e4tteiden k\u00e4sittelyss\u00e4 sek\u00e4 tuotteiden kuljetuksessa.<\/p>\n<p><a href=\"https:\/\/fsc.org\/en\"><strong>FSC toimitusketjun sertifikaatti<\/strong><\/a> tukee maailman metsien vastuullista hallintaa. FSC toimitusketjun sertifikaatilla merkitty tuote on per\u00e4isin hyvin hoidetuista metsist\u00e4, jotka tarjoavat ymp\u00e4rist\u00f6llisi\u00e4, sosiaalisia ja taloudellisia etuja.<\/p>\n<p>T\u00e4yt\u00e4mme FSC:n perusty\u00f6voimavaatimuksia:<\/p>\n<ul>\n<li>Lapsity\u00f6voiman k\u00e4ytt\u00f6 poissulkeminen<\/li>\n<li>Pakkoty\u00f6n ja pakollisen ty\u00f6n poissulkeminen<\/li>\n<li>Ty\u00f6ss\u00e4 ja ammatissa tapahtuvan syrjinn\u00e4n poissulkeminen<\/li>\n<li>Yhdistymisvapaus ja oikeus ty\u00f6ehtosopimusneuvotteluihin<\/li>\n<\/ul>\n<\/div><div class=\"fusion-clearfix\"><\/div>\n\n\t\t\t\t\t<\/div>\n\t\t\t\t<\/div><div  class=\"fusion-layout-column fusion_builder_column fusion_builder_column_1_3 fusion-builder-column-3 fusion-one-third fusion-column-first 1_3\"  style='margin-top:0px;margin-bottom:20px;width:33.33%;width:calc(33.33% - ( ( 4% ) * 0.3333 ) );margin-right: 4%;'>\n\t\t\t\t\t<div class=\"fusion-column-wrapper\" style=\"padding: 0px 0px 0px 0px;background-position:left top;background-repeat:no-repeat;-webkit-background-size:cover;-moz-background-size:cover;-o-background-size:cover;background-size:cover;\"   data-bg-url=\"\">\n\t\t\t\t\t\t<span class=\"fusion-imageframe imageframe-none imageframe-1 hover-type-none\"><img decoding=\"async\" src=\"https:\/\/www.printon.ee\/wp-content\/uploads\/2023\/02\/BMC_ISO-9001-14001_png-300x235.png\" width=\"300\" height=\"235\" alt=\"\" title=\"\" class=\"img-responsive wp-image-25671\" srcset=\"https:\/\/www.printon.ee\/wp-content\/uploads\/2023\/02\/BMC_ISO-9001-14001_png-200x157.png 200w, https:\/\/www.printon.ee\/wp-content\/uploads\/2023\/02\/BMC_ISO-9001-14001_png-400x314.png 400w, https:\/\/www.printon.ee\/wp-content\/uploads\/2023\/02\/BMC_ISO-9001-14001_png-600x470.png 600w, https:\/\/www.printon.ee\/wp-content\/uploads\/2023\/02\/BMC_ISO-9001-14001_png-800x627.png 800w, https:\/\/www.printon.ee\/wp-content\/uploads\/2023\/02\/BMC_ISO-9001-14001_png-1200x941.png 1200w\" sizes=\"(max-width: 800px) 100vw, 300px\" \/><\/span><div class=\"fusion-clearfix\"><\/div>\n\n\t\t\t\t\t<\/div>\n\t\t\t\t<\/div><div  class=\"fusion-layout-column fusion_builder_column fusion_builder_column_1_3 fusion-builder-column-4 fusion-one-third fusion-column-last 1_3\"  style='margin-top:0px;margin-bottom:20px;width:33.33%;width:calc(33.33% - ( ( 4% ) * 0.3333 ) );'>\n\t\t\t\t\t<div class=\"fusion-column-wrapper\" style=\"padding: 0px 0px 0px 0px;background-position:left top;background-repeat:no-repeat;-webkit-background-size:cover;-moz-background-size:cover;-o-background-size:cover;background-size:cover;\"   data-bg-url=\"\">\n\t\t\t\t\t\t<span class=\"fusion-imageframe imageframe-none imageframe-2 hover-type-none\"><img decoding=\"async\" src=\"https:\/\/www.printon.ee\/wp-content\/uploads\/2023\/05\/FSC-FIN-300x212.gif\" width=\"300\" height=\"212\" alt=\"\" title=\"FSC FIN\" class=\"img-responsive wp-image-25920\" srcset=\"https:\/\/www.printon.ee\/wp-content\/uploads\/2023\/05\/FSC-FIN-200x141.gif 200w, https:\/\/www.printon.ee\/wp-content\/uploads\/2023\/05\/FSC-FIN-400x283.gif 400w, https:\/\/www.printon.ee\/wp-content\/uploads\/2023\/05\/FSC-FIN-600x424.gif 600w, https:\/\/www.printon.ee\/wp-content\/uploads\/2023\/05\/FSC-FIN-800x565.gif 800w\" sizes=\"(max-width: 800px) 100vw, 300px\" \/><\/span><div class=\"fusion-clearfix\"><\/div>\n\n\t\t\t\t\t<\/div>\n\t\t\t\t<\/div><div  class=\"fusion-layout-column fusion_builder_column fusion_builder_column_1_1 fusion-builder-column-5 fusion-one-full fusion-column-first fusion-column-last 1_1\"  style='margin-top:0px;margin-bottom:0px;'>\n\t\t\t\t\t<div class=\"fusion-column-wrapper\" style=\"padding: 0px 0px 0px 0px;background-position:left top;background-repeat:no-repeat;-webkit-background-size:cover;-moz-background-size:cover;-o-background-size:cover;background-size:cover;\"   data-bg-url=\"\">\n\t\t\t\t\t\t<div class=\"fusion-sep-clear\"><\/div><div class=\"fusion-separator fusion-full-width-sep sep-none\" style=\"margin-left: auto;margin-right: auto;margin-top:20px;\"><\/div><div class=\"fusion-text\"><h2>J\u00e4senyys: Viron Paino- ja Pakkausteollisuuden J\u00e4rjest\u00f6.<\/h2>\n<\/div><div class=\"fusion-clearfix\"><\/div>\n\n\t\t\t\t\t<\/div>\n\t\t\t\t<\/div><\/div><\/div><div class=\"fusion-fullwidth fullwidth-box nonhundred-percent-fullwidth non-hundred-percent-height-scrolling\"  style='background-color: rgba(255,255,255,0);background-position: center center;background-repeat: no-repeat;padding-top:0px;padding-right:0px;padding-bottom:0px;padding-left:0px;'><div class=\"fusion-builder-row fusion-row \"><div  class=\"fusion-layout-column fusion_builder_column fusion_builder_column_1_1 fusion-builder-column-6 fusion-one-full fusion-column-first fusion-column-last 1_1\"  style='margin-top:0px;margin-bottom:20px;'>\n\t\t\t\t\t<div class=\"fusion-column-wrapper\" style=\"padding: 0px 0px 0px 0px;background-position:left top;background-repeat:no-repeat;-webkit-background-size:cover;-moz-background-size:cover;-o-background-size:cover;background-size:cover;\"   data-bg-url=\"\">\n\t\t\t\t\t\t<div class=\"fusion-sep-clear\"><\/div><div class=\"fusion-separator fusion-full-width-sep sep-single sep-solid\" style=\"border-color:#eeeeee;border-top-width:2px;margin-left: auto;margin-right: auto;margin-top:10px;margin-bottom:20px;\"><\/div><div class=\"fusion-text\"><h5>Lue lis\u00e4\u00e4 Printonista ty\u00f6nantajana<\/h5>\n<\/div><div class=\"fusion-button-wrapper\"><style type=\"text\/css\" scoped=\"scoped\">.fusion-button.button-1 .fusion-button-text, .fusion-button.button-1 i {color:#ffffff;}.fusion-button.button-1 {border-width:1px;border-color:#ffffff;}.fusion-button.button-1 .fusion-button-icon-divider{border-color:#ffffff;}.fusion-button.button-1:hover .fusion-button-text, .fusion-button.button-1:hover i,.fusion-button.button-1:focus .fusion-button-text, .fusion-button.button-1:focus i,.fusion-button.button-1:active .fusion-button-text, .fusion-button.button-1:active{color:#ffffff;}.fusion-button.button-1:hover, .fusion-button.button-1:focus, .fusion-button.button-1:active{border-width:1px;border-color:#ffffff;}.fusion-button.button-1:hover .fusion-button-icon-divider, .fusion-button.button-1:hover .fusion-button-icon-divider, .fusion-button.button-1:active .fusion-button-icon-divider{border-color:#ffffff;}.fusion-button.button-1{width:auto;}<\/style><a class=\"fusion-button button-flat fusion-button-round button-large button-default button-1\" target=\"_self\" href=\"https:\/\/printon.ee\/fi\/ettevottest\/vabad-tookohad\/\"><span class=\"fusion-button-text\">Lue lis\u00e4\u00e4<\/span><\/a><\/div><div class=\"fusion-clearfix\"><\/div>\n\n\t\t\t\t\t<\/div>\n\t\t\t\t<\/div><\/div><\/div><\/p>\n","protected":false},"excerpt":{"rendered":"","protected":false},"author":9,"featured_media":0,"parent":22655,"menu_order":0,"comment_status":"closed","ping_status":"closed","template":"","meta":{"footnotes":""},"class_list":["post-22675","page","type-page","status-publish","hentry"],"yoast_head":"<!-- This site is optimized with the Yoast SEO plugin v26.8 - https:\/\/yoast.com\/product\/yoast-seo-wordpress\/ -->\n<title>Ymp\u00e4rist\u00f6 - painotalo Tallinnassa - AS Printon<\/title>\n<meta name=\"description\" content=\"Ymp\u00e4rist\u00f6 politiikka Printonissa: 90% teollisuusj\u00e4tteest\u00e4mme kierr\u00e4tet\u00e4\u00e4n.Toimimme energiatehokkaassa tuotantolaitoksessa. Katso lis\u00e4\u00e4 kotisivultamme!\" \/>\n<meta name=\"robots\" content=\"index, follow, max-snippet:-1, max-image-preview:large, max-video-preview:-1\" \/>\n<link rel=\"canonical\" href=\"https:\/\/www.printon.ee\/fi\/ettevottest\/keskkond\/\" \/>\n<meta property=\"og:locale\" content=\"fi_FI\" \/>\n<meta property=\"og:type\" content=\"article\" \/>\n<meta property=\"og:title\" content=\"Ymp\u00e4rist\u00f6 - painotalo Tallinnassa - AS Printon\" \/>\n<meta property=\"og:description\" content=\"Ymp\u00e4rist\u00f6 politiikka Printonissa: 90% teollisuusj\u00e4tteest\u00e4mme kierr\u00e4tet\u00e4\u00e4n.Toimimme energiatehokkaassa tuotantolaitoksessa. Katso lis\u00e4\u00e4 kotisivultamme!\" \/>\n<meta property=\"og:url\" content=\"https:\/\/www.printon.ee\/fi\/ettevottest\/keskkond\/\" \/>\n<meta property=\"og:site_name\" content=\"AS Printon\" \/>\n<meta property=\"article:modified_time\" content=\"2023-05-18T10:56:14+00:00\" \/>\n<meta name=\"twitter:card\" content=\"summary_large_image\" \/>\n<meta name=\"twitter:label1\" content=\"Arvioitu lukuaika\" \/>\n\t<meta name=\"twitter:data1\" content=\"4 minuuttia\" \/>\n<script type=\"application\/ld+json\" class=\"yoast-schema-graph\">{\"@context\":\"https:\/\/schema.org\",\"@graph\":[{\"@type\":\"WebPage\",\"@id\":\"https:\/\/www.printon.ee\/fi\/ettevottest\/keskkond\/\",\"url\":\"https:\/\/www.printon.ee\/fi\/ettevottest\/keskkond\/\",\"name\":\"Ymp\u00e4rist\u00f6 - painotalo Tallinnassa - AS Printon\",\"isPartOf\":{\"@id\":\"https:\/\/www.printon.ee\/#website\"},\"datePublished\":\"2019-02-20T13:48:16+00:00\",\"dateModified\":\"2023-05-18T10:56:14+00:00\",\"description\":\"Ymp\u00e4rist\u00f6 politiikka Printonissa: 90% teollisuusj\u00e4tteest\u00e4mme kierr\u00e4tet\u00e4\u00e4n.Toimimme energiatehokkaassa tuotantolaitoksessa. Katso lis\u00e4\u00e4 kotisivultamme!\",\"breadcrumb\":{\"@id\":\"https:\/\/www.printon.ee\/fi\/ettevottest\/keskkond\/#breadcrumb\"},\"inLanguage\":\"fi\",\"potentialAction\":[{\"@type\":\"ReadAction\",\"target\":[\"https:\/\/www.printon.ee\/fi\/ettevottest\/keskkond\/\"]}]},{\"@type\":\"BreadcrumbList\",\"@id\":\"https:\/\/www.printon.ee\/fi\/ettevottest\/keskkond\/#breadcrumb\",\"itemListElement\":[{\"@type\":\"ListItem\",\"position\":1,\"name\":\"Home\",\"item\":\"https:\/\/www.printon.ee\/fi\/\"},{\"@type\":\"ListItem\",\"position\":2,\"name\":\"Yhti\u00f6st\u00e4\",\"item\":\"https:\/\/www.printon.ee\/fi\/ettevottest\/\"},{\"@type\":\"ListItem\",\"position\":3,\"name\":\"Ymp\u00e4rist\u00f6\"}]},{\"@type\":\"WebSite\",\"@id\":\"https:\/\/www.printon.ee\/#website\",\"url\":\"https:\/\/www.printon.ee\/\",\"name\":\"AS Printon\",\"description\":\"Raamatud, bros\u00fc\u00fcrid, kataloogid, kalendrid\",\"potentialAction\":[{\"@type\":\"SearchAction\",\"target\":{\"@type\":\"EntryPoint\",\"urlTemplate\":\"https:\/\/www.printon.ee\/?s={search_term_string}\"},\"query-input\":{\"@type\":\"PropertyValueSpecification\",\"valueRequired\":true,\"valueName\":\"search_term_string\"}}],\"inLanguage\":\"fi\"}]}<\/script>\n<!-- \/ Yoast SEO plugin. -->","yoast_head_json":{"title":"Ymp\u00e4rist\u00f6 - painotalo Tallinnassa - AS Printon","description":"Ymp\u00e4rist\u00f6 politiikka Printonissa: 90% teollisuusj\u00e4tteest\u00e4mme kierr\u00e4tet\u00e4\u00e4n.Toimimme energiatehokkaassa tuotantolaitoksessa. Katso lis\u00e4\u00e4 kotisivultamme!","robots":{"index":"index","follow":"follow","max-snippet":"max-snippet:-1","max-image-preview":"max-image-preview:large","max-video-preview":"max-video-preview:-1"},"canonical":"https:\/\/www.printon.ee\/fi\/ettevottest\/keskkond\/","og_locale":"fi_FI","og_type":"article","og_title":"Ymp\u00e4rist\u00f6 - painotalo Tallinnassa - AS Printon","og_description":"Ymp\u00e4rist\u00f6 politiikka Printonissa: 90% teollisuusj\u00e4tteest\u00e4mme kierr\u00e4tet\u00e4\u00e4n.Toimimme energiatehokkaassa tuotantolaitoksessa. Katso lis\u00e4\u00e4 kotisivultamme!","og_url":"https:\/\/www.printon.ee\/fi\/ettevottest\/keskkond\/","og_site_name":"AS Printon","article_modified_time":"2023-05-18T10:56:14+00:00","twitter_card":"summary_large_image","twitter_misc":{"Arvioitu lukuaika":"4 minuuttia"},"schema":{"@context":"https:\/\/schema.org","@graph":[{"@type":"WebPage","@id":"https:\/\/www.printon.ee\/fi\/ettevottest\/keskkond\/","url":"https:\/\/www.printon.ee\/fi\/ettevottest\/keskkond\/","name":"Ymp\u00e4rist\u00f6 - painotalo Tallinnassa - AS Printon","isPartOf":{"@id":"https:\/\/www.printon.ee\/#website"},"datePublished":"2019-02-20T13:48:16+00:00","dateModified":"2023-05-18T10:56:14+00:00","description":"Ymp\u00e4rist\u00f6 politiikka Printonissa: 90% teollisuusj\u00e4tteest\u00e4mme kierr\u00e4tet\u00e4\u00e4n.Toimimme energiatehokkaassa tuotantolaitoksessa. Katso lis\u00e4\u00e4 kotisivultamme!","breadcrumb":{"@id":"https:\/\/www.printon.ee\/fi\/ettevottest\/keskkond\/#breadcrumb"},"inLanguage":"fi","potentialAction":[{"@type":"ReadAction","target":["https:\/\/www.printon.ee\/fi\/ettevottest\/keskkond\/"]}]},{"@type":"BreadcrumbList","@id":"https:\/\/www.printon.ee\/fi\/ettevottest\/keskkond\/#breadcrumb","itemListElement":[{"@type":"ListItem","position":1,"name":"Home","item":"https:\/\/www.printon.ee\/fi\/"},{"@type":"ListItem","position":2,"name":"Yhti\u00f6st\u00e4","item":"https:\/\/www.printon.ee\/fi\/ettevottest\/"},{"@type":"ListItem","position":3,"name":"Ymp\u00e4rist\u00f6"}]},{"@type":"WebSite","@id":"https:\/\/www.printon.ee\/#website","url":"https:\/\/www.printon.ee\/","name":"AS Printon","description":"Raamatud, bros\u00fc\u00fcrid, kataloogid, kalendrid","potentialAction":[{"@type":"SearchAction","target":{"@type":"EntryPoint","urlTemplate":"https:\/\/www.printon.ee\/?s={search_term_string}"},"query-input":{"@type":"PropertyValueSpecification","valueRequired":true,"valueName":"search_term_string"}}],"inLanguage":"fi"}]}},"_links":{"self":[{"href":"https:\/\/www.printon.ee\/fi\/wp-json\/wp\/v2\/pages\/22675","targetHints":{"allow":["GET"]}}],"collection":[{"href":"https:\/\/www.printon.ee\/fi\/wp-json\/wp\/v2\/pages"}],"about":[{"href":"https:\/\/www.printon.ee\/fi\/wp-json\/wp\/v2\/types\/page"}],"author":[{"embeddable":true,"href":"https:\/\/www.printon.ee\/fi\/wp-json\/wp\/v2\/users\/9"}],"replies":[{"embeddable":true,"href":"https:\/\/www.printon.ee\/fi\/wp-json\/wp\/v2\/comments?post=22675"}],"version-history":[{"count":0,"href":"https:\/\/www.printon.ee\/fi\/wp-json\/wp\/v2\/pages\/22675\/revisions"}],"up":[{"embeddable":true,"href":"https:\/\/www.printon.ee\/fi\/wp-json\/wp\/v2\/pages\/22655"}],"wp:attachment":[{"href":"https:\/\/www.printon.ee\/fi\/wp-json\/wp\/v2\/media?parent=22675"}],"curies":[{"name":"wp","href":"https:\/\/api.w.org\/{rel}","templated":true}]}}