{"id":22690,"date":"2019-02-21T11:31:41","date_gmt":"2019-02-21T09:31:41","guid":{"rendered":"http:\/\/printon.veebispetsid.com\/tooted\/raamatud\/"},"modified":"2019-08-30T16:16:31","modified_gmt":"2019-08-30T13:16:31","slug":"raamatud","status":"publish","type":"page","link":"https:\/\/www.printon.ee\/fi\/tooted\/raamatud\/","title":{"rendered":"Kirjat"},"content":{"rendered":"<p><div class=\"fusion-fullwidth fullwidth-box nonhundred-percent-fullwidth non-hundred-percent-height-scrolling\"  style='background-color: rgba(255,255,255,0);background-position: center center;background-repeat: no-repeat;padding-top:0px;padding-right:0px;padding-bottom:0px;padding-left:0px;'><div class=\"fusion-builder-row fusion-row \"><div  class=\"fusion-layout-column fusion_builder_column fusion_builder_column_1_1 fusion-builder-column-1 fusion-one-full fusion-column-first fusion-column-last 1_1\"  style='margin-top:0px;margin-bottom:20px;'>\n\t\t\t\t\t<div class=\"fusion-column-wrapper\" style=\"padding: 0px 0px 0px 0px;background-position:left top;background-repeat:no-repeat;-webkit-background-size:cover;-moz-background-size:cover;-o-background-size:cover;background-size:cover;\"   data-bg-url=\"\">\n\t\t\t\t\t\t<div class=\"fusion-text\"><h3><img decoding=\"async\" class=\"aligncenter wp-image-20612\" src=\"https:\/\/printon.ee\/wp-content\/uploads\/2019\/02\/Cover-hard-cover-150x150.png\" alt=\"\" width=\"70\" height=\"70\" srcset=\"https:\/\/www.printon.ee\/wp-content\/uploads\/2019\/02\/Cover-hard-cover-66x66.png 66w, https:\/\/www.printon.ee\/wp-content\/uploads\/2019\/02\/Cover-hard-cover-150x150.png 150w, https:\/\/www.printon.ee\/wp-content\/uploads\/2019\/02\/Cover-hard-cover-200x200.png 200w, https:\/\/www.printon.ee\/wp-content\/uploads\/2019\/02\/Cover-hard-cover-300x300.png 300w, https:\/\/www.printon.ee\/wp-content\/uploads\/2019\/02\/Cover-hard-cover-400x400.png 400w, https:\/\/www.printon.ee\/wp-content\/uploads\/2019\/02\/Cover-hard-cover.png 500w\" sizes=\"(max-width: 70px) 100vw, 70px\" \/><\/h3>\n<h3 style=\"text-align: center;\">Kovakantinen kirja<\/h3>\n<p>Kovakantinen kirja on arvokas ja suunniteltu kest\u00e4m\u00e4\u00e4n vuosia. Yleens\u00e4 valitaan kovakantisen kirjan paperin laatu ja v\u00e4rit eritt\u00e4in huolellisesti harmonisen lopputuloksen varmistamiseksi.<br \/>\nOikein valittu sidontatekniikka parantaa kirjan kest\u00e4vyytt\u00e4.<br \/>\nKirjan kannen suunnittelu saavutetaan mahdollisimman tehokkaasti eri j\u00e4lkik\u00e4sittelymenetelmi\u00e4 k\u00e4ytt\u00e4m\u00e4ll\u00e4. Laminointi ja lakkaus nostavat sietokyky\u00e4, foliopaino tai kohopainatus tarjoavat visuaalista kauneutta.<br \/>\nKovakantisen kirjan ajaton tyyli ja hienostuneisuus soveltuu kaunokirjallisuuden lis\u00e4ksi erinomaisesti my\u00f6s taide-, keitto- ja vuosikirjoille tai henkil\u00f6kohtaisille muistikirjoille.<\/p>\n<h5>Vaihtoehdot:<\/h5>\n<p><strong>Kansien materiaali:<\/strong> kangas, keinonahka jne.<\/p>\n<ul>\n<li>Foliopaino<\/li>\n<li>Kohopainatus<\/li>\n<li>Kohde UV-lakkaus (kiilt\u00e4v\u00e4, matta, teksturoitu)<\/li>\n<li>Laminointi (kiilt\u00e4v\u00e4, matta, soft-touch, teksturoitu)<\/li>\n<li>K\u00e4\u00e4repaperi<\/li>\n<li>Stanssaus<\/li>\n<\/ul>\n<p><strong>Lis\u00e4tarvikkeet:<\/strong> p\u00f6lytaskut, tarrat, v\u00e4rillisest\u00e4 kankaasta merkkinauha jne.<br \/>\n<strong>Painatus:<\/strong> CMYK.<\/p>\n<\/div><style type=\"text\/css\" scoped=\"scoped\">.fusion-gallery-1 .fusion-gallery-image {border:0px solid #f6f6f6;}<\/style><div class=\"fusion-gallery fusion-gallery-container fusion-grid-3 fusion-columns-total-0 fusion-gallery-layout-grid fusion-gallery-1\" style=\"margin:-5px;\"><div style=\"padding:5px;\" class=\"fusion-grid-column fusion-gallery-column fusion-gallery-column-3 hover-type-zoomin\"><div class=\"fusion-gallery-image\"><a href=\"https:\/\/www.printon.ee\/wp-content\/uploads\/2019\/06\/T\u00e4hk\u00e4_hardcover_book.jpg\" data-rel=\"iLightbox[gallery_image_1]\" class=\"fusion-lightbox\" target=\"_self\"><img decoding=\"async\" src=\"https:\/\/www.printon.ee\/wp-content\/uploads\/2019\/06\/T\u00e4hk\u00e4_hardcover_book-460x295.jpg\" width=\"460\" height=\"295\" alt=\"\" title=\"T\u00e4hk\u00e4_hardcover_book\" aria-label=\"T\u00e4hk\u00e4_hardcover_book\" class=\"img-responsive wp-image-21934 fusion-gallery-image-size-fixed\" \/><\/a><\/div><\/div><div style=\"padding:5px;\" class=\"fusion-grid-column fusion-gallery-column fusion-gallery-column-3 hover-type-zoomin\"><div class=\"fusion-gallery-image\"><a href=\"https:\/\/www.printon.ee\/wp-content\/uploads\/2019\/06\/l\u00e4ikiv-laminaat_.jpg\" data-rel=\"iLightbox[gallery_image_1]\" class=\"fusion-lightbox\" target=\"_self\"><img decoding=\"async\" src=\"https:\/\/www.printon.ee\/wp-content\/uploads\/2019\/06\/l\u00e4ikiv-laminaat_-460x295.jpg\" width=\"460\" height=\"295\" alt=\"\" title=\"l\u00e4ikiv laminaat_\" aria-label=\"l\u00e4ikiv laminaat_\" class=\"img-responsive wp-image-21512 fusion-gallery-image-size-fixed\" \/><\/a><\/div><\/div><div style=\"padding:5px;\" class=\"fusion-grid-column fusion-gallery-column fusion-gallery-column-3 hover-type-zoomin\"><div class=\"fusion-gallery-image\"><a href=\"https:\/\/www.printon.ee\/wp-content\/uploads\/2019\/06\/Hardcover_book_lauri_t\u00e4hk\u00e4.jpg\" data-rel=\"iLightbox[gallery_image_1]\" class=\"fusion-lightbox\" target=\"_self\"><img decoding=\"async\" src=\"https:\/\/www.printon.ee\/wp-content\/uploads\/2019\/06\/Hardcover_book_lauri_t\u00e4hk\u00e4-460x295.jpg\" width=\"460\" height=\"295\" alt=\"\" title=\"Hardcover_book_lauri_t\u00e4hk\u00e4\" aria-label=\"Hardcover_book_lauri_t\u00e4hk\u00e4\" class=\"img-responsive wp-image-21864 fusion-gallery-image-size-fixed\" \/><\/a><\/div><\/div><div class=\"clearfix\"><\/div><\/div><div class=\"fusion-clearfix\"><\/div>\n\n\t\t\t\t\t<\/div>\n\t\t\t\t<\/div><div  class=\"fusion-layout-column fusion_builder_column fusion_builder_column_1_1 fusion-builder-column-2 fusion-one-full fusion-column-first fusion-column-last 1_1\"  style='margin-top:0px;margin-bottom:20px;'>\n\t\t\t\t\t<div class=\"fusion-column-wrapper\" style=\"padding: 0px 0px 0px 0px;background-position:left top;background-repeat:no-repeat;-webkit-background-size:cover;-moz-background-size:cover;-o-background-size:cover;background-size:cover;\"   data-bg-url=\"\">\n\t\t\t\t\t\t<div class=\"fusion-text\"><p><img decoding=\"async\" class=\"aligncenter wp-image-20609\" src=\"https:\/\/printon.ee\/wp-content\/uploads\/2019\/02\/Cover-soft-cover-150x150.png\" alt=\"\" width=\"70\" height=\"70\" srcset=\"https:\/\/www.printon.ee\/wp-content\/uploads\/2019\/02\/Cover-soft-cover-66x66.png 66w, https:\/\/www.printon.ee\/wp-content\/uploads\/2019\/02\/Cover-soft-cover-150x150.png 150w, https:\/\/www.printon.ee\/wp-content\/uploads\/2019\/02\/Cover-soft-cover-200x200.png 200w, https:\/\/www.printon.ee\/wp-content\/uploads\/2019\/02\/Cover-soft-cover-300x300.png 300w, https:\/\/www.printon.ee\/wp-content\/uploads\/2019\/02\/Cover-soft-cover-400x400.png 400w, https:\/\/www.printon.ee\/wp-content\/uploads\/2019\/02\/Cover-soft-cover.png 500w\" sizes=\"(max-width: 70px) 100vw, 70px\" \/><\/p>\n<h3 style=\"text-align: center;\">Pehme\u00e4kantiset kirjat<\/h3>\n<p>Pehme\u00e4kantisen kirjan t\u00e4rkeimm\u00e4t edut ovat yleens\u00e4 halvempi hinta ja nopeampi valmistumisaika. Pehme\u00e4kantinen kirja voidaan sitoa langalla tai liimalla. Ohuempien julkaisujen varten ovat sopivia hakasidonta ja wire-o sidos.<br \/>\nKannen materiaali voi olla vahvempi kuin sis\u00e4lt\u00f6paperi (antaa paremman kest\u00e4vyyden), mutta kustannuss\u00e4\u00e4st\u00f6j\u00e4 varten voi kansi my\u00f6s olla yht\u00e4 paksu kuin sis\u00e4inen paperi. Kest\u00e4vyyden tai tuotteen houkuttelevuuden lis\u00e4\u00e4miseksi suosittelemme vesilakkausta, foliopainoa, stanssausta ja eri laminaatteja.<\/p>\n<h5>Vaihtoehdot:<\/h5>\n<p><strong>Sidonta<\/strong><\/p>\n<ul>\n<li>Pehme\u00e4kansinen liimasidonta<\/li>\n<li>Pehme\u00e4kansinen ommeltu liimasidonta<\/li>\n<li>Pehme\u00e4kansinen ommeltu liimasidonta liepeill\u00e4<\/li>\n<li>Avoin selk\u00e4 tai open spine<\/li>\n<li>Otabind<\/li>\n<li>Sveitsin esite<\/li>\n<\/ul>\n<p><strong>J\u00e4lkik\u00e4sittely<\/strong><\/p>\n<ul>\n<li>Foliopaino<\/li>\n<li>Kohopainatus<\/li>\n<li>Kohde UV-lakkaus (kiilt\u00e4v\u00e4, matta, teksturoitu)<\/li>\n<li>Laminointi (kiilt\u00e4v\u00e4, matta, soft-touch, teksturoitu)<\/li>\n<li>K\u00e4\u00e4repaperi<\/li>\n<li>Stanssaus<\/li>\n<\/ul>\n<p><strong>Painatus:<\/strong> CMYK.<\/p>\n<\/div><style type=\"text\/css\" scoped=\"scoped\">.fusion-gallery-2 .fusion-gallery-image {border:0px solid #f6f6f6;}<\/style><div class=\"fusion-gallery fusion-gallery-container fusion-grid-3 fusion-columns-total-0 fusion-gallery-layout-grid fusion-gallery-2\" style=\"margin:-5px;\"><div style=\"padding:5px;\" class=\"fusion-grid-column fusion-gallery-column fusion-gallery-column-3 hover-type-zoomin\"><div class=\"fusion-gallery-image\"><a href=\"https:\/\/www.printon.ee\/wp-content\/uploads\/2019\/06\/Cress_soft_cover_book_embossing.jpg\" data-rel=\"iLightbox[gallery_image_2]\" class=\"fusion-lightbox\" target=\"_self\"><img decoding=\"async\" src=\"https:\/\/www.printon.ee\/wp-content\/uploads\/2019\/06\/Cress_soft_cover_book_embossing-460x295.jpg\" width=\"460\" height=\"295\" alt=\"\" title=\"Cress_soft_cover_book_embossing\" aria-label=\"Cress_soft_cover_book_embossing\" class=\"img-responsive wp-image-21859 fusion-gallery-image-size-fixed\" \/><\/a><\/div><\/div><div style=\"padding:5px;\" class=\"fusion-grid-column fusion-gallery-column fusion-gallery-column-3 hover-type-zoomin\"><div class=\"fusion-gallery-image\"><a href=\"https:\/\/www.printon.ee\/wp-content\/uploads\/2019\/06\/Lakkadega-kaaned-2_.jpg\" data-rel=\"iLightbox[gallery_image_2]\" class=\"fusion-lightbox\" target=\"_self\"><img decoding=\"async\" src=\"https:\/\/www.printon.ee\/wp-content\/uploads\/2019\/06\/Lakkadega-kaaned-2_-460x295.jpg\" width=\"460\" height=\"295\" alt=\"\" title=\"Lakkadega kaaned 2_\" aria-label=\"Lakkadega kaaned 2_\" class=\"img-responsive wp-image-21395 fusion-gallery-image-size-fixed\" \/><\/a><\/div><\/div><div style=\"padding:5px;\" class=\"fusion-grid-column fusion-gallery-column fusion-gallery-column-3 hover-type-zoomin\"><div class=\"fusion-gallery-image\"><a href=\"https:\/\/www.printon.ee\/wp-content\/uploads\/2019\/06\/Glitterlakk.jpg\" data-rel=\"iLightbox[gallery_image_2]\" class=\"fusion-lightbox\" target=\"_self\"><img decoding=\"async\" src=\"https:\/\/www.printon.ee\/wp-content\/uploads\/2019\/06\/Glitterlakk-460x295.jpg\" width=\"460\" height=\"295\" alt=\"\" title=\"Glitterlakk\" aria-label=\"Glitterlakk\" class=\"img-responsive wp-image-21487 fusion-gallery-image-size-fixed\" \/><\/a><\/div><\/div><div class=\"clearfix\"><\/div><\/div><div class=\"fusion-clearfix\"><\/div>\n\n\t\t\t\t\t<\/div>\n\t\t\t\t<\/div><\/div><\/div><div class=\"fusion-fullwidth fullwidth-box nonhundred-percent-fullwidth non-hundred-percent-height-scrolling\"  style='background-color: rgba(255,255,255,0);background-position: center center;background-repeat: no-repeat;padding-top:0px;padding-right:0px;padding-bottom:0px;padding-left:0px;'><div class=\"fusion-builder-row fusion-row \"><div  class=\"fusion-layout-column fusion_builder_column fusion_builder_column_1_1 fusion-builder-column-3 fusion-one-full fusion-column-first fusion-column-last 1_1\"  style='margin-top:0px;margin-bottom:20px;'>\n\t\t\t\t\t<div class=\"fusion-column-wrapper\" style=\"padding: 0px 0px 0px 0px;background-position:left top;background-repeat:no-repeat;-webkit-background-size:cover;-moz-background-size:cover;-o-background-size:cover;background-size:cover;\"   data-bg-url=\"\">\n\t\t\t\t\t\t<div class=\"fusion-sep-clear\"><\/div><div class=\"fusion-separator fusion-full-width-sep sep-single sep-solid\" style=\"border-color:#eeeeee;border-top-width:2px;margin-left: auto;margin-right: auto;margin-top:10px;margin-bottom:20px;\"><\/div><div class=\"fusion-text\"><h5>L\u00e4het\u00e4 meille toiveesi ja teemme juuri sinulle sopivan tarjouksen!<\/h5>\n<\/div><div class=\"fusion-button-wrapper\"><style type=\"text\/css\" scoped=\"scoped\">.fusion-button.button-1 .fusion-button-text, .fusion-button.button-1 i {color:#ffffff;}.fusion-button.button-1 {border-width:1px;border-color:#ffffff;}.fusion-button.button-1 .fusion-button-icon-divider{border-color:#ffffff;}.fusion-button.button-1:hover .fusion-button-text, .fusion-button.button-1:hover i,.fusion-button.button-1:focus .fusion-button-text, .fusion-button.button-1:focus i,.fusion-button.button-1:active .fusion-button-text, .fusion-button.button-1:active{color:#ffffff;}.fusion-button.button-1:hover, .fusion-button.button-1:focus, .fusion-button.button-1:active{border-width:1px;border-color:#ffffff;}.fusion-button.button-1:hover .fusion-button-icon-divider, .fusion-button.button-1:hover .fusion-button-icon-divider, .fusion-button.button-1:active .fusion-button-icon-divider{border-color:#ffffff;}.fusion-button.button-1{width:auto;}<\/style><a class=\"fusion-button button-flat fusion-button-round button-large button-default button-1\" target=\"_self\" href=\"https:\/\/printon.ee\/fi\/hinnaparing\/\"><span class=\"fusion-button-text\">TARJOUSPYYNT\u00d6<\/span><\/a><\/div><div class=\"fusion-clearfix\"><\/div>\n\n\t\t\t\t\t<\/div>\n\t\t\t\t<\/div><\/div><\/div><\/p>\n","protected":false},"excerpt":{"rendered":"","protected":false},"author":9,"featured_media":0,"parent":22681,"menu_order":0,"comment_status":"closed","ping_status":"closed","template":"","meta":{"footnotes":""},"class_list":["post-22690","page","type-page","status-publish","hentry"],"yoast_head":"<!-- This site is optimized with the Yoast SEO plugin v26.8 - https:\/\/yoast.com\/product\/yoast-seo-wordpress\/ -->\n<title>Kirjojen painatus Tallinnassa - Painotalo Printon AS<\/title>\n<meta name=\"description\" content=\"Kirjojen painatus Tallinnassa. H-UV v\u00e4rit, offset-painatus. Kovakantiset ja pehmekantiset kirjat. L\u00e4het\u00e4 tarjouspyynt\u00f6 printon@printon.ee\" \/>\n<meta name=\"robots\" content=\"index, follow, max-snippet:-1, max-image-preview:large, max-video-preview:-1\" \/>\n<link rel=\"canonical\" href=\"https:\/\/www.printon.ee\/fi\/tooted\/raamatud\/\" \/>\n<meta property=\"og:locale\" content=\"fi_FI\" \/>\n<meta property=\"og:type\" content=\"article\" \/>\n<meta property=\"og:title\" content=\"Kirjojen painatus Tallinnassa - Painotalo Printon AS\" \/>\n<meta property=\"og:description\" content=\"Kirjojen painatus Tallinnassa. H-UV v\u00e4rit, offset-painatus. Kovakantiset ja pehmekantiset kirjat. L\u00e4het\u00e4 tarjouspyynt\u00f6 printon@printon.ee\" \/>\n<meta property=\"og:url\" content=\"https:\/\/www.printon.ee\/fi\/tooted\/raamatud\/\" \/>\n<meta property=\"og:site_name\" content=\"AS Printon\" \/>\n<meta property=\"article:modified_time\" content=\"2019-08-30T13:16:31+00:00\" \/>\n<meta property=\"og:image\" content=\"https:\/\/printon.ee\/wp-content\/uploads\/2019\/02\/Cover-hard-cover-150x150.png\" \/>\n<meta name=\"twitter:card\" content=\"summary_large_image\" \/>\n<meta name=\"twitter:label1\" content=\"Arvioitu lukuaika\" \/>\n\t<meta name=\"twitter:data1\" content=\"5 minuuttia\" \/>\n<script type=\"application\/ld+json\" class=\"yoast-schema-graph\">{\"@context\":\"https:\/\/schema.org\",\"@graph\":[{\"@type\":\"WebPage\",\"@id\":\"https:\/\/www.printon.ee\/fi\/tooted\/raamatud\/\",\"url\":\"https:\/\/www.printon.ee\/fi\/tooted\/raamatud\/\",\"name\":\"Kirjojen painatus Tallinnassa - Painotalo Printon AS\",\"isPartOf\":{\"@id\":\"https:\/\/www.printon.ee\/#website\"},\"primaryImageOfPage\":{\"@id\":\"https:\/\/www.printon.ee\/fi\/tooted\/raamatud\/#primaryimage\"},\"image\":{\"@id\":\"https:\/\/www.printon.ee\/fi\/tooted\/raamatud\/#primaryimage\"},\"thumbnailUrl\":\"https:\/\/printon.ee\/wp-content\/uploads\/2019\/02\/Cover-hard-cover-150x150.png\",\"datePublished\":\"2019-02-21T09:31:41+00:00\",\"dateModified\":\"2019-08-30T13:16:31+00:00\",\"description\":\"Kirjojen painatus Tallinnassa. H-UV v\u00e4rit, offset-painatus. Kovakantiset ja pehmekantiset kirjat. L\u00e4het\u00e4 tarjouspyynt\u00f6 printon@printon.ee\",\"breadcrumb\":{\"@id\":\"https:\/\/www.printon.ee\/fi\/tooted\/raamatud\/#breadcrumb\"},\"inLanguage\":\"fi\",\"potentialAction\":[{\"@type\":\"ReadAction\",\"target\":[\"https:\/\/www.printon.ee\/fi\/tooted\/raamatud\/\"]}]},{\"@type\":\"ImageObject\",\"inLanguage\":\"fi\",\"@id\":\"https:\/\/www.printon.ee\/fi\/tooted\/raamatud\/#primaryimage\",\"url\":\"https:\/\/printon.ee\/wp-content\/uploads\/2019\/02\/Cover-hard-cover-150x150.png\",\"contentUrl\":\"https:\/\/printon.ee\/wp-content\/uploads\/2019\/02\/Cover-hard-cover-150x150.png\"},{\"@type\":\"BreadcrumbList\",\"@id\":\"https:\/\/www.printon.ee\/fi\/tooted\/raamatud\/#breadcrumb\",\"itemListElement\":[{\"@type\":\"ListItem\",\"position\":1,\"name\":\"Home\",\"item\":\"https:\/\/www.printon.ee\/fi\/\"},{\"@type\":\"ListItem\",\"position\":2,\"name\":\"Tuotanto\",\"item\":\"https:\/\/www.printon.ee\/fi\/tooted\/\"},{\"@type\":\"ListItem\",\"position\":3,\"name\":\"Kirjat\"}]},{\"@type\":\"WebSite\",\"@id\":\"https:\/\/www.printon.ee\/#website\",\"url\":\"https:\/\/www.printon.ee\/\",\"name\":\"AS Printon\",\"description\":\"Raamatud, bros\u00fc\u00fcrid, kataloogid, kalendrid\",\"potentialAction\":[{\"@type\":\"SearchAction\",\"target\":{\"@type\":\"EntryPoint\",\"urlTemplate\":\"https:\/\/www.printon.ee\/?s={search_term_string}\"},\"query-input\":{\"@type\":\"PropertyValueSpecification\",\"valueRequired\":true,\"valueName\":\"search_term_string\"}}],\"inLanguage\":\"fi\"}]}<\/script>\n<!-- \/ Yoast SEO plugin. -->","yoast_head_json":{"title":"Kirjojen painatus Tallinnassa - Painotalo Printon AS","description":"Kirjojen painatus Tallinnassa. H-UV v\u00e4rit, offset-painatus. Kovakantiset ja pehmekantiset kirjat. L\u00e4het\u00e4 tarjouspyynt\u00f6 printon@printon.ee","robots":{"index":"index","follow":"follow","max-snippet":"max-snippet:-1","max-image-preview":"max-image-preview:large","max-video-preview":"max-video-preview:-1"},"canonical":"https:\/\/www.printon.ee\/fi\/tooted\/raamatud\/","og_locale":"fi_FI","og_type":"article","og_title":"Kirjojen painatus Tallinnassa - Painotalo Printon AS","og_description":"Kirjojen painatus Tallinnassa. H-UV v\u00e4rit, offset-painatus. Kovakantiset ja pehmekantiset kirjat. L\u00e4het\u00e4 tarjouspyynt\u00f6 printon@printon.ee","og_url":"https:\/\/www.printon.ee\/fi\/tooted\/raamatud\/","og_site_name":"AS Printon","article_modified_time":"2019-08-30T13:16:31+00:00","og_image":[{"url":"https:\/\/printon.ee\/wp-content\/uploads\/2019\/02\/Cover-hard-cover-150x150.png","type":"","width":"","height":""}],"twitter_card":"summary_large_image","twitter_misc":{"Arvioitu lukuaika":"5 minuuttia"},"schema":{"@context":"https:\/\/schema.org","@graph":[{"@type":"WebPage","@id":"https:\/\/www.printon.ee\/fi\/tooted\/raamatud\/","url":"https:\/\/www.printon.ee\/fi\/tooted\/raamatud\/","name":"Kirjojen painatus Tallinnassa - Painotalo Printon AS","isPartOf":{"@id":"https:\/\/www.printon.ee\/#website"},"primaryImageOfPage":{"@id":"https:\/\/www.printon.ee\/fi\/tooted\/raamatud\/#primaryimage"},"image":{"@id":"https:\/\/www.printon.ee\/fi\/tooted\/raamatud\/#primaryimage"},"thumbnailUrl":"https:\/\/printon.ee\/wp-content\/uploads\/2019\/02\/Cover-hard-cover-150x150.png","datePublished":"2019-02-21T09:31:41+00:00","dateModified":"2019-08-30T13:16:31+00:00","description":"Kirjojen painatus Tallinnassa. H-UV v\u00e4rit, offset-painatus. Kovakantiset ja pehmekantiset kirjat. L\u00e4het\u00e4 tarjouspyynt\u00f6 printon@printon.ee","breadcrumb":{"@id":"https:\/\/www.printon.ee\/fi\/tooted\/raamatud\/#breadcrumb"},"inLanguage":"fi","potentialAction":[{"@type":"ReadAction","target":["https:\/\/www.printon.ee\/fi\/tooted\/raamatud\/"]}]},{"@type":"ImageObject","inLanguage":"fi","@id":"https:\/\/www.printon.ee\/fi\/tooted\/raamatud\/#primaryimage","url":"https:\/\/printon.ee\/wp-content\/uploads\/2019\/02\/Cover-hard-cover-150x150.png","contentUrl":"https:\/\/printon.ee\/wp-content\/uploads\/2019\/02\/Cover-hard-cover-150x150.png"},{"@type":"BreadcrumbList","@id":"https:\/\/www.printon.ee\/fi\/tooted\/raamatud\/#breadcrumb","itemListElement":[{"@type":"ListItem","position":1,"name":"Home","item":"https:\/\/www.printon.ee\/fi\/"},{"@type":"ListItem","position":2,"name":"Tuotanto","item":"https:\/\/www.printon.ee\/fi\/tooted\/"},{"@type":"ListItem","position":3,"name":"Kirjat"}]},{"@type":"WebSite","@id":"https:\/\/www.printon.ee\/#website","url":"https:\/\/www.printon.ee\/","name":"AS Printon","description":"Raamatud, bros\u00fc\u00fcrid, kataloogid, kalendrid","potentialAction":[{"@type":"SearchAction","target":{"@type":"EntryPoint","urlTemplate":"https:\/\/www.printon.ee\/?s={search_term_string}"},"query-input":{"@type":"PropertyValueSpecification","valueRequired":true,"valueName":"search_term_string"}}],"inLanguage":"fi"}]}},"_links":{"self":[{"href":"https:\/\/www.printon.ee\/fi\/wp-json\/wp\/v2\/pages\/22690","targetHints":{"allow":["GET"]}}],"collection":[{"href":"https:\/\/www.printon.ee\/fi\/wp-json\/wp\/v2\/pages"}],"about":[{"href":"https:\/\/www.printon.ee\/fi\/wp-json\/wp\/v2\/types\/page"}],"author":[{"embeddable":true,"href":"https:\/\/www.printon.ee\/fi\/wp-json\/wp\/v2\/users\/9"}],"replies":[{"embeddable":true,"href":"https:\/\/www.printon.ee\/fi\/wp-json\/wp\/v2\/comments?post=22690"}],"version-history":[{"count":0,"href":"https:\/\/www.printon.ee\/fi\/wp-json\/wp\/v2\/pages\/22690\/revisions"}],"up":[{"embeddable":true,"href":"https:\/\/www.printon.ee\/fi\/wp-json\/wp\/v2\/pages\/22681"}],"wp:attachment":[{"href":"https:\/\/www.printon.ee\/fi\/wp-json\/wp\/v2\/media?parent=22690"}],"curies":[{"name":"wp","href":"https:\/\/api.w.org\/{rel}","templated":true}]}}