{"id":22693,"date":"2019-02-21T11:32:49","date_gmt":"2019-02-21T09:32:49","guid":{"rendered":"http:\/\/printon.veebispetsid.com\/tooted\/ajakirjad-kataloogid\/"},"modified":"2019-08-30T16:56:50","modified_gmt":"2019-08-30T13:56:50","slug":"ajakirjad-kataloogid","status":"publish","type":"page","link":"https:\/\/www.printon.ee\/fi\/tooted\/ajakirjad-kataloogid\/","title":{"rendered":"Aikakausilehdet &#038; luettelut"},"content":{"rendered":"<p><div class=\"fusion-fullwidth fullwidth-box nonhundred-percent-fullwidth non-hundred-percent-height-scrolling\"  style='background-color: rgba(255,255,255,0);background-position: center center;background-repeat: no-repeat;padding-top:0px;padding-right:0px;padding-bottom:0px;padding-left:0px;'><div class=\"fusion-builder-row fusion-row \"><div  class=\"fusion-layout-column fusion_builder_column fusion_builder_column_1_1 fusion-builder-column-1 fusion-one-full fusion-column-first fusion-column-last 1_1\"  style='margin-top:0px;margin-bottom:20px;'>\n\t\t\t\t\t<div class=\"fusion-column-wrapper\" style=\"padding: 0px 0px 0px 0px;background-position:left top;background-repeat:no-repeat;-webkit-background-size:cover;-moz-background-size:cover;-o-background-size:cover;background-size:cover;\"   data-bg-url=\"\">\n\t\t\t\t\t\t<div class=\"fusion-text\"><p><img decoding=\"async\" class=\"aligncenter wp-image-21126\" src=\"https:\/\/printon.ee\/wp-content\/uploads\/2019\/05\/ajakirjad-ja-kataloogid-1-150x150.png\" alt=\"\" width=\"70\" height=\"70\" srcset=\"https:\/\/www.printon.ee\/wp-content\/uploads\/2019\/05\/ajakirjad-ja-kataloogid-1-66x66.png 66w, https:\/\/www.printon.ee\/wp-content\/uploads\/2019\/05\/ajakirjad-ja-kataloogid-1-150x150.png 150w, https:\/\/www.printon.ee\/wp-content\/uploads\/2019\/05\/ajakirjad-ja-kataloogid-1-200x200.png 200w, https:\/\/www.printon.ee\/wp-content\/uploads\/2019\/05\/ajakirjad-ja-kataloogid-1.png 300w\" sizes=\"(max-width: 70px) 100vw, 70px\" \/><\/p>\n<p style=\"text-align: center;\">Luettelu ja mainoslehdet ovat tehokkaat markkinointity\u00f6kalut br\u00e4ndin n\u00e4kyvyyden lis\u00e4\u00e4miseksi ja asiakkaiden houkuttelemiseksi. Nopeasti digitalisoituvassa maailmassa luo tuoteluettelu, jossa on kaunis sis\u00e4lt\u00f6, kuluttajalle lis\u00e4arvoa. Digitaalisiin tietomateriaaleihin verrattuna tarjoaa painettu luettelo asiakkaalle aistikokemuksen \u2013 paperin rakenne, kiilto, kauniit kuvat ja v\u00e4rit houkuttelevat katsojan huomiota tehokkaammin kuin online-luettelut.<\/p>\n<p><img decoding=\"async\" class=\"aligncenter wp-image-21129\" src=\"https:\/\/printon.ee\/wp-content\/uploads\/2019\/05\/ajakirjad-ja-kataloogid-2-150x150.png\" alt=\"\" width=\"70\" height=\"70\" srcset=\"https:\/\/www.printon.ee\/wp-content\/uploads\/2019\/05\/ajakirjad-ja-kataloogid-2-66x66.png 66w, https:\/\/www.printon.ee\/wp-content\/uploads\/2019\/05\/ajakirjad-ja-kataloogid-2-150x150.png 150w, https:\/\/www.printon.ee\/wp-content\/uploads\/2019\/05\/ajakirjad-ja-kataloogid-2-200x200.png 200w, https:\/\/www.printon.ee\/wp-content\/uploads\/2019\/05\/ajakirjad-ja-kataloogid-2.png 300w\" sizes=\"(max-width: 70px) 100vw, 70px\" \/><\/p>\n<p style=\"text-align: center;\">Korkealaatuinen puolikiilt\u00e4v\u00e4 &#8221;silkki&#8221; tai &#8221;kiilt\u00e4v\u00e4&#8221; paperi on suosituin valinta luettelun tuottamiseksi, koska p\u00e4\u00e4llystetylle paperille painetut v\u00e4rivalokuvat n\u00e4ytt\u00e4v\u00e4t kauniilta ja eloisilta. Samalla on nouseva trendi painaa p\u00e4\u00e4llyst\u00e4m\u00e4tt\u00f6m\u00e4lle paperille, joka on ymp\u00e4rist\u00f6yst\u00e4v\u00e4llisempi vaihtoehto ja sopii hyvin sosiaalisesti vastuulliselle yritykselle.<\/p>\n<p style=\"text-align: center;\"><img decoding=\"async\" class=\"aligncenter wp-image-21132\" src=\"https:\/\/printon.ee\/wp-content\/uploads\/2019\/05\/ajakirjad-ja-kataloogid-3-300x79.png\" alt=\"\" width=\"267\" height=\"70\" srcset=\"https:\/\/www.printon.ee\/wp-content\/uploads\/2019\/05\/ajakirjad-ja-kataloogid-3-200x52.png 200w, https:\/\/www.printon.ee\/wp-content\/uploads\/2019\/05\/ajakirjad-ja-kataloogid-3-300x79.png 300w, https:\/\/www.printon.ee\/wp-content\/uploads\/2019\/05\/ajakirjad-ja-kataloogid-3-400x105.png 400w, https:\/\/www.printon.ee\/wp-content\/uploads\/2019\/05\/ajakirjad-ja-kataloogid-3-600x157.png 600w, https:\/\/www.printon.ee\/wp-content\/uploads\/2019\/05\/ajakirjad-ja-kataloogid-3-768x201.png 768w, https:\/\/www.printon.ee\/wp-content\/uploads\/2019\/05\/ajakirjad-ja-kataloogid-3.png 771w\" sizes=\"(max-width: 267px) 100vw, 267px\" \/><\/p>\n<p style=\"text-align: center;\">Suurempi aikakauslehti on valmistettu liimasidoksella, joka antaa hieman arvokkaamman ilmeen. Vaihtoehtona on hakasidonta, joka sopii hyvin ohuempiin materiaaleihin. Wire-o-sidoksen tapauksessa l\u00e4vistet\u00e4\u00e4n yksitt\u00e4iset lehdet yhdest\u00e4 reunasta ja sidotaan langalla.<\/p>\n<\/div><style type=\"text\/css\" scoped=\"scoped\">.fusion-gallery-1 .fusion-gallery-image {border:0px solid #f6f6f6;}<\/style><div class=\"fusion-gallery fusion-gallery-container fusion-grid-3 fusion-columns-total-0 fusion-gallery-layout-grid fusion-gallery-1\" style=\"margin:-5px;\"><div style=\"padding:5px;\" class=\"fusion-grid-column fusion-gallery-column fusion-gallery-column-3 hover-type-zoomin\"><div class=\"fusion-gallery-image\"><a href=\"https:\/\/www.printon.ee\/wp-content\/uploads\/2019\/06\/tallink-shopping-kataloog.jpg\" data-rel=\"iLightbox[gallery_image_1]\" class=\"fusion-lightbox\" target=\"_self\"><img decoding=\"async\" src=\"https:\/\/www.printon.ee\/wp-content\/uploads\/2019\/06\/tallink-shopping-kataloog.jpg\" width=\"1200\" height=\"800\" alt=\"\" title=\"tallink shopping kataloog\" aria-label=\"tallink shopping kataloog\" class=\"img-responsive wp-image-21285\" srcset=\"https:\/\/www.printon.ee\/wp-content\/uploads\/2019\/06\/tallink-shopping-kataloog-200x133.jpg 200w, https:\/\/www.printon.ee\/wp-content\/uploads\/2019\/06\/tallink-shopping-kataloog-400x267.jpg 400w, https:\/\/www.printon.ee\/wp-content\/uploads\/2019\/06\/tallink-shopping-kataloog-600x400.jpg 600w, https:\/\/www.printon.ee\/wp-content\/uploads\/2019\/06\/tallink-shopping-kataloog-800x533.jpg 800w, https:\/\/www.printon.ee\/wp-content\/uploads\/2019\/06\/tallink-shopping-kataloog.jpg 1200w\" sizes=\"(min-width: 2200px) 100vw, (min-width: 784px) 363px, (min-width: 712px) 545px, (min-width: 640px) 712px, \" \/><\/a><\/div><\/div><div style=\"padding:5px;\" class=\"fusion-grid-column fusion-gallery-column fusion-gallery-column-3 hover-type-zoomin\"><div class=\"fusion-gallery-image\"><a href=\"https:\/\/www.printon.ee\/wp-content\/uploads\/2019\/06\/klamberk\u00f6ites-ajakiri.jpg\" data-rel=\"iLightbox[gallery_image_1]\" class=\"fusion-lightbox\" target=\"_self\"><img decoding=\"async\" src=\"https:\/\/www.printon.ee\/wp-content\/uploads\/2019\/06\/klamberk\u00f6ites-ajakiri.jpg\" width=\"1200\" height=\"800\" alt=\"\" title=\"klamberk\u00f6ites ajakiri\" aria-label=\"klamberk\u00f6ites ajakiri\" class=\"img-responsive wp-image-21279\" srcset=\"https:\/\/www.printon.ee\/wp-content\/uploads\/2019\/06\/klamberk\u00f6ites-ajakiri-200x133.jpg 200w, https:\/\/www.printon.ee\/wp-content\/uploads\/2019\/06\/klamberk\u00f6ites-ajakiri-400x267.jpg 400w, https:\/\/www.printon.ee\/wp-content\/uploads\/2019\/06\/klamberk\u00f6ites-ajakiri-600x400.jpg 600w, https:\/\/www.printon.ee\/wp-content\/uploads\/2019\/06\/klamberk\u00f6ites-ajakiri-800x533.jpg 800w, https:\/\/www.printon.ee\/wp-content\/uploads\/2019\/06\/klamberk\u00f6ites-ajakiri.jpg 1200w\" sizes=\"(min-width: 2200px) 100vw, (min-width: 784px) 363px, (min-width: 712px) 545px, (min-width: 640px) 712px, \" \/><\/a><\/div><\/div><div style=\"padding:5px;\" class=\"fusion-grid-column fusion-gallery-column fusion-gallery-column-3 hover-type-zoomin\"><div class=\"fusion-gallery-image\"><a href=\"https:\/\/www.printon.ee\/wp-content\/uploads\/2019\/06\/erilahendus-1-2.jpg\" data-rel=\"iLightbox[gallery_image_1]\" class=\"fusion-lightbox\" target=\"_self\"><img decoding=\"async\" src=\"https:\/\/www.printon.ee\/wp-content\/uploads\/2019\/06\/erilahendus-1-2.jpg\" width=\"1200\" height=\"800\" alt=\"\" title=\"erilahendus 1-2\" aria-label=\"erilahendus 1-2\" class=\"img-responsive wp-image-21253\" srcset=\"https:\/\/www.printon.ee\/wp-content\/uploads\/2019\/06\/erilahendus-1-2-200x133.jpg 200w, https:\/\/www.printon.ee\/wp-content\/uploads\/2019\/06\/erilahendus-1-2-400x267.jpg 400w, https:\/\/www.printon.ee\/wp-content\/uploads\/2019\/06\/erilahendus-1-2-600x400.jpg 600w, https:\/\/www.printon.ee\/wp-content\/uploads\/2019\/06\/erilahendus-1-2-800x533.jpg 800w, https:\/\/www.printon.ee\/wp-content\/uploads\/2019\/06\/erilahendus-1-2.jpg 1200w\" sizes=\"(min-width: 2200px) 100vw, (min-width: 784px) 363px, (min-width: 712px) 545px, (min-width: 640px) 712px, \" \/><\/a><\/div><\/div><div class=\"clearfix\"><\/div><\/div><div class=\"fusion-clearfix\"><\/div>\n\n\t\t\t\t\t<\/div>\n\t\t\t\t<\/div><\/div><\/div><div class=\"fusion-fullwidth fullwidth-box nonhundred-percent-fullwidth non-hundred-percent-height-scrolling\"  style='background-color: rgba(255,255,255,0);background-position: center center;background-repeat: no-repeat;padding-top:0px;padding-right:0px;padding-bottom:0px;padding-left:0px;'><div class=\"fusion-builder-row fusion-row \"><div  class=\"fusion-layout-column fusion_builder_column fusion_builder_column_1_1 fusion-builder-column-2 fusion-one-full fusion-column-first fusion-column-last 1_1\"  style='margin-top:0px;margin-bottom:20px;'>\n\t\t\t\t\t<div class=\"fusion-column-wrapper\" style=\"padding: 0px 0px 0px 0px;background-position:left top;background-repeat:no-repeat;-webkit-background-size:cover;-moz-background-size:cover;-o-background-size:cover;background-size:cover;\"   data-bg-url=\"\">\n\t\t\t\t\t\t<div class=\"fusion-sep-clear\"><\/div><div class=\"fusion-separator fusion-full-width-sep sep-single sep-solid\" style=\"border-color:#eeeeee;border-top-width:2px;margin-left: auto;margin-right: auto;margin-top:10px;margin-bottom:20px;\"><\/div><div class=\"fusion-text\"><h5>L\u00e4het\u00e4 meille toiveesi ja teemme juuri sinulle sopivan tarjouksen!<\/h5>\n<\/div><div class=\"fusion-button-wrapper\"><style type=\"text\/css\" scoped=\"scoped\">.fusion-button.button-1 .fusion-button-text, .fusion-button.button-1 i {color:#ffffff;}.fusion-button.button-1 {border-width:1px;border-color:#ffffff;}.fusion-button.button-1 .fusion-button-icon-divider{border-color:#ffffff;}.fusion-button.button-1:hover .fusion-button-text, .fusion-button.button-1:hover i,.fusion-button.button-1:focus .fusion-button-text, .fusion-button.button-1:focus i,.fusion-button.button-1:active .fusion-button-text, .fusion-button.button-1:active{color:#ffffff;}.fusion-button.button-1:hover, .fusion-button.button-1:focus, .fusion-button.button-1:active{border-width:1px;border-color:#ffffff;}.fusion-button.button-1:hover .fusion-button-icon-divider, .fusion-button.button-1:hover .fusion-button-icon-divider, .fusion-button.button-1:active .fusion-button-icon-divider{border-color:#ffffff;}.fusion-button.button-1{width:auto;}<\/style><a class=\"fusion-button button-flat fusion-button-round button-large button-default button-1\" target=\"_self\" href=\"https:\/\/printon.ee\/fi\/hinnaparing\/\"><span class=\"fusion-button-text\">TARJOUSPYYNT\u00d6<\/span><\/a><\/div><div class=\"fusion-clearfix\"><\/div>\n\n\t\t\t\t\t<\/div>\n\t\t\t\t<\/div><\/div><\/div><\/p>\n","protected":false},"excerpt":{"rendered":"","protected":false},"author":9,"featured_media":0,"parent":22681,"menu_order":0,"comment_status":"closed","ping_status":"closed","template":"","meta":{"footnotes":""},"class_list":["post-22693","page","type-page","status-publish","hentry"],"yoast_head":"<!-- This site is optimized with the Yoast SEO plugin v26.8 - https:\/\/yoast.com\/product\/yoast-seo-wordpress\/ -->\n<title>Aikakausilehdet ja luettelut - painatus Tallinnassa - Printon AS<\/title>\n<meta name=\"description\" content=\"Aikakausilehdet ja luettelut. Painatus Tallinnassa Printon painotalossa. Liimasidonta tai wire-o. Ota yhteytt\u00e4 printon@printon.ee tai soita +372 5100 676\" \/>\n<meta name=\"robots\" content=\"index, follow, max-snippet:-1, max-image-preview:large, max-video-preview:-1\" \/>\n<link rel=\"canonical\" href=\"https:\/\/www.printon.ee\/fi\/tooted\/ajakirjad-kataloogid\/\" \/>\n<meta property=\"og:locale\" content=\"fi_FI\" \/>\n<meta property=\"og:type\" content=\"article\" \/>\n<meta property=\"og:title\" content=\"Aikakausilehdet ja luettelut - painatus Tallinnassa - Printon AS\" \/>\n<meta property=\"og:description\" content=\"Aikakausilehdet ja luettelut. Painatus Tallinnassa Printon painotalossa. Liimasidonta tai wire-o. Ota yhteytt\u00e4 printon@printon.ee tai soita +372 5100 676\" \/>\n<meta property=\"og:url\" content=\"https:\/\/www.printon.ee\/fi\/tooted\/ajakirjad-kataloogid\/\" \/>\n<meta property=\"og:site_name\" content=\"AS Printon\" \/>\n<meta property=\"article:modified_time\" content=\"2019-08-30T13:56:50+00:00\" \/>\n<meta property=\"og:image\" content=\"https:\/\/printon.ee\/wp-content\/uploads\/2019\/05\/ajakirjad-ja-kataloogid-1-150x150.png\" \/>\n<meta name=\"twitter:card\" content=\"summary_large_image\" \/>\n<meta name=\"twitter:label1\" content=\"Arvioitu lukuaika\" \/>\n\t<meta name=\"twitter:data1\" content=\"4 minuuttia\" \/>\n<script type=\"application\/ld+json\" class=\"yoast-schema-graph\">{\"@context\":\"https:\/\/schema.org\",\"@graph\":[{\"@type\":\"WebPage\",\"@id\":\"https:\/\/www.printon.ee\/fi\/tooted\/ajakirjad-kataloogid\/\",\"url\":\"https:\/\/www.printon.ee\/fi\/tooted\/ajakirjad-kataloogid\/\",\"name\":\"Aikakausilehdet ja luettelut - painatus Tallinnassa - Printon AS\",\"isPartOf\":{\"@id\":\"https:\/\/www.printon.ee\/#website\"},\"primaryImageOfPage\":{\"@id\":\"https:\/\/www.printon.ee\/fi\/tooted\/ajakirjad-kataloogid\/#primaryimage\"},\"image\":{\"@id\":\"https:\/\/www.printon.ee\/fi\/tooted\/ajakirjad-kataloogid\/#primaryimage\"},\"thumbnailUrl\":\"https:\/\/printon.ee\/wp-content\/uploads\/2019\/05\/ajakirjad-ja-kataloogid-1-150x150.png\",\"datePublished\":\"2019-02-21T09:32:49+00:00\",\"dateModified\":\"2019-08-30T13:56:50+00:00\",\"description\":\"Aikakausilehdet ja luettelut. Painatus Tallinnassa Printon painotalossa. Liimasidonta tai wire-o. Ota yhteytt\u00e4 printon@printon.ee tai soita +372 5100 676\",\"breadcrumb\":{\"@id\":\"https:\/\/www.printon.ee\/fi\/tooted\/ajakirjad-kataloogid\/#breadcrumb\"},\"inLanguage\":\"fi\",\"potentialAction\":[{\"@type\":\"ReadAction\",\"target\":[\"https:\/\/www.printon.ee\/fi\/tooted\/ajakirjad-kataloogid\/\"]}]},{\"@type\":\"ImageObject\",\"inLanguage\":\"fi\",\"@id\":\"https:\/\/www.printon.ee\/fi\/tooted\/ajakirjad-kataloogid\/#primaryimage\",\"url\":\"https:\/\/printon.ee\/wp-content\/uploads\/2019\/05\/ajakirjad-ja-kataloogid-1-150x150.png\",\"contentUrl\":\"https:\/\/printon.ee\/wp-content\/uploads\/2019\/05\/ajakirjad-ja-kataloogid-1-150x150.png\"},{\"@type\":\"BreadcrumbList\",\"@id\":\"https:\/\/www.printon.ee\/fi\/tooted\/ajakirjad-kataloogid\/#breadcrumb\",\"itemListElement\":[{\"@type\":\"ListItem\",\"position\":1,\"name\":\"Home\",\"item\":\"https:\/\/www.printon.ee\/fi\/\"},{\"@type\":\"ListItem\",\"position\":2,\"name\":\"Tuotanto\",\"item\":\"https:\/\/www.printon.ee\/fi\/tooted\/\"},{\"@type\":\"ListItem\",\"position\":3,\"name\":\"Aikakausilehdet &#038; luettelut\"}]},{\"@type\":\"WebSite\",\"@id\":\"https:\/\/www.printon.ee\/#website\",\"url\":\"https:\/\/www.printon.ee\/\",\"name\":\"AS Printon\",\"description\":\"Raamatud, bros\u00fc\u00fcrid, kataloogid, kalendrid\",\"potentialAction\":[{\"@type\":\"SearchAction\",\"target\":{\"@type\":\"EntryPoint\",\"urlTemplate\":\"https:\/\/www.printon.ee\/?s={search_term_string}\"},\"query-input\":{\"@type\":\"PropertyValueSpecification\",\"valueRequired\":true,\"valueName\":\"search_term_string\"}}],\"inLanguage\":\"fi\"}]}<\/script>\n<!-- \/ Yoast SEO plugin. -->","yoast_head_json":{"title":"Aikakausilehdet ja luettelut - painatus Tallinnassa - Printon AS","description":"Aikakausilehdet ja luettelut. Painatus Tallinnassa Printon painotalossa. Liimasidonta tai wire-o. Ota yhteytt\u00e4 printon@printon.ee tai soita +372 5100 676","robots":{"index":"index","follow":"follow","max-snippet":"max-snippet:-1","max-image-preview":"max-image-preview:large","max-video-preview":"max-video-preview:-1"},"canonical":"https:\/\/www.printon.ee\/fi\/tooted\/ajakirjad-kataloogid\/","og_locale":"fi_FI","og_type":"article","og_title":"Aikakausilehdet ja luettelut - painatus Tallinnassa - Printon AS","og_description":"Aikakausilehdet ja luettelut. Painatus Tallinnassa Printon painotalossa. Liimasidonta tai wire-o. Ota yhteytt\u00e4 printon@printon.ee tai soita +372 5100 676","og_url":"https:\/\/www.printon.ee\/fi\/tooted\/ajakirjad-kataloogid\/","og_site_name":"AS Printon","article_modified_time":"2019-08-30T13:56:50+00:00","og_image":[{"url":"https:\/\/printon.ee\/wp-content\/uploads\/2019\/05\/ajakirjad-ja-kataloogid-1-150x150.png","type":"","width":"","height":""}],"twitter_card":"summary_large_image","twitter_misc":{"Arvioitu lukuaika":"4 minuuttia"},"schema":{"@context":"https:\/\/schema.org","@graph":[{"@type":"WebPage","@id":"https:\/\/www.printon.ee\/fi\/tooted\/ajakirjad-kataloogid\/","url":"https:\/\/www.printon.ee\/fi\/tooted\/ajakirjad-kataloogid\/","name":"Aikakausilehdet ja luettelut - painatus Tallinnassa - Printon AS","isPartOf":{"@id":"https:\/\/www.printon.ee\/#website"},"primaryImageOfPage":{"@id":"https:\/\/www.printon.ee\/fi\/tooted\/ajakirjad-kataloogid\/#primaryimage"},"image":{"@id":"https:\/\/www.printon.ee\/fi\/tooted\/ajakirjad-kataloogid\/#primaryimage"},"thumbnailUrl":"https:\/\/printon.ee\/wp-content\/uploads\/2019\/05\/ajakirjad-ja-kataloogid-1-150x150.png","datePublished":"2019-02-21T09:32:49+00:00","dateModified":"2019-08-30T13:56:50+00:00","description":"Aikakausilehdet ja luettelut. Painatus Tallinnassa Printon painotalossa. Liimasidonta tai wire-o. Ota yhteytt\u00e4 printon@printon.ee tai soita +372 5100 676","breadcrumb":{"@id":"https:\/\/www.printon.ee\/fi\/tooted\/ajakirjad-kataloogid\/#breadcrumb"},"inLanguage":"fi","potentialAction":[{"@type":"ReadAction","target":["https:\/\/www.printon.ee\/fi\/tooted\/ajakirjad-kataloogid\/"]}]},{"@type":"ImageObject","inLanguage":"fi","@id":"https:\/\/www.printon.ee\/fi\/tooted\/ajakirjad-kataloogid\/#primaryimage","url":"https:\/\/printon.ee\/wp-content\/uploads\/2019\/05\/ajakirjad-ja-kataloogid-1-150x150.png","contentUrl":"https:\/\/printon.ee\/wp-content\/uploads\/2019\/05\/ajakirjad-ja-kataloogid-1-150x150.png"},{"@type":"BreadcrumbList","@id":"https:\/\/www.printon.ee\/fi\/tooted\/ajakirjad-kataloogid\/#breadcrumb","itemListElement":[{"@type":"ListItem","position":1,"name":"Home","item":"https:\/\/www.printon.ee\/fi\/"},{"@type":"ListItem","position":2,"name":"Tuotanto","item":"https:\/\/www.printon.ee\/fi\/tooted\/"},{"@type":"ListItem","position":3,"name":"Aikakausilehdet &#038; luettelut"}]},{"@type":"WebSite","@id":"https:\/\/www.printon.ee\/#website","url":"https:\/\/www.printon.ee\/","name":"AS Printon","description":"Raamatud, bros\u00fc\u00fcrid, kataloogid, kalendrid","potentialAction":[{"@type":"SearchAction","target":{"@type":"EntryPoint","urlTemplate":"https:\/\/www.printon.ee\/?s={search_term_string}"},"query-input":{"@type":"PropertyValueSpecification","valueRequired":true,"valueName":"search_term_string"}}],"inLanguage":"fi"}]}},"_links":{"self":[{"href":"https:\/\/www.printon.ee\/fi\/wp-json\/wp\/v2\/pages\/22693","targetHints":{"allow":["GET"]}}],"collection":[{"href":"https:\/\/www.printon.ee\/fi\/wp-json\/wp\/v2\/pages"}],"about":[{"href":"https:\/\/www.printon.ee\/fi\/wp-json\/wp\/v2\/types\/page"}],"author":[{"embeddable":true,"href":"https:\/\/www.printon.ee\/fi\/wp-json\/wp\/v2\/users\/9"}],"replies":[{"embeddable":true,"href":"https:\/\/www.printon.ee\/fi\/wp-json\/wp\/v2\/comments?post=22693"}],"version-history":[{"count":0,"href":"https:\/\/www.printon.ee\/fi\/wp-json\/wp\/v2\/pages\/22693\/revisions"}],"up":[{"embeddable":true,"href":"https:\/\/www.printon.ee\/fi\/wp-json\/wp\/v2\/pages\/22681"}],"wp:attachment":[{"href":"https:\/\/www.printon.ee\/fi\/wp-json\/wp\/v2\/media?parent=22693"}],"curies":[{"name":"wp","href":"https:\/\/api.w.org\/{rel}","templated":true}]}}