{"id":22719,"date":"2019-02-21T11:42:43","date_gmt":"2019-02-21T09:42:43","guid":{"rendered":"http:\/\/printon.veebispetsid.com\/teenused\/trukk\/"},"modified":"2022-12-28T10:39:55","modified_gmt":"2022-12-28T08:39:55","slug":"trukk","status":"publish","type":"page","link":"https:\/\/www.printon.ee\/fi\/teenused\/trukk\/","title":{"rendered":"Painatus"},"content":{"rendered":"<p><div class=\"fusion-fullwidth fullwidth-box nonhundred-percent-fullwidth non-hundred-percent-height-scrolling\"  style='background-color: rgba(255,255,255,0);background-position: center center;background-repeat: no-repeat;padding-top:0px;padding-right:0px;padding-bottom:0px;padding-left:0px;'><div class=\"fusion-builder-row fusion-row \"><div  class=\"fusion-layout-column fusion_builder_column fusion_builder_column_1_1 fusion-builder-column-1 fusion-one-full fusion-column-first fusion-column-last 1_1\"  style='margin-top:0px;margin-bottom:20px;'>\n\t\t\t\t\t<div class=\"fusion-column-wrapper\" style=\"padding: 0px 0px 0px 0px;background-position:left top;background-repeat:no-repeat;-webkit-background-size:cover;-moz-background-size:cover;-o-background-size:cover;background-size:cover;\"   data-bg-url=\"\">\n\t\t\t\t\t\t<style type=\"text\/css\" scoped=\"scoped\">.fusion-accordian  #accordion-22719-1 .panel-title a .fa-fusion-box{ color: #333333;}.fusion-accordian  #accordion-22719-1 .panel-title a .fa-fusion-box:before{ font-size: 20px; width: 20px;}.fusion-accordian  #accordion-22719-1 .panel-title a{font-size:17px;}.fusion-accordian  #accordion-22719-1 .panel-title a:hover, #accordion-22719-1 .fusion-toggle-boxed-mode:hover .panel-title a { color: #db0066;}.fusion-accordian  #accordion-22719-1 .fusion-toggle-boxed-mode:hover .panel-title a .fa-fusion-box{ color: #db0066;}.fusion-accordian  #accordion-22719-1.fusion-toggle-icon-unboxed .fusion-panel .panel-title a:hover .fa-fusion-box{ color: #db0066 !important;}<\/style><div class=\"accordian fusion-accordian\"><div class=\"panel-group fusion-toggle-icon-unboxed\" id=\"accordion-22719-1\"><div class=\"fusion-panel panel-default fusion-toggle-no-divider\"><div class=\"panel-heading\"><h4 class=\"panel-title toggle\"><a data-toggle=\"collapse\" data-parent=\"#accordion-22719-1\" data-target=\"#036a7920fed7b3603\" href=\"#036a7920fed7b3603\"><div class=\"fusion-toggle-icon-wrapper\"><i class=\"fa-fusion-box\"><\/i><\/div><div class=\"fusion-toggle-heading\">Miksi mieluummin offsetpainatus Heidelbergin koneilla?<\/div><\/a><\/h4><\/div><div id=\"036a7920fed7b3603\" class=\"panel-collapse collapse \"><div class=\"panel-body toggle-content fusion-clearfix\">Korkealaatuinen offsetpainatus<br \/>\nUusimman tekniikan ansiosta pit\u00e4\u00e4 automaattinen v\u00e4rimittausj\u00e4rjestelm\u00e4 v\u00e4rin vakaana koko painatuksen aikana ja v\u00e4hent\u00e4\u00e4 v\u00e4rin vaihtelua.<br \/>\nKoneissa on automatisoitu niin monta prosessia kuin mahdollista ja nopeutettu siten, ett\u00e4 tulostus on vakaa ja nopea.<\/div><\/div><\/div><div class=\"fusion-panel panel-default fusion-toggle-no-divider\"><div class=\"panel-heading\"><h4 class=\"panel-title toggle\"><a data-toggle=\"collapse\" data-parent=\"#accordion-22719-1\" data-target=\"#392fe4e9d080233eb\" href=\"#392fe4e9d080233eb\"><div class=\"fusion-toggle-icon-wrapper\"><i class=\"fa-fusion-box\"><\/i><\/div><div class=\"fusion-toggle-heading\">Mitk\u00e4 ovat Komori-koneen H-UV-v\u00e4rien edut?<\/div><\/a><\/h4><\/div><div id=\"392fe4e9d080233eb\" class=\"panel-collapse collapse \"><div class=\"panel-body toggle-content fusion-clearfix\">\n<p>Komorin offsetpainokoneen poikkeuksellisuus on H-UV-v\u00e4reiss\u00e4, jotka kuivuvat erityisten UV-lamppujen alla heti painatuksen j\u00e4lkeen. T\u00e4ysin eril\u00e4iset v\u00e4rit eiv\u00e4t imeydy paperiin ja ovat n\u00e4in kirkkaampia. Painatus on paljon selke\u00e4mpi.,<br \/>\nV\u00e4ri ei hajaantuu ja tulos on v\u00e4lit\u00f6n &#8211; se j\u00e4\u00e4 pysym\u00e4\u00e4n kuin koneesta tultuna.<br \/>\nSopii erikoismateriaaleille: vinyylit, tekstiilit jne.<\/p>\n<\/div><\/div><\/div><div class=\"fusion-panel panel-default fusion-toggle-no-divider\"><div class=\"panel-heading\"><h4 class=\"panel-title toggle\"><a data-toggle=\"collapse\" data-parent=\"#accordion-22719-1\" data-target=\"#78d25a539a3b4c19b\" href=\"#78d25a539a3b4c19b\"><div class=\"fusion-toggle-icon-wrapper\"><i class=\"fa-fusion-box\"><\/i><\/div><div class=\"fusion-toggle-heading\">Milloin valita digitaalinen painanta?<\/div><\/a><\/h4><\/div><div id=\"78d25a539a3b4c19b\" class=\"panel-collapse collapse \"><div class=\"panel-body toggle-content fusion-clearfix\">Xerox Versant digitaalinen painantakone on suunniteltu ensisijaisesti joustaville painosm\u00e4\u00e4rille, mik\u00e4 tarkoittaa pienempi\u00e4 m\u00e4\u00e4ri\u00e4 kohtuulliseen hintaan. Digitaalisen painotuotannon m\u00e4\u00e4r\u00e4ajat ovat yleens\u00e4 lyhyempi\u00e4 kuin offset-painatuksessa ja se on my\u00f6s ymp\u00e4rist\u00f6yst\u00e4v\u00e4llisempi.<\/div><\/div><\/div><\/div><\/div><div class=\"fusion-sep-clear\"><\/div><div class=\"fusion-separator fusion-full-width-sep sep-single sep-solid\" style=\"border-color:#eeeeee;border-top-width:2px;margin-left: auto;margin-right: auto;margin-top:20px;margin-bottom:10px;\"><\/div><div class=\"fusion-clearfix\"><\/div>\n\n\t\t\t\t\t<\/div>\n\t\t\t\t<\/div><\/div><\/div><div class=\"fusion-fullwidth fullwidth-box nonhundred-percent-fullwidth non-hundred-percent-height-scrolling fusion-equal-height-columns\"  style='background-color: rgba(255,255,255,0);background-position: center center;background-repeat: no-repeat;padding-top:0px;padding-right:0px;padding-bottom:0px;padding-left:0px;'><div class=\"fusion-builder-row fusion-row \"><div  class=\"fusion-layout-column fusion_builder_column fusion_builder_column_1_3 fusion-builder-column-2 fusion-one-third fusion-column-first 1_3\"  style='margin-top:0px;margin-bottom:20px;width:33.33%;width:calc(33.33% - ( ( 4% ) * 0.3333 ) );margin-right: 4%;'>\n\t\t\t\t\t<div class=\"fusion-column-wrapper\" style=\"padding: 0px 0px 0px 0px;background-position:left top;background-repeat:no-repeat;-webkit-background-size:cover;-moz-background-size:cover;-o-background-size:cover;background-size:cover;\"   data-bg-url=\"\">\n\t\t\t\t\t\t<span class=\"fusion-imageframe imageframe-none imageframe-1 hover-type-zoomin\"><img decoding=\"async\" src=\"https:\/\/www.printon.ee\/wp-content\/uploads\/2020\/01\/20200107_141714-1-e1578402426331-150x150.jpg\" width=\"150\" height=\"150\" alt=\"\" title=\"Karl Oskar Toovere\" class=\"img-responsive wp-image-24097\" srcset=\"https:\/\/www.printon.ee\/wp-content\/uploads\/2020\/01\/20200107_141714-1-e1578402426331-200x200.jpg 200w, https:\/\/www.printon.ee\/wp-content\/uploads\/2020\/01\/20200107_141714-1-e1578402426331-400x400.jpg 400w, https:\/\/www.printon.ee\/wp-content\/uploads\/2020\/01\/20200107_141714-1-e1578402426331-600x600.jpg 600w, https:\/\/www.printon.ee\/wp-content\/uploads\/2020\/01\/20200107_141714-1-e1578402426331-800x800.jpg 800w, https:\/\/www.printon.ee\/wp-content\/uploads\/2020\/01\/20200107_141714-1-e1578402426331-1200x1200.jpg 1200w\" sizes=\"(max-width: 800px) 100vw, 150px\" \/><\/span><div class=\"fusion-clearfix\"><\/div>\n\n\t\t\t\t\t<\/div>\n\t\t\t\t<\/div><div  class=\"fusion-layout-column fusion_builder_column fusion_builder_column_2_3 fusion-builder-column-3 fusion-two-third fusion-column-last 2_3\"  style='margin-top:0px;margin-bottom:20px;width:66.66%;width:calc(66.66% - ( ( 4% ) * 0.6666 ) );'>\n\t\t\t\t\t<div class=\"fusion-column-wrapper\" style=\"padding: 0px 0px 0px 0px;background-position:left top;background-repeat:no-repeat;-webkit-background-size:cover;-moz-background-size:cover;-o-background-size:cover;background-size:cover;\"   data-bg-url=\"\">\n\t\t\t\t\t\t<div class=\"fusion-column-content-centered\"><div class=\"fusion-column-content\"><div class=\"fusion-text\"><h5>L\u00e4het\u00e4 meille toiveesi ja teemme juuri sinulle sopivan tarjouksen!<\/h5>\n<\/div><div class=\"fusion-button-wrapper\"><style type=\"text\/css\" scoped=\"scoped\">.fusion-button.button-1 .fusion-button-text, .fusion-button.button-1 i {color:#ffffff;}.fusion-button.button-1 {border-width:1px;border-color:#ffffff;}.fusion-button.button-1 .fusion-button-icon-divider{border-color:#ffffff;}.fusion-button.button-1:hover .fusion-button-text, .fusion-button.button-1:hover i,.fusion-button.button-1:focus .fusion-button-text, .fusion-button.button-1:focus i,.fusion-button.button-1:active .fusion-button-text, .fusion-button.button-1:active{color:#ffffff;}.fusion-button.button-1:hover, .fusion-button.button-1:focus, .fusion-button.button-1:active{border-width:1px;border-color:#ffffff;}.fusion-button.button-1:hover .fusion-button-icon-divider, .fusion-button.button-1:hover .fusion-button-icon-divider, .fusion-button.button-1:active .fusion-button-icon-divider{border-color:#ffffff;}.fusion-button.button-1{width:auto;}<\/style><a class=\"fusion-button button-flat fusion-button-round button-large button-default button-1\" target=\"_self\" href=\"https:\/\/printon.ee\/fi\/hinnaparing\/\"><span class=\"fusion-button-text\">TARJOUSPYYNT\u00d6<\/span><\/a><\/div><\/div><\/div><div class=\"fusion-clearfix\"><\/div>\n\n\t\t\t\t\t<\/div>\n\t\t\t\t<\/div><\/div><\/div><\/p>\n","protected":false},"excerpt":{"rendered":"","protected":false},"author":9,"featured_media":0,"parent":22708,"menu_order":0,"comment_status":"closed","ping_status":"closed","template":"","meta":{"footnotes":""},"class_list":["post-22719","page","type-page","status-publish","hentry"],"yoast_head":"<!-- This site is optimized with the Yoast SEO plugin v26.8 - https:\/\/yoast.com\/product\/yoast-seo-wordpress\/ -->\n<title>Painatus Tallinnassa Virossa - offset ja digi - Printon AS<\/title>\n<meta name=\"description\" content=\"Painatus Tallinnassa, H-UV v\u00e4rit, offset painotalo, Komori ja Heidelberg laitteet, 19 vuotta alan kokemusta. Ota yhteytt\u00e4 printon@printon.ee\" \/>\n<meta name=\"robots\" content=\"index, follow, max-snippet:-1, max-image-preview:large, max-video-preview:-1\" \/>\n<link rel=\"canonical\" href=\"https:\/\/www.printon.ee\/fi\/teenused\/trukk\/\" \/>\n<meta property=\"og:locale\" content=\"fi_FI\" \/>\n<meta property=\"og:type\" content=\"article\" \/>\n<meta property=\"og:title\" content=\"Painatus Tallinnassa Virossa - offset ja digi - Printon AS\" \/>\n<meta property=\"og:description\" content=\"Painatus Tallinnassa, H-UV v\u00e4rit, offset painotalo, Komori ja Heidelberg laitteet, 19 vuotta alan kokemusta. Ota yhteytt\u00e4 printon@printon.ee\" \/>\n<meta property=\"og:url\" content=\"https:\/\/www.printon.ee\/fi\/teenused\/trukk\/\" \/>\n<meta property=\"og:site_name\" content=\"AS Printon\" \/>\n<meta property=\"article:modified_time\" content=\"2022-12-28T08:39:55+00:00\" \/>\n<meta name=\"twitter:card\" content=\"summary_large_image\" \/>\n<meta name=\"twitter:label1\" content=\"Arvioitu lukuaika\" \/>\n\t<meta name=\"twitter:data1\" content=\"5 minuuttia\" \/>\n<script type=\"application\/ld+json\" class=\"yoast-schema-graph\">{\"@context\":\"https:\/\/schema.org\",\"@graph\":[{\"@type\":\"WebPage\",\"@id\":\"https:\/\/www.printon.ee\/fi\/teenused\/trukk\/\",\"url\":\"https:\/\/www.printon.ee\/fi\/teenused\/trukk\/\",\"name\":\"Painatus Tallinnassa Virossa - offset ja digi - Printon AS\",\"isPartOf\":{\"@id\":\"https:\/\/www.printon.ee\/#website\"},\"datePublished\":\"2019-02-21T09:42:43+00:00\",\"dateModified\":\"2022-12-28T08:39:55+00:00\",\"description\":\"Painatus Tallinnassa, H-UV v\u00e4rit, offset painotalo, Komori ja Heidelberg laitteet, 19 vuotta alan kokemusta. Ota yhteytt\u00e4 printon@printon.ee\",\"breadcrumb\":{\"@id\":\"https:\/\/www.printon.ee\/fi\/teenused\/trukk\/#breadcrumb\"},\"inLanguage\":\"fi\",\"potentialAction\":[{\"@type\":\"ReadAction\",\"target\":[\"https:\/\/www.printon.ee\/fi\/teenused\/trukk\/\"]}]},{\"@type\":\"BreadcrumbList\",\"@id\":\"https:\/\/www.printon.ee\/fi\/teenused\/trukk\/#breadcrumb\",\"itemListElement\":[{\"@type\":\"ListItem\",\"position\":1,\"name\":\"Home\",\"item\":\"https:\/\/www.printon.ee\/fi\/\"},{\"@type\":\"ListItem\",\"position\":2,\"name\":\"Palvelut\",\"item\":\"https:\/\/www.printon.ee\/fi\/teenused\/\"},{\"@type\":\"ListItem\",\"position\":3,\"name\":\"Painatus\"}]},{\"@type\":\"WebSite\",\"@id\":\"https:\/\/www.printon.ee\/#website\",\"url\":\"https:\/\/www.printon.ee\/\",\"name\":\"AS Printon\",\"description\":\"Raamatud, bros\u00fc\u00fcrid, kataloogid, kalendrid\",\"potentialAction\":[{\"@type\":\"SearchAction\",\"target\":{\"@type\":\"EntryPoint\",\"urlTemplate\":\"https:\/\/www.printon.ee\/?s={search_term_string}\"},\"query-input\":{\"@type\":\"PropertyValueSpecification\",\"valueRequired\":true,\"valueName\":\"search_term_string\"}}],\"inLanguage\":\"fi\"}]}<\/script>\n<!-- \/ Yoast SEO plugin. -->","yoast_head_json":{"title":"Painatus Tallinnassa Virossa - offset ja digi - Printon AS","description":"Painatus Tallinnassa, H-UV v\u00e4rit, offset painotalo, Komori ja Heidelberg laitteet, 19 vuotta alan kokemusta. Ota yhteytt\u00e4 printon@printon.ee","robots":{"index":"index","follow":"follow","max-snippet":"max-snippet:-1","max-image-preview":"max-image-preview:large","max-video-preview":"max-video-preview:-1"},"canonical":"https:\/\/www.printon.ee\/fi\/teenused\/trukk\/","og_locale":"fi_FI","og_type":"article","og_title":"Painatus Tallinnassa Virossa - offset ja digi - Printon AS","og_description":"Painatus Tallinnassa, H-UV v\u00e4rit, offset painotalo, Komori ja Heidelberg laitteet, 19 vuotta alan kokemusta. Ota yhteytt\u00e4 printon@printon.ee","og_url":"https:\/\/www.printon.ee\/fi\/teenused\/trukk\/","og_site_name":"AS Printon","article_modified_time":"2022-12-28T08:39:55+00:00","twitter_card":"summary_large_image","twitter_misc":{"Arvioitu lukuaika":"5 minuuttia"},"schema":{"@context":"https:\/\/schema.org","@graph":[{"@type":"WebPage","@id":"https:\/\/www.printon.ee\/fi\/teenused\/trukk\/","url":"https:\/\/www.printon.ee\/fi\/teenused\/trukk\/","name":"Painatus Tallinnassa Virossa - offset ja digi - Printon AS","isPartOf":{"@id":"https:\/\/www.printon.ee\/#website"},"datePublished":"2019-02-21T09:42:43+00:00","dateModified":"2022-12-28T08:39:55+00:00","description":"Painatus Tallinnassa, H-UV v\u00e4rit, offset painotalo, Komori ja Heidelberg laitteet, 19 vuotta alan kokemusta. Ota yhteytt\u00e4 printon@printon.ee","breadcrumb":{"@id":"https:\/\/www.printon.ee\/fi\/teenused\/trukk\/#breadcrumb"},"inLanguage":"fi","potentialAction":[{"@type":"ReadAction","target":["https:\/\/www.printon.ee\/fi\/teenused\/trukk\/"]}]},{"@type":"BreadcrumbList","@id":"https:\/\/www.printon.ee\/fi\/teenused\/trukk\/#breadcrumb","itemListElement":[{"@type":"ListItem","position":1,"name":"Home","item":"https:\/\/www.printon.ee\/fi\/"},{"@type":"ListItem","position":2,"name":"Palvelut","item":"https:\/\/www.printon.ee\/fi\/teenused\/"},{"@type":"ListItem","position":3,"name":"Painatus"}]},{"@type":"WebSite","@id":"https:\/\/www.printon.ee\/#website","url":"https:\/\/www.printon.ee\/","name":"AS Printon","description":"Raamatud, bros\u00fc\u00fcrid, kataloogid, kalendrid","potentialAction":[{"@type":"SearchAction","target":{"@type":"EntryPoint","urlTemplate":"https:\/\/www.printon.ee\/?s={search_term_string}"},"query-input":{"@type":"PropertyValueSpecification","valueRequired":true,"valueName":"search_term_string"}}],"inLanguage":"fi"}]}},"_links":{"self":[{"href":"https:\/\/www.printon.ee\/fi\/wp-json\/wp\/v2\/pages\/22719","targetHints":{"allow":["GET"]}}],"collection":[{"href":"https:\/\/www.printon.ee\/fi\/wp-json\/wp\/v2\/pages"}],"about":[{"href":"https:\/\/www.printon.ee\/fi\/wp-json\/wp\/v2\/types\/page"}],"author":[{"embeddable":true,"href":"https:\/\/www.printon.ee\/fi\/wp-json\/wp\/v2\/users\/9"}],"replies":[{"embeddable":true,"href":"https:\/\/www.printon.ee\/fi\/wp-json\/wp\/v2\/comments?post=22719"}],"version-history":[{"count":0,"href":"https:\/\/www.printon.ee\/fi\/wp-json\/wp\/v2\/pages\/22719\/revisions"}],"up":[{"embeddable":true,"href":"https:\/\/www.printon.ee\/fi\/wp-json\/wp\/v2\/pages\/22708"}],"wp:attachment":[{"href":"https:\/\/www.printon.ee\/fi\/wp-json\/wp\/v2\/media?parent=22719"}],"curies":[{"name":"wp","href":"https:\/\/api.w.org\/{rel}","templated":true}]}}