{"id":22728,"date":"2019-02-21T11:43:09","date_gmt":"2019-02-21T09:43:09","guid":{"rendered":"http:\/\/printon.veebispetsid.com\/teenused\/logistika\/"},"modified":"2023-02-23T10:08:29","modified_gmt":"2023-02-23T08:08:29","slug":"logistika","status":"publish","type":"page","link":"https:\/\/www.printon.ee\/fi\/teenused\/logistika\/","title":{"rendered":"Logistiikka"},"content":{"rendered":"<p><div class=\"fusion-fullwidth fullwidth-box nonhundred-percent-fullwidth non-hundred-percent-height-scrolling\"  style='background-color: rgba(255,255,255,0);background-position: center center;background-repeat: no-repeat;padding-top:0px;padding-right:0px;padding-bottom:0px;padding-left:0px;'><div class=\"fusion-builder-row fusion-row \"><div  class=\"fusion-layout-column fusion_builder_column fusion_builder_column_1_1 fusion-builder-column-1 fusion-one-full fusion-column-first fusion-column-last 1_1\"  style='margin-top:0px;margin-bottom:0px;'>\n\t\t\t\t\t<div class=\"fusion-column-wrapper\" style=\"padding: 0px 0px 0px 0px;background-position:left top;background-repeat:no-repeat;-webkit-background-size:cover;-moz-background-size:cover;-o-background-size:cover;background-size:cover;\"   data-bg-url=\"\">\n\t\t\t\t\t\t<div class=\"fusion-text\"><h5>Tavaroiden toimitus:<\/h5>\n<ul>\n<li>Ty\u00f6skentelemme luotettavien logistiikkakumppaneiden kanssa ja takaamme mahdollisimman nopean toimitusajan.<\/li>\n<li>L\u00e4het\u00e4mme tavarat tarvittaessa eri vastaanottajille.<\/li>\n<li>Voimme pakata tavarat ilman valmistajan tietoja.<\/li>\n<\/ul>\n<p>Tuotteiden toimitusaika riippuu kohdemaasta ja asiakkaan tarpeista.<\/p>\n<p>L\u00e4het\u00e4 pyynt\u00f6 ja laskemme tuotteen tarkan toimitusajan!<\/p>\n<\/div><div class=\"fusion-sep-clear\"><\/div><div class=\"fusion-separator fusion-full-width-sep sep-single sep-solid\" style=\"border-color:#eeeeee;border-top-width:2px;margin-left: auto;margin-right: auto;margin-top:10px;margin-bottom:30px;\"><\/div><div class=\"fusion-clearfix\"><\/div>\n\n\t\t\t\t\t<\/div>\n\t\t\t\t<\/div><\/div><\/div><div class=\"fusion-fullwidth fullwidth-box nonhundred-percent-fullwidth non-hundred-percent-height-scrolling fusion-equal-height-columns\"  style='background-color: rgba(255,255,255,0);background-position: center center;background-repeat: no-repeat;padding-top:0px;padding-right:0px;padding-bottom:0px;padding-left:0px;'><div class=\"fusion-builder-row fusion-row \"><div  class=\"fusion-layout-column fusion_builder_column fusion_builder_column_1_3 fusion-builder-column-2 fusion-one-third fusion-column-first 1_3\"  style='margin-top:0px;margin-bottom:20px;width:33.33%;width:calc(33.33% - ( ( 4% ) * 0.3333 ) );margin-right: 4%;'>\n\t\t\t\t\t<div class=\"fusion-column-wrapper\" style=\"padding: 0px 0px 0px 0px;background-position:left top;background-repeat:no-repeat;-webkit-background-size:cover;-moz-background-size:cover;-o-background-size:cover;background-size:cover;\"   data-bg-url=\"\">\n\t\t\t\t\t\t<span style=\"width:100%;max-width:250px;\" class=\"fusion-imageframe imageframe-none imageframe-1 hover-type-zoomin\"><img decoding=\"async\" src=\"https:\/\/printon.ee\/wp-content\/uploads\/2019\/06\/Marvin.jpg\" width=\"350\" height=\"350\" alt=\"\" title=\"M\u00e4rvin Antov\" class=\"img-responsive wp-image-21640\" srcset=\"https:\/\/www.printon.ee\/wp-content\/uploads\/2019\/06\/Marvin-200x200.jpg 200w, https:\/\/www.printon.ee\/wp-content\/uploads\/2019\/06\/Marvin.jpg 350w\" sizes=\"(max-width: 800px) 100vw, 350px\" \/><\/span><div class=\"fusion-clearfix\"><\/div>\n\n\t\t\t\t\t<\/div>\n\t\t\t\t<\/div><div  class=\"fusion-layout-column fusion_builder_column fusion_builder_column_2_3 fusion-builder-column-3 fusion-two-third fusion-column-last 2_3\"  style='margin-top:0px;margin-bottom:20px;width:66.66%;width:calc(66.66% - ( ( 4% ) * 0.6666 ) );'>\n\t\t\t\t\t<div class=\"fusion-column-wrapper\" style=\"padding: 0px 0px 0px 0px;background-position:left top;background-repeat:no-repeat;-webkit-background-size:cover;-moz-background-size:cover;-o-background-size:cover;background-size:cover;\"   data-bg-url=\"\">\n\t\t\t\t\t\t<div class=\"fusion-column-content-centered\"><div class=\"fusion-column-content\"><div class=\"fusion-text\"><h5>M\u00e4rvin Antov<\/h5>\n<p>Logistiikka- ja ostop\u00e4\u00e4llikk\u00f6<\/p>\n<\/div><div class=\"fusion-button-wrapper\"><style type=\"text\/css\" scoped=\"scoped\">.fusion-button.button-1 .fusion-button-text, .fusion-button.button-1 i {color:#ffffff;}.fusion-button.button-1 {border-width:1px;border-color:#ffffff;}.fusion-button.button-1 .fusion-button-icon-divider{border-color:#ffffff;}.fusion-button.button-1:hover .fusion-button-text, .fusion-button.button-1:hover i,.fusion-button.button-1:focus .fusion-button-text, .fusion-button.button-1:focus i,.fusion-button.button-1:active .fusion-button-text, .fusion-button.button-1:active{color:#ffffff;}.fusion-button.button-1:hover, .fusion-button.button-1:focus, .fusion-button.button-1:active{border-width:1px;border-color:#ffffff;}.fusion-button.button-1:hover .fusion-button-icon-divider, .fusion-button.button-1:hover .fusion-button-icon-divider, .fusion-button.button-1:active .fusion-button-icon-divider{border-color:#ffffff;}.fusion-button.button-1{width:auto;}<\/style><a class=\"fusion-button button-flat fusion-button-round button-large button-default button-1\" target=\"_self\" href=\"https:\/\/printon.ee\/fi\/hinnaparing\/\"><span class=\"fusion-button-text\">TARJOUSPYYNT\u00d6<\/span><\/a><\/div><\/div><\/div><div class=\"fusion-clearfix\"><\/div>\n\n\t\t\t\t\t<\/div>\n\t\t\t\t<\/div><\/div><\/div><\/p>\n","protected":false},"excerpt":{"rendered":"","protected":false},"author":9,"featured_media":0,"parent":22708,"menu_order":0,"comment_status":"closed","ping_status":"closed","template":"","meta":{"footnotes":""},"class_list":["post-22728","page","type-page","status-publish","hentry"],"yoast_head":"<!-- This site is optimized with the Yoast SEO plugin v26.8 - https:\/\/yoast.com\/product\/yoast-seo-wordpress\/ -->\n<title>Logistiikka - painotalo Tallinnassa - AS Printon<\/title>\n<meta name=\"description\" content=\"Logistiikka Virosta - takaamme mahdollisimman nopean toimitusajan! Voimme pakata kirjat ja muut painotuotteet ilman valmistajan tietoja.\" \/>\n<meta name=\"robots\" content=\"index, follow, max-snippet:-1, max-image-preview:large, max-video-preview:-1\" \/>\n<link rel=\"canonical\" href=\"https:\/\/www.printon.ee\/fi\/teenused\/logistika\/\" \/>\n<meta property=\"og:locale\" content=\"fi_FI\" \/>\n<meta property=\"og:type\" content=\"article\" \/>\n<meta property=\"og:title\" content=\"Logistiikka - painotalo Tallinnassa - AS Printon\" \/>\n<meta property=\"og:description\" content=\"Logistiikka Virosta - takaamme mahdollisimman nopean toimitusajan! Voimme pakata kirjat ja muut painotuotteet ilman valmistajan tietoja.\" \/>\n<meta property=\"og:url\" content=\"https:\/\/www.printon.ee\/fi\/teenused\/logistika\/\" \/>\n<meta property=\"og:site_name\" content=\"AS Printon\" \/>\n<meta property=\"article:modified_time\" content=\"2023-02-23T08:08:29+00:00\" \/>\n<meta name=\"twitter:card\" content=\"summary_large_image\" \/>\n<meta name=\"twitter:label1\" content=\"Arvioitu lukuaika\" \/>\n\t<meta name=\"twitter:data1\" content=\"2 minuuttia\" \/>\n<script type=\"application\/ld+json\" class=\"yoast-schema-graph\">{\"@context\":\"https:\/\/schema.org\",\"@graph\":[{\"@type\":\"WebPage\",\"@id\":\"https:\/\/www.printon.ee\/fi\/teenused\/logistika\/\",\"url\":\"https:\/\/www.printon.ee\/fi\/teenused\/logistika\/\",\"name\":\"Logistiikka - painotalo Tallinnassa - AS Printon\",\"isPartOf\":{\"@id\":\"https:\/\/www.printon.ee\/#website\"},\"datePublished\":\"2019-02-21T09:43:09+00:00\",\"dateModified\":\"2023-02-23T08:08:29+00:00\",\"description\":\"Logistiikka Virosta - takaamme mahdollisimman nopean toimitusajan! Voimme pakata kirjat ja muut painotuotteet ilman valmistajan tietoja.\",\"breadcrumb\":{\"@id\":\"https:\/\/www.printon.ee\/fi\/teenused\/logistika\/#breadcrumb\"},\"inLanguage\":\"fi\",\"potentialAction\":[{\"@type\":\"ReadAction\",\"target\":[\"https:\/\/www.printon.ee\/fi\/teenused\/logistika\/\"]}]},{\"@type\":\"BreadcrumbList\",\"@id\":\"https:\/\/www.printon.ee\/fi\/teenused\/logistika\/#breadcrumb\",\"itemListElement\":[{\"@type\":\"ListItem\",\"position\":1,\"name\":\"Home\",\"item\":\"https:\/\/www.printon.ee\/fi\/\"},{\"@type\":\"ListItem\",\"position\":2,\"name\":\"Palvelut\",\"item\":\"https:\/\/www.printon.ee\/fi\/teenused\/\"},{\"@type\":\"ListItem\",\"position\":3,\"name\":\"Logistiikka\"}]},{\"@type\":\"WebSite\",\"@id\":\"https:\/\/www.printon.ee\/#website\",\"url\":\"https:\/\/www.printon.ee\/\",\"name\":\"AS Printon\",\"description\":\"Raamatud, bros\u00fc\u00fcrid, kataloogid, kalendrid\",\"potentialAction\":[{\"@type\":\"SearchAction\",\"target\":{\"@type\":\"EntryPoint\",\"urlTemplate\":\"https:\/\/www.printon.ee\/?s={search_term_string}\"},\"query-input\":{\"@type\":\"PropertyValueSpecification\",\"valueRequired\":true,\"valueName\":\"search_term_string\"}}],\"inLanguage\":\"fi\"}]}<\/script>\n<!-- \/ Yoast SEO plugin. -->","yoast_head_json":{"title":"Logistiikka - painotalo Tallinnassa - AS Printon","description":"Logistiikka Virosta - takaamme mahdollisimman nopean toimitusajan! Voimme pakata kirjat ja muut painotuotteet ilman valmistajan tietoja.","robots":{"index":"index","follow":"follow","max-snippet":"max-snippet:-1","max-image-preview":"max-image-preview:large","max-video-preview":"max-video-preview:-1"},"canonical":"https:\/\/www.printon.ee\/fi\/teenused\/logistika\/","og_locale":"fi_FI","og_type":"article","og_title":"Logistiikka - painotalo Tallinnassa - AS Printon","og_description":"Logistiikka Virosta - takaamme mahdollisimman nopean toimitusajan! Voimme pakata kirjat ja muut painotuotteet ilman valmistajan tietoja.","og_url":"https:\/\/www.printon.ee\/fi\/teenused\/logistika\/","og_site_name":"AS Printon","article_modified_time":"2023-02-23T08:08:29+00:00","twitter_card":"summary_large_image","twitter_misc":{"Arvioitu lukuaika":"2 minuuttia"},"schema":{"@context":"https:\/\/schema.org","@graph":[{"@type":"WebPage","@id":"https:\/\/www.printon.ee\/fi\/teenused\/logistika\/","url":"https:\/\/www.printon.ee\/fi\/teenused\/logistika\/","name":"Logistiikka - painotalo Tallinnassa - AS Printon","isPartOf":{"@id":"https:\/\/www.printon.ee\/#website"},"datePublished":"2019-02-21T09:43:09+00:00","dateModified":"2023-02-23T08:08:29+00:00","description":"Logistiikka Virosta - takaamme mahdollisimman nopean toimitusajan! Voimme pakata kirjat ja muut painotuotteet ilman valmistajan tietoja.","breadcrumb":{"@id":"https:\/\/www.printon.ee\/fi\/teenused\/logistika\/#breadcrumb"},"inLanguage":"fi","potentialAction":[{"@type":"ReadAction","target":["https:\/\/www.printon.ee\/fi\/teenused\/logistika\/"]}]},{"@type":"BreadcrumbList","@id":"https:\/\/www.printon.ee\/fi\/teenused\/logistika\/#breadcrumb","itemListElement":[{"@type":"ListItem","position":1,"name":"Home","item":"https:\/\/www.printon.ee\/fi\/"},{"@type":"ListItem","position":2,"name":"Palvelut","item":"https:\/\/www.printon.ee\/fi\/teenused\/"},{"@type":"ListItem","position":3,"name":"Logistiikka"}]},{"@type":"WebSite","@id":"https:\/\/www.printon.ee\/#website","url":"https:\/\/www.printon.ee\/","name":"AS Printon","description":"Raamatud, bros\u00fc\u00fcrid, kataloogid, kalendrid","potentialAction":[{"@type":"SearchAction","target":{"@type":"EntryPoint","urlTemplate":"https:\/\/www.printon.ee\/?s={search_term_string}"},"query-input":{"@type":"PropertyValueSpecification","valueRequired":true,"valueName":"search_term_string"}}],"inLanguage":"fi"}]}},"_links":{"self":[{"href":"https:\/\/www.printon.ee\/fi\/wp-json\/wp\/v2\/pages\/22728","targetHints":{"allow":["GET"]}}],"collection":[{"href":"https:\/\/www.printon.ee\/fi\/wp-json\/wp\/v2\/pages"}],"about":[{"href":"https:\/\/www.printon.ee\/fi\/wp-json\/wp\/v2\/types\/page"}],"author":[{"embeddable":true,"href":"https:\/\/www.printon.ee\/fi\/wp-json\/wp\/v2\/users\/9"}],"replies":[{"embeddable":true,"href":"https:\/\/www.printon.ee\/fi\/wp-json\/wp\/v2\/comments?post=22728"}],"version-history":[{"count":0,"href":"https:\/\/www.printon.ee\/fi\/wp-json\/wp\/v2\/pages\/22728\/revisions"}],"up":[{"embeddable":true,"href":"https:\/\/www.printon.ee\/fi\/wp-json\/wp\/v2\/pages\/22708"}],"wp:attachment":[{"href":"https:\/\/www.printon.ee\/fi\/wp-json\/wp\/v2\/media?parent=22728"}],"curies":[{"name":"wp","href":"https:\/\/api.w.org\/{rel}","templated":true}]}}