{"id":22738,"date":"2019-02-21T11:50:04","date_gmt":"2019-02-21T09:50:04","guid":{"rendered":"http:\/\/printon.veebispetsid.com\/overprint\/"},"modified":"2019-06-28T14:33:10","modified_gmt":"2019-06-28T11:33:10","slug":"overprint","status":"publish","type":"page","link":"https:\/\/www.printon.ee\/fi\/overprint\/","title":{"rendered":"Overprint"},"content":{"rendered":"<div class=\"fusion-fullwidth fullwidth-box nonhundred-percent-fullwidth non-hundred-percent-height-scrolling\"  style='background-color: rgba(255,255,255,0);background-position: center center;background-repeat: no-repeat;padding-top:0px;padding-right:0px;padding-bottom:0px;padding-left:0px;'><div class=\"fusion-builder-row fusion-row \"><div  class=\"fusion-layout-column fusion_builder_column fusion_builder_column_1_1 fusion-builder-column-1 fusion-one-full fusion-column-first fusion-column-last 1_1\"  style='margin-top:0px;margin-bottom:0px;'>\n\t\t\t\t\t<div class=\"fusion-column-wrapper\" style=\"padding: 0px 0px 0px 0px;background-position:left top;background-repeat:no-repeat;-webkit-background-size:cover;-moz-background-size:cover;-o-background-size:cover;background-size:cover;\"   data-bg-url=\"\">\n\t\t\t\t\t\t<div class=\"fusion-text\"><p>RIP k\u00e4ytt\u00e4\u00e4 Composite tiedostojen osalta v\u00e4rierotuksen tekemiseen automaattisesti mustaa p\u00e4\u00e4lle painamista (black overprint). Jos painotuotteessa on vierekk\u00e4in 100% musta ja lis\u00e4ksi viel\u00e4 musta, jossa on my\u00f6s muita osas\u00e4vyj\u00e4, niin mustan overprintin osalta saattavat mustan alle j\u00e4\u00e4v\u00e4t kohteet alkaa heijastua l\u00e4pi. Sen johdosta on kauniin tehokkaan mustan saavuttamiseen k\u00e4ytett\u00e4v\u00e4 100% mustan tilalla kaavaa C \u2013 40, M \u2013 30, Y \u2013 30, K \u2013 100.<\/p>\n<p>Suosittelemme jokaisen muotoiluratkaisun osalta joka kerta perusteellisesti pohtimaan overprintin vaikutusta painotuotteen ulkon\u00e4k\u00f6\u00f6n. Jos muotoillussa on k\u00e4ytetty kohteita, joissa on overprint ja sellaisia, jossa overprinti\u00e4 ei ole (knockout), ja joissa repron overprint saattaa pilata jotakin, niin voitte valmistaa tulostustiedoston v\u00e4rierottelulla \u2013 sitten voitte itse tarkastaa, ett\u00e4 painotuotteen esivalmistelun t\u00e4rkein vaihe on sujunut virheett\u00f6m\u00e4sti..<\/p>\n<p>Ty\u00f6n puhtaan mitan on oltava tarkalleen tulostimen lehden keskell\u00e4.<\/p>\n<p>Lis\u00e4tk\u00e4\u00e4 taitossa jokaiseen ulkoreunaan viel\u00e4 3-5 mm leikkausvara (bleed). Jokaiseen leikkausvaraan on ehdottomasti merkitt\u00e4v\u00e4 my\u00f6s leikkuumerkit (crops).<\/p>\n<p>Valmiissa painotuotteessa esiintyvist\u00e4 mahdollisista virheist\u00e4 suurin osa on kirjoitusvirheit\u00e4. Siksi suosittelemme, ett\u00e4 tarkistatte kaikki tekstit ennen niiden painoon toimittamista erityisen huolellisesti. Kirjoitusvirheist\u00e4 johtuva uusintapaino tulee loppujen lopuksi paljon kalliimmaksi kuin tekstin huolellinen tarkistaminen!<\/p>\n<p>Kun arkki on muokattu tietokoneella, tehd\u00e4\u00e4n ennen painolevyjen valmistamista jokaisesta painolevyst\u00e4 mustetulostimen arkin tulostus. Arkin tulostus on tarkoitettu tekstien ja kuvien paikkaansa pit\u00e4vyyden tarkistamiseen ja se on ensisijaisesti talonsis\u00e4inen ty\u00f6v\u00e4line. Jotta tekstien oikeellisuudesta ja arkin muotoilun oikeellisuudesta saataisiin t\u00e4ysi varmuus, voidaan arkin tulostus l\u00e4hett\u00e4\u00e4 ennen painolevyn valmistamista viel\u00e4 asiakkaalle tarkistettavaksi. T\u00e4m\u00e4 on viimeinen mahdollisuus painoprosessissa muutosten tekemiseen. Mutta arkin tulostus ei sovellu miss\u00e4\u00e4n nimess\u00e4 tarkkojen v\u00e4ris\u00e4vyjen tarkistamiseen!<\/p>\n<p>Jos haluatte tarkistaa tiedostojen v\u00e4ris\u00e4vyjen ja lopputuloksen v\u00e4ris\u00e4vyjen vastaavuutta, suosittelemme sublimaation tilaamista. A3 kokoa oleva sublimaatio tulostetaan suoraan tiedostosta huippukiilt\u00e4v\u00e4\u00e4n paperiin, niin kaikki v\u00e4rit ovat mahdollisimman lopputuloksen mukaisia, mutta eiv\u00e4t 100 %. Lopullinen v\u00e4ris\u00e4vy painotuotteessa riippuu suurelta osin my\u00f6s valitusta paperilaadusta.<\/p>\n<p>Pienoismallin t\u00e4rkeys on aika usein aliarvioitua. Pienoismalli on toivotun lopputuloksen v\u00e4hennetty kopio, useimmiten mustavalkoisella tulostimelle tulostettu ja lopputulokseen mukaan taitettu ja yhteen liitetty tulostus. Tiedostot l\u00e4hetet\u00e4\u00e4n s\u00e4hk\u00f6isesti, joten vain pienoismallista voidaan tarkistaa, ovatko tekstit ja kuvat toivomusten mukaisia. Jos tiedostoihin on kuljettamisen aikana syntynyt jokin virhe, ilman pienoismallia sit\u00e4 ei ehk\u00e4 l\u00f6ydyk\u00e4\u00e4n. Jos tilaukseen ei ole liitetty pienoismallia, niin painotalo ei voi ottaa t\u00e4ytt\u00e4 vastuuta, ett\u00e4 lopputulos vastaa asiakkaan toiveita!<\/p>\n<\/div><div class=\"fusion-clearfix\"><\/div>\n\n\t\t\t\t\t<\/div>\n\t\t\t\t<\/div><\/div><\/div>\n","protected":false},"excerpt":{"rendered":"","protected":false},"author":9,"featured_media":0,"parent":0,"menu_order":0,"comment_status":"closed","ping_status":"closed","template":"","meta":{"footnotes":""},"class_list":["post-22738","page","type-page","status-publish","hentry"],"yoast_head":"<!-- This site is optimized with the Yoast SEO plugin v26.8 - https:\/\/yoast.com\/product\/yoast-seo-wordpress\/ -->\n<title>Overprint - AS Printon<\/title>\n<meta name=\"robots\" content=\"index, follow, max-snippet:-1, max-image-preview:large, max-video-preview:-1\" \/>\n<link rel=\"canonical\" href=\"https:\/\/www.printon.ee\/fi\/overprint\/\" \/>\n<meta property=\"og:locale\" content=\"fi_FI\" \/>\n<meta property=\"og:type\" content=\"article\" \/>\n<meta property=\"og:title\" content=\"Overprint - AS Printon\" \/>\n<meta property=\"og:url\" content=\"https:\/\/www.printon.ee\/fi\/overprint\/\" \/>\n<meta property=\"og:site_name\" content=\"AS Printon\" \/>\n<meta property=\"article:modified_time\" content=\"2019-06-28T11:33:10+00:00\" \/>\n<meta name=\"twitter:card\" content=\"summary_large_image\" \/>\n<meta name=\"twitter:label1\" content=\"Arvioitu lukuaika\" \/>\n\t<meta name=\"twitter:data1\" content=\"3 minuuttia\" \/>\n<script type=\"application\/ld+json\" class=\"yoast-schema-graph\">{\"@context\":\"https:\/\/schema.org\",\"@graph\":[{\"@type\":\"WebPage\",\"@id\":\"https:\/\/www.printon.ee\/fi\/overprint\/\",\"url\":\"https:\/\/www.printon.ee\/fi\/overprint\/\",\"name\":\"Overprint - AS Printon\",\"isPartOf\":{\"@id\":\"https:\/\/www.printon.ee\/#website\"},\"datePublished\":\"2019-02-21T09:50:04+00:00\",\"dateModified\":\"2019-06-28T11:33:10+00:00\",\"breadcrumb\":{\"@id\":\"https:\/\/www.printon.ee\/fi\/overprint\/#breadcrumb\"},\"inLanguage\":\"fi\",\"potentialAction\":[{\"@type\":\"ReadAction\",\"target\":[\"https:\/\/www.printon.ee\/fi\/overprint\/\"]}]},{\"@type\":\"BreadcrumbList\",\"@id\":\"https:\/\/www.printon.ee\/fi\/overprint\/#breadcrumb\",\"itemListElement\":[{\"@type\":\"ListItem\",\"position\":1,\"name\":\"Home\",\"item\":\"https:\/\/www.printon.ee\/fi\/\"},{\"@type\":\"ListItem\",\"position\":2,\"name\":\"Overprint\"}]},{\"@type\":\"WebSite\",\"@id\":\"https:\/\/www.printon.ee\/#website\",\"url\":\"https:\/\/www.printon.ee\/\",\"name\":\"AS Printon\",\"description\":\"Raamatud, bros\u00fc\u00fcrid, kataloogid, kalendrid\",\"potentialAction\":[{\"@type\":\"SearchAction\",\"target\":{\"@type\":\"EntryPoint\",\"urlTemplate\":\"https:\/\/www.printon.ee\/?s={search_term_string}\"},\"query-input\":{\"@type\":\"PropertyValueSpecification\",\"valueRequired\":true,\"valueName\":\"search_term_string\"}}],\"inLanguage\":\"fi\"}]}<\/script>\n<!-- \/ Yoast SEO plugin. -->","yoast_head_json":{"title":"Overprint - AS Printon","robots":{"index":"index","follow":"follow","max-snippet":"max-snippet:-1","max-image-preview":"max-image-preview:large","max-video-preview":"max-video-preview:-1"},"canonical":"https:\/\/www.printon.ee\/fi\/overprint\/","og_locale":"fi_FI","og_type":"article","og_title":"Overprint - AS Printon","og_url":"https:\/\/www.printon.ee\/fi\/overprint\/","og_site_name":"AS Printon","article_modified_time":"2019-06-28T11:33:10+00:00","twitter_card":"summary_large_image","twitter_misc":{"Arvioitu lukuaika":"3 minuuttia"},"schema":{"@context":"https:\/\/schema.org","@graph":[{"@type":"WebPage","@id":"https:\/\/www.printon.ee\/fi\/overprint\/","url":"https:\/\/www.printon.ee\/fi\/overprint\/","name":"Overprint - AS Printon","isPartOf":{"@id":"https:\/\/www.printon.ee\/#website"},"datePublished":"2019-02-21T09:50:04+00:00","dateModified":"2019-06-28T11:33:10+00:00","breadcrumb":{"@id":"https:\/\/www.printon.ee\/fi\/overprint\/#breadcrumb"},"inLanguage":"fi","potentialAction":[{"@type":"ReadAction","target":["https:\/\/www.printon.ee\/fi\/overprint\/"]}]},{"@type":"BreadcrumbList","@id":"https:\/\/www.printon.ee\/fi\/overprint\/#breadcrumb","itemListElement":[{"@type":"ListItem","position":1,"name":"Home","item":"https:\/\/www.printon.ee\/fi\/"},{"@type":"ListItem","position":2,"name":"Overprint"}]},{"@type":"WebSite","@id":"https:\/\/www.printon.ee\/#website","url":"https:\/\/www.printon.ee\/","name":"AS Printon","description":"Raamatud, bros\u00fc\u00fcrid, kataloogid, kalendrid","potentialAction":[{"@type":"SearchAction","target":{"@type":"EntryPoint","urlTemplate":"https:\/\/www.printon.ee\/?s={search_term_string}"},"query-input":{"@type":"PropertyValueSpecification","valueRequired":true,"valueName":"search_term_string"}}],"inLanguage":"fi"}]}},"_links":{"self":[{"href":"https:\/\/www.printon.ee\/fi\/wp-json\/wp\/v2\/pages\/22738","targetHints":{"allow":["GET"]}}],"collection":[{"href":"https:\/\/www.printon.ee\/fi\/wp-json\/wp\/v2\/pages"}],"about":[{"href":"https:\/\/www.printon.ee\/fi\/wp-json\/wp\/v2\/types\/page"}],"author":[{"embeddable":true,"href":"https:\/\/www.printon.ee\/fi\/wp-json\/wp\/v2\/users\/9"}],"replies":[{"embeddable":true,"href":"https:\/\/www.printon.ee\/fi\/wp-json\/wp\/v2\/comments?post=22738"}],"version-history":[{"count":0,"href":"https:\/\/www.printon.ee\/fi\/wp-json\/wp\/v2\/pages\/22738\/revisions"}],"wp:attachment":[{"href":"https:\/\/www.printon.ee\/fi\/wp-json\/wp\/v2\/media?parent=22738"}],"curies":[{"name":"wp","href":"https:\/\/api.w.org\/{rel}","templated":true}]}}