{"id":22458,"date":"2019-02-20T15:48:52","date_gmt":"2019-02-20T13:48:52","guid":{"rendered":"http:\/\/printon.veebispetsid.com\/ettevottest\/vabad-tookohad\/"},"modified":"2020-06-29T10:49:23","modified_gmt":"2020-06-29T07:49:23","slug":"vabad-tookohad","status":"publish","type":"page","link":"https:\/\/www.printon.ee\/no\/ettevottest\/vabad-tookohad\/","title":{"rendered":"Printon som arbeidsgiver"},"content":{"rendered":"<div class=\"fusion-fullwidth fullwidth-box nonhundred-percent-fullwidth non-hundred-percent-height-scrolling\"  style='background-color: rgba(255,255,255,0);background-position: center center;background-repeat: no-repeat;padding-top:0px;padding-right:0px;padding-bottom:0px;padding-left:0px;'><div class=\"fusion-builder-row fusion-row \"><div  class=\"fusion-layout-column fusion_builder_column fusion_builder_column_1_1 fusion-builder-column-1 fusion-one-full fusion-column-first fusion-column-last 1_1\"  style='margin-top:0px;margin-bottom:20px;'>\n\t\t\t\t\t<div class=\"fusion-column-wrapper\" style=\"padding: 0px 0px 0px 0px;background-position:left top;background-repeat:no-repeat;-webkit-background-size:cover;-moz-background-size:cover;-o-background-size:cover;background-size:cover;\"   data-bg-url=\"\">\n\t\t\t\t\t\t<div class=\"fusion-text\"><h5>Veksten til Printon har v\u00e6rt stabil og \u00f8kende gjennom \u00e5rene \u2013 vi startet i 2000 med et lite mannskap, og n\u00e5 arbeider det 86 mennesker hos oss.<\/h5>\n<\/div><div class=\"fusion-sep-clear\"><\/div><div class=\"fusion-separator fusion-full-width-sep sep-none\" style=\"margin-left: auto;margin-right: auto;margin-top:;margin-bottom:20px;\"><\/div><div class=\"fusion-text\"><p>Det er viktig for oss at ansatte f\u00f8ler seg bra p\u00e5 jobb.<\/p>\n<p>Vi har en \u00e5pen vennlig og respekterende kommunikasjonskultur i bedriften.<\/p>\n<p>Vi gj\u00f8r v\u00e5rt beste hver dag for \u00e5 produsere trykksaker av regionens beste kvalitet.<\/p>\n<\/div><div class=\"fusion-clearfix\"><\/div>\n\n\t\t\t\t\t<\/div>\n\t\t\t\t<\/div><\/div><\/div>\n","protected":false},"excerpt":{"rendered":"","protected":false},"author":9,"featured_media":0,"parent":22399,"menu_order":0,"comment_status":"closed","ping_status":"closed","template":"","meta":{"footnotes":""},"class_list":["post-22458","page","type-page","status-publish","hentry"],"yoast_head":"<!-- This site is optimized with the Yoast SEO plugin v26.8 - https:\/\/yoast.com\/product\/yoast-seo-wordpress\/ -->\n<title>Printon som arbeidsgiver - Printon AS<\/title>\n<meta name=\"robots\" content=\"index, follow, max-snippet:-1, max-image-preview:large, max-video-preview:-1\" \/>\n<link rel=\"canonical\" href=\"https:\/\/www.printon.ee\/no\/ettevottest\/vabad-tookohad\/\" \/>\n<meta property=\"og:locale\" content=\"nb_NO\" \/>\n<meta property=\"og:type\" content=\"article\" \/>\n<meta property=\"og:title\" content=\"Printon som arbeidsgiver - Printon AS\" \/>\n<meta property=\"og:url\" content=\"https:\/\/www.printon.ee\/no\/ettevottest\/vabad-tookohad\/\" \/>\n<meta property=\"og:site_name\" content=\"Printon AS\" \/>\n<meta property=\"article:modified_time\" content=\"2020-06-29T07:49:23+00:00\" \/>\n<meta name=\"twitter:card\" content=\"summary_large_image\" \/>\n<meta name=\"twitter:label1\" content=\"Ansl. lesetid\" \/>\n\t<meta name=\"twitter:data1\" content=\"2 minutter\" \/>\n<script type=\"application\/ld+json\" class=\"yoast-schema-graph\">{\"@context\":\"https:\/\/schema.org\",\"@graph\":[{\"@type\":\"WebPage\",\"@id\":\"https:\/\/www.printon.ee\/no\/ettevottest\/vabad-tookohad\/\",\"url\":\"https:\/\/www.printon.ee\/no\/ettevottest\/vabad-tookohad\/\",\"name\":\"Printon som arbeidsgiver - Printon AS\",\"isPartOf\":{\"@id\":\"https:\/\/www.printon.ee\/#website\"},\"datePublished\":\"2019-02-20T13:48:52+00:00\",\"dateModified\":\"2020-06-29T07:49:23+00:00\",\"breadcrumb\":{\"@id\":\"https:\/\/www.printon.ee\/no\/ettevottest\/vabad-tookohad\/#breadcrumb\"},\"inLanguage\":\"nb-NO\",\"potentialAction\":[{\"@type\":\"ReadAction\",\"target\":[\"https:\/\/www.printon.ee\/no\/ettevottest\/vabad-tookohad\/\"]}]},{\"@type\":\"BreadcrumbList\",\"@id\":\"https:\/\/www.printon.ee\/no\/ettevottest\/vabad-tookohad\/#breadcrumb\",\"itemListElement\":[{\"@type\":\"ListItem\",\"position\":1,\"name\":\"Home\",\"item\":\"https:\/\/www.printon.ee\/no\/\"},{\"@type\":\"ListItem\",\"position\":2,\"name\":\"Om selskapet\",\"item\":\"https:\/\/www.printon.ee\/no\/ettevottest\/\"},{\"@type\":\"ListItem\",\"position\":3,\"name\":\"Printon som arbeidsgiver\"}]},{\"@type\":\"WebSite\",\"@id\":\"https:\/\/www.printon.ee\/#website\",\"url\":\"https:\/\/www.printon.ee\/\",\"name\":\"Printon AS\",\"description\":\"Raamatud, bros\u00fc\u00fcrid, kataloogid, kalendrid\",\"potentialAction\":[{\"@type\":\"SearchAction\",\"target\":{\"@type\":\"EntryPoint\",\"urlTemplate\":\"https:\/\/www.printon.ee\/?s={search_term_string}\"},\"query-input\":{\"@type\":\"PropertyValueSpecification\",\"valueRequired\":true,\"valueName\":\"search_term_string\"}}],\"inLanguage\":\"nb-NO\"}]}<\/script>\n<!-- \/ Yoast SEO plugin. -->","yoast_head_json":{"title":"Printon som arbeidsgiver - Printon AS","robots":{"index":"index","follow":"follow","max-snippet":"max-snippet:-1","max-image-preview":"max-image-preview:large","max-video-preview":"max-video-preview:-1"},"canonical":"https:\/\/www.printon.ee\/no\/ettevottest\/vabad-tookohad\/","og_locale":"nb_NO","og_type":"article","og_title":"Printon som arbeidsgiver - Printon AS","og_url":"https:\/\/www.printon.ee\/no\/ettevottest\/vabad-tookohad\/","og_site_name":"Printon AS","article_modified_time":"2020-06-29T07:49:23+00:00","twitter_card":"summary_large_image","twitter_misc":{"Ansl. lesetid":"2 minutter"},"schema":{"@context":"https:\/\/schema.org","@graph":[{"@type":"WebPage","@id":"https:\/\/www.printon.ee\/no\/ettevottest\/vabad-tookohad\/","url":"https:\/\/www.printon.ee\/no\/ettevottest\/vabad-tookohad\/","name":"Printon som arbeidsgiver - Printon AS","isPartOf":{"@id":"https:\/\/www.printon.ee\/#website"},"datePublished":"2019-02-20T13:48:52+00:00","dateModified":"2020-06-29T07:49:23+00:00","breadcrumb":{"@id":"https:\/\/www.printon.ee\/no\/ettevottest\/vabad-tookohad\/#breadcrumb"},"inLanguage":"nb-NO","potentialAction":[{"@type":"ReadAction","target":["https:\/\/www.printon.ee\/no\/ettevottest\/vabad-tookohad\/"]}]},{"@type":"BreadcrumbList","@id":"https:\/\/www.printon.ee\/no\/ettevottest\/vabad-tookohad\/#breadcrumb","itemListElement":[{"@type":"ListItem","position":1,"name":"Home","item":"https:\/\/www.printon.ee\/no\/"},{"@type":"ListItem","position":2,"name":"Om selskapet","item":"https:\/\/www.printon.ee\/no\/ettevottest\/"},{"@type":"ListItem","position":3,"name":"Printon som arbeidsgiver"}]},{"@type":"WebSite","@id":"https:\/\/www.printon.ee\/#website","url":"https:\/\/www.printon.ee\/","name":"Printon AS","description":"Raamatud, bros\u00fc\u00fcrid, kataloogid, kalendrid","potentialAction":[{"@type":"SearchAction","target":{"@type":"EntryPoint","urlTemplate":"https:\/\/www.printon.ee\/?s={search_term_string}"},"query-input":{"@type":"PropertyValueSpecification","valueRequired":true,"valueName":"search_term_string"}}],"inLanguage":"nb-NO"}]}},"_links":{"self":[{"href":"https:\/\/www.printon.ee\/no\/wp-json\/wp\/v2\/pages\/22458","targetHints":{"allow":["GET"]}}],"collection":[{"href":"https:\/\/www.printon.ee\/no\/wp-json\/wp\/v2\/pages"}],"about":[{"href":"https:\/\/www.printon.ee\/no\/wp-json\/wp\/v2\/types\/page"}],"author":[{"embeddable":true,"href":"https:\/\/www.printon.ee\/no\/wp-json\/wp\/v2\/users\/9"}],"replies":[{"embeddable":true,"href":"https:\/\/www.printon.ee\/no\/wp-json\/wp\/v2\/comments?post=22458"}],"version-history":[{"count":0,"href":"https:\/\/www.printon.ee\/no\/wp-json\/wp\/v2\/pages\/22458\/revisions"}],"up":[{"embeddable":true,"href":"https:\/\/www.printon.ee\/no\/wp-json\/wp\/v2\/pages\/22399"}],"wp:attachment":[{"href":"https:\/\/www.printon.ee\/no\/wp-json\/wp\/v2\/media?parent=22458"}],"curies":[{"name":"wp","href":"https:\/\/api.w.org\/{rel}","templated":true}]}}