{"id":22528,"date":"2019-02-21T11:42:24","date_gmt":"2019-02-21T09:42:24","guid":{"rendered":"http:\/\/printon.veebispetsid.com\/teenused\/repro\/"},"modified":"2025-03-19T14:06:59","modified_gmt":"2025-03-19T12:06:59","slug":"repro","status":"publish","type":"page","link":"https:\/\/www.printon.ee\/no\/teenused\/repro\/","title":{"rendered":"Reproduksjon"},"content":{"rendered":"<p><div class=\"fusion-fullwidth fullwidth-box nonhundred-percent-fullwidth non-hundred-percent-height-scrolling\"  style='background-color: rgba(255,255,255,0);background-position: center center;background-repeat: no-repeat;padding-top:0px;padding-right:0px;padding-bottom:0px;padding-left:0px;'><div class=\"fusion-builder-row fusion-row \"><div  class=\"fusion-layout-column fusion_builder_column fusion_builder_column_1_1 fusion-builder-column-1 fusion-one-full fusion-column-first fusion-column-last 1_1\"  style='margin-top:0px;margin-bottom:20px;'>\n\t\t\t\t\t<div class=\"fusion-column-wrapper\" style=\"padding: 0px 0px 0px 0px;background-position:left top;background-repeat:no-repeat;-webkit-background-size:cover;-moz-background-size:cover;-o-background-size:cover;background-size:cover;\"   data-bg-url=\"\">\n\t\t\t\t\t\t<div class=\"fusion-text\"><h5>Reproduksjonsavdelingen til Printon garanterer en flytende forberedelse til trykking.<\/h5>\n<ul>\n<li>Sjekk og redigering av arbeidsfiler<\/li>\n<li>Plassering av trykksaken p\u00e5 arket<\/li>\n<li>Design og layout<\/li>\n<li>Utf\u00f8ring av pr\u00f8vetrykk<\/li>\n<li>Forberedelse av trykkplater<\/li>\n<\/ul>\n<\/div><div class=\"fusion-button-wrapper\"><style type=\"text\/css\" scoped=\"scoped\">.fusion-button.button-1 .fusion-button-text, .fusion-button.button-1 i {color:#ffffff;}.fusion-button.button-1 {border-width:1px;border-color:#ffffff;}.fusion-button.button-1 .fusion-button-icon-divider{border-color:#ffffff;}.fusion-button.button-1:hover .fusion-button-text, .fusion-button.button-1:hover i,.fusion-button.button-1:focus .fusion-button-text, .fusion-button.button-1:focus i,.fusion-button.button-1:active .fusion-button-text, .fusion-button.button-1:active{color:#ffffff;}.fusion-button.button-1:hover, .fusion-button.button-1:focus, .fusion-button.button-1:active{border-width:1px;border-color:#ffffff;}.fusion-button.button-1:hover .fusion-button-icon-divider, .fusion-button.button-1:hover .fusion-button-icon-divider, .fusion-button.button-1:active .fusion-button-icon-divider{border-color:#ffffff;}.fusion-button.button-1{width:auto;}<\/style><a class=\"fusion-button button-flat fusion-button-round button-large button-default button-1\" target=\"_self\" href=\"https:\/\/printon.ee\/no\/nouanded\/nouded-failidele\/\"><span class=\"fusion-button-text\">Tips<\/span><\/a><\/div><style type=\"text\/css\" scoped=\"scoped\">.fusion-accordian  #accordion-22528-1 .panel-title a .fa-fusion-box{ color: #333333;}.fusion-accordian  #accordion-22528-1 .panel-title a .fa-fusion-box:before{ font-size: 20px; width: 20px;}.fusion-accordian  #accordion-22528-1 .panel-title a{font-size:17px;}.fusion-accordian  #accordion-22528-1 .panel-title a:hover, #accordion-22528-1 .fusion-toggle-boxed-mode:hover .panel-title a { color: #db0066;}.fusion-accordian  #accordion-22528-1 .fusion-toggle-boxed-mode:hover .panel-title a .fa-fusion-box{ color: #db0066;}.fusion-accordian  #accordion-22528-1.fusion-toggle-icon-unboxed .fusion-panel .panel-title a:hover .fa-fusion-box{ color: #db0066 !important;}<\/style><div class=\"accordian fusion-accordian\"><div class=\"panel-group fusion-toggle-icon-unboxed\" id=\"accordion-22528-1\"><div class=\"fusion-panel panel-default fusion-toggle-no-divider\"><div class=\"panel-heading\"><h4 class=\"panel-title toggle\"><a data-toggle=\"collapse\" data-parent=\"#accordion-22528-1\" data-target=\"#388565dfdd92f3c0e\" href=\"#388565dfdd92f3c0e\"><div class=\"fusion-toggle-icon-wrapper\"><i class=\"fa-fusion-box\"><\/i><\/div><div class=\"fusion-toggle-heading\">Framstilling av filer<\/div><\/a><\/h4><\/div><div id=\"388565dfdd92f3c0e\" class=\"panel-collapse collapse \"><div class=\"panel-body toggle-content fusion-clearfix\">Siden vi anvender CTP teknologi (Computer to Plate) for \u00e5 framstille trykkplater, utf\u00f8rer vi trykkarkmontasje av filer selv. Fra kunden forventer vi PDF- eller PostScriptfil, folie passer derimot ikke til trykkforberedelse. Takket v\u00e6re CTP teknologien er tiden som brukes for trykkforberedelse betydelig kortere og sluttresultatet av mye bedre kvalitet.<\/p>\n<p>Ved tidsskrifter og brosjyrer \u00f8nsker vi at b\u00e5de innhold og omslagssidene sendes inn som separate sider, ikke parvis.<\/p>\n<p>Vi foretrekker PostScript- og PDF-filer. Ved Printfiler foretrekker vi composite, men man kan ogs\u00e5 sende inn separerte filer. PDF m\u00e5 alltid v\u00e6re composite.<\/p>\n<p>Ved framstilling av PostScript- og PDF-filer er det viktig \u00e5 huske \u00e5 bruke de siste versjoner av PostScript-drivere og PPD (ved Printon Extreme .PPD). Ved behov kan man laste de ned fra adressen ftp.korepro.ee (Username: anonymus).<\/div><\/div><\/div><div class=\"fusion-panel panel-default fusion-toggle-no-divider\"><div class=\"panel-heading\"><h4 class=\"panel-title toggle\"><a data-toggle=\"collapse\" data-parent=\"#accordion-22528-1\" data-target=\"#bff092557cf68a459\" href=\"#bff092557cf68a459\"><div class=\"fusion-toggle-icon-wrapper\"><i class=\"fa-fusion-box\"><\/i><\/div><div class=\"fusion-toggle-heading\">Overtrykk<\/div><\/a><\/h4><\/div><div id=\"bff092557cf68a459\" class=\"panel-collapse collapse \"><div class=\"panel-body toggle-content fusion-clearfix\">Ved composite-filer anvender RIP automatisk svart overtrykk (black overprint) under fargeseparering. Hvis det finnes 100% svart og svart, som inneholder andre delfarger ved siden av hverandre i en trykksak, kan objekter som blir liggende under svart lyse gjennom hvis man bruker svart overprint. Derfor m\u00e5 det brukes formula C \u2013 40, M \u2013 30, Y \u2013 30, K \u2013 100 i stedet for 100% svart for \u00e5 oppn\u00e5 en vakker, intens og ugjennomsiktig svart farge.<\/p>\n<p>Vi anbefaler at man ved hvert design tenker n\u00f8ye gjennom hvordan det svarte overtrykket kommer til \u00e5 p\u00e5virke trykksakens utseende. Hvis design inneholder b\u00e5de objekter med og uten overtrykk (knockout) der repro-overtrykk kan \u00f8delegge et eller annet, kan du selv lage en PostScript-fil med fargeseparering \u2013 p\u00e5 denne m\u00e5ten kan du kontrollere at den viktigste fasen i trykkforberedelse er feilfri.<\/p>\n<p>Arbeidets nettom\u00e5l m\u00e5 ligge eksakt p\u00e5 midten av side i skriverinnstillinger.<\/p>\n<p>Ved sideoppsett legg til et utfallende (bleed) 3-5 mm ved hver ytterkant. I tillegg til utfallende er det ogs\u00e5 viktig \u00e5 markere beskj\u00e6resteder (crops).<\/p>\n<p>Mest utbredt feil ved ferdige trykksaker er feil i den trykte teksten. Derfor anbefaler vi \u00e5 kontrollere alle tekster n\u00f8ye f\u00f8r de skal trykkes. Omtrykking p\u00e5 grunn av tekstfeil er mye dyrere enn \u00e5 bruke litt ekstra tid p\u00e5 korrekturlesing!<\/p>\n<p>Etter trykkarkmontasje og f\u00f8r framstilling av trykkplater gj\u00f8r vi et arkutskrift av hver trykkplate med hjelp av en blekkskriver. Arkutskriftet er tiltenkt for \u00e5 kontrollere b\u00e5de tekst og bilder og er f\u00f8rst og fremst et internt verkt\u00f8y. Kunden har muligheten \u00e5 se gjennom arkutskritet f\u00f8r framstilling av trykkplater for \u00e5 sikre at tekster og arkmontasje er korrekte. Dette er den siste sjansen \u00e5 gj\u00f8re endringer under trykkprosessen! Arkutskrift egner seg absolutt ikke til kontroll av eksakt riktige farger!<\/p>\n<p>Hvis Du \u00f8nsker \u00e5 se hvorvidt fargene i filer stemmer med sluttresulatet, anbefaler vi \u00e5 bestille en sublimasjon. Siden sublimasjon i A3 format skrives direkte fra fil til h\u00f8yglanspapir, er fargene meget like sluttresultatet, men ikke 100% like. Trykksakens endelige farge er i stor grad avhengig av det valgte papiret.<\/p>\n<p>Oftest undervurderer man viktigheten p\u00e5 en modell. Modell er en forminsket kopi av \u00f8nsket sluttresultat, vanligvis et svarthvit utskrift og brettet og klamret sammen i f\u00f8lge sluttresultat. Siden filene sendes inn elektronisk, er modellen den eneste muligheten \u00e5 kontrollere om tekster og bilder svarer til \u00f8nsket sluttresultat. Hvis det har oppst\u00e5tt feil ved filoverf\u00f8ring, blir den sjelden oppdaget uten en modell. Hvis en modell ikke f\u00f8lger med bestillingen, kan trykkeriet ikke ta ansvar for korrekt utf\u00f8rt arbeid!<\/div><\/div><\/div><div class=\"fusion-panel panel-default fusion-toggle-no-divider\"><div class=\"panel-heading\"><h4 class=\"panel-title toggle\"><a data-toggle=\"collapse\" data-parent=\"#accordion-22528-1\" data-target=\"#2a3cfc0ec6bc1fad2\" href=\"#2a3cfc0ec6bc1fad2\"><div class=\"fusion-toggle-icon-wrapper\"><i class=\"fa-fusion-box\"><\/i><\/div><div class=\"fusion-toggle-heading\">Programmer<\/div><\/a><\/h4><\/div><div id=\"2a3cfc0ec6bc1fad2\" class=\"panel-collapse collapse \"><div class=\"panel-body toggle-content fusion-clearfix\">Designfiler kan v\u00e6re framstilt i alle mest brukte layout- og designprogrammer, b\u00e5de PC og MAC (Freehand, PageMaker, QuarkXPress, Adobe Illustrator, Corel Draw osv).<\/div><\/div><\/div><\/div><\/div><div class=\"fusion-sep-clear\"><\/div><div class=\"fusion-separator fusion-full-width-sep sep-single sep-solid\" style=\"border-color:#eeeeee;border-top-width:2px;margin-left: auto;margin-right: auto;margin-top:20px;margin-bottom:10px;\"><\/div><div class=\"fusion-clearfix\"><\/div>\n\n\t\t\t\t\t<\/div>\n\t\t\t\t<\/div><\/div><\/div><div class=\"fusion-fullwidth fullwidth-box nonhundred-percent-fullwidth non-hundred-percent-height-scrolling fusion-equal-height-columns\"  style='background-color: rgba(255,255,255,0);background-position: center center;background-repeat: no-repeat;padding-top:0px;padding-right:0px;padding-bottom:0px;padding-left:0px;'><div class=\"fusion-builder-row fusion-row \"><div  class=\"fusion-layout-column fusion_builder_column fusion_builder_column_1_3 fusion-builder-column-2 fusion-one-third fusion-column-first 1_3\"  style='margin-top:0px;margin-bottom:20px;width:33.33%;width:calc(33.33% - ( ( 4% ) * 0.3333 ) );margin-right: 4%;'>\n\t\t\t\t\t<div class=\"fusion-column-wrapper\" style=\"padding: 0px 0px 0px 0px;background-position:left top;background-repeat:no-repeat;-webkit-background-size:cover;-moz-background-size:cover;-o-background-size:cover;background-size:cover;\"   data-bg-url=\"\">\n\t\t\t\t\t\t<span style=\"width:100%;max-width:250px;\" class=\"fusion-imageframe imageframe-none imageframe-1 hover-type-zoomin\"><\/span><div class=\"fusion-clearfix\"><\/div>\n\n\t\t\t\t\t<\/div>\n\t\t\t\t<\/div><div  class=\"fusion-layout-column fusion_builder_column fusion_builder_column_2_3 fusion-builder-column-3 fusion-two-third fusion-column-last 2_3\"  style='margin-top:0px;margin-bottom:20px;width:66.66%;width:calc(66.66% - ( ( 4% ) * 0.6666 ) );'>\n\t\t\t\t\t<div class=\"fusion-column-wrapper\" style=\"padding: 0px 0px 0px 0px;background-position:left top;background-repeat:no-repeat;-webkit-background-size:cover;-moz-background-size:cover;-o-background-size:cover;background-size:cover;\"   data-bg-url=\"\">\n\t\t\t\t\t\t<div class=\"fusion-column-content-centered\"><div class=\"fusion-column-content\"><div class=\"fusion-button-wrapper\"><style type=\"text\/css\" scoped=\"scoped\">.fusion-button.button-2 .fusion-button-text, .fusion-button.button-2 i {color:#ffffff;}.fusion-button.button-2 {border-width:1px;border-color:#ffffff;}.fusion-button.button-2 .fusion-button-icon-divider{border-color:#ffffff;}.fusion-button.button-2:hover .fusion-button-text, .fusion-button.button-2:hover i,.fusion-button.button-2:focus .fusion-button-text, .fusion-button.button-2:focus i,.fusion-button.button-2:active .fusion-button-text, .fusion-button.button-2:active{color:#ffffff;}.fusion-button.button-2:hover, .fusion-button.button-2:focus, .fusion-button.button-2:active{border-width:1px;border-color:#ffffff;}.fusion-button.button-2:hover .fusion-button-icon-divider, .fusion-button.button-2:hover .fusion-button-icon-divider, .fusion-button.button-2:active .fusion-button-icon-divider{border-color:#ffffff;}.fusion-button.button-2{width:auto;}<\/style><a class=\"fusion-button button-flat fusion-button-round button-large button-default button-2\" target=\"_self\" href=\"https:\/\/printon.ee\/no\/hinnaparing\/\"><span class=\"fusion-button-text\">PRISFORESP\u00d8RSEL<\/span><\/a><\/div><\/div><\/div><div class=\"fusion-clearfix\"><\/div>\n\n\t\t\t\t\t<\/div>\n\t\t\t\t<\/div><\/div><\/div><\/p>\n","protected":false},"excerpt":{"rendered":"","protected":false},"author":9,"featured_media":0,"parent":22517,"menu_order":0,"comment_status":"closed","ping_status":"closed","template":"","meta":{"footnotes":""},"class_list":["post-22528","page","type-page","status-publish","hentry"],"yoast_head":"<!-- This site is optimized with the Yoast SEO plugin v26.8 - https:\/\/yoast.com\/product\/yoast-seo-wordpress\/ -->\n<title>Reproduksjon - Printon AS<\/title>\n<meta name=\"robots\" content=\"index, follow, max-snippet:-1, max-image-preview:large, max-video-preview:-1\" \/>\n<link rel=\"canonical\" href=\"https:\/\/www.printon.ee\/no\/teenused\/repro\/\" \/>\n<meta property=\"og:locale\" content=\"nb_NO\" \/>\n<meta property=\"og:type\" content=\"article\" \/>\n<meta property=\"og:title\" content=\"Reproduksjon - Printon AS\" \/>\n<meta property=\"og:url\" content=\"https:\/\/www.printon.ee\/no\/teenused\/repro\/\" \/>\n<meta property=\"og:site_name\" content=\"Printon AS\" \/>\n<meta property=\"article:modified_time\" content=\"2025-03-19T12:06:59+00:00\" \/>\n<meta name=\"twitter:card\" content=\"summary_large_image\" \/>\n<meta name=\"twitter:label1\" content=\"Ansl. lesetid\" \/>\n\t<meta name=\"twitter:data1\" content=\"5 minutter\" \/>\n<script type=\"application\/ld+json\" class=\"yoast-schema-graph\">{\"@context\":\"https:\/\/schema.org\",\"@graph\":[{\"@type\":\"WebPage\",\"@id\":\"https:\/\/www.printon.ee\/no\/teenused\/repro\/\",\"url\":\"https:\/\/www.printon.ee\/no\/teenused\/repro\/\",\"name\":\"Reproduksjon - Printon AS\",\"isPartOf\":{\"@id\":\"https:\/\/www.printon.ee\/#website\"},\"datePublished\":\"2019-02-21T09:42:24+00:00\",\"dateModified\":\"2025-03-19T12:06:59+00:00\",\"breadcrumb\":{\"@id\":\"https:\/\/www.printon.ee\/no\/teenused\/repro\/#breadcrumb\"},\"inLanguage\":\"nb-NO\",\"potentialAction\":[{\"@type\":\"ReadAction\",\"target\":[\"https:\/\/www.printon.ee\/no\/teenused\/repro\/\"]}]},{\"@type\":\"BreadcrumbList\",\"@id\":\"https:\/\/www.printon.ee\/no\/teenused\/repro\/#breadcrumb\",\"itemListElement\":[{\"@type\":\"ListItem\",\"position\":1,\"name\":\"Home\",\"item\":\"https:\/\/www.printon.ee\/no\/\"},{\"@type\":\"ListItem\",\"position\":2,\"name\":\"Tjenester\",\"item\":\"https:\/\/www.printon.ee\/no\/teenused\/\"},{\"@type\":\"ListItem\",\"position\":3,\"name\":\"Reproduksjon\"}]},{\"@type\":\"WebSite\",\"@id\":\"https:\/\/www.printon.ee\/#website\",\"url\":\"https:\/\/www.printon.ee\/\",\"name\":\"Printon AS\",\"description\":\"Raamatud, bros\u00fc\u00fcrid, kataloogid, kalendrid\",\"potentialAction\":[{\"@type\":\"SearchAction\",\"target\":{\"@type\":\"EntryPoint\",\"urlTemplate\":\"https:\/\/www.printon.ee\/?s={search_term_string}\"},\"query-input\":{\"@type\":\"PropertyValueSpecification\",\"valueRequired\":true,\"valueName\":\"search_term_string\"}}],\"inLanguage\":\"nb-NO\"}]}<\/script>\n<!-- \/ Yoast SEO plugin. -->","yoast_head_json":{"title":"Reproduksjon - Printon AS","robots":{"index":"index","follow":"follow","max-snippet":"max-snippet:-1","max-image-preview":"max-image-preview:large","max-video-preview":"max-video-preview:-1"},"canonical":"https:\/\/www.printon.ee\/no\/teenused\/repro\/","og_locale":"nb_NO","og_type":"article","og_title":"Reproduksjon - Printon AS","og_url":"https:\/\/www.printon.ee\/no\/teenused\/repro\/","og_site_name":"Printon AS","article_modified_time":"2025-03-19T12:06:59+00:00","twitter_card":"summary_large_image","twitter_misc":{"Ansl. lesetid":"5 minutter"},"schema":{"@context":"https:\/\/schema.org","@graph":[{"@type":"WebPage","@id":"https:\/\/www.printon.ee\/no\/teenused\/repro\/","url":"https:\/\/www.printon.ee\/no\/teenused\/repro\/","name":"Reproduksjon - Printon AS","isPartOf":{"@id":"https:\/\/www.printon.ee\/#website"},"datePublished":"2019-02-21T09:42:24+00:00","dateModified":"2025-03-19T12:06:59+00:00","breadcrumb":{"@id":"https:\/\/www.printon.ee\/no\/teenused\/repro\/#breadcrumb"},"inLanguage":"nb-NO","potentialAction":[{"@type":"ReadAction","target":["https:\/\/www.printon.ee\/no\/teenused\/repro\/"]}]},{"@type":"BreadcrumbList","@id":"https:\/\/www.printon.ee\/no\/teenused\/repro\/#breadcrumb","itemListElement":[{"@type":"ListItem","position":1,"name":"Home","item":"https:\/\/www.printon.ee\/no\/"},{"@type":"ListItem","position":2,"name":"Tjenester","item":"https:\/\/www.printon.ee\/no\/teenused\/"},{"@type":"ListItem","position":3,"name":"Reproduksjon"}]},{"@type":"WebSite","@id":"https:\/\/www.printon.ee\/#website","url":"https:\/\/www.printon.ee\/","name":"Printon AS","description":"Raamatud, bros\u00fc\u00fcrid, kataloogid, kalendrid","potentialAction":[{"@type":"SearchAction","target":{"@type":"EntryPoint","urlTemplate":"https:\/\/www.printon.ee\/?s={search_term_string}"},"query-input":{"@type":"PropertyValueSpecification","valueRequired":true,"valueName":"search_term_string"}}],"inLanguage":"nb-NO"}]}},"_links":{"self":[{"href":"https:\/\/www.printon.ee\/no\/wp-json\/wp\/v2\/pages\/22528","targetHints":{"allow":["GET"]}}],"collection":[{"href":"https:\/\/www.printon.ee\/no\/wp-json\/wp\/v2\/pages"}],"about":[{"href":"https:\/\/www.printon.ee\/no\/wp-json\/wp\/v2\/types\/page"}],"author":[{"embeddable":true,"href":"https:\/\/www.printon.ee\/no\/wp-json\/wp\/v2\/users\/9"}],"replies":[{"embeddable":true,"href":"https:\/\/www.printon.ee\/no\/wp-json\/wp\/v2\/comments?post=22528"}],"version-history":[{"count":0,"href":"https:\/\/www.printon.ee\/no\/wp-json\/wp\/v2\/pages\/22528\/revisions"}],"up":[{"embeddable":true,"href":"https:\/\/www.printon.ee\/no\/wp-json\/wp\/v2\/pages\/22517"}],"wp:attachment":[{"href":"https:\/\/www.printon.ee\/no\/wp-json\/wp\/v2\/media?parent=22528"}],"curies":[{"name":"wp","href":"https:\/\/api.w.org\/{rel}","templated":true}]}}