{"id":22531,"date":"2019-02-21T11:42:43","date_gmt":"2019-02-21T09:42:43","guid":{"rendered":"http:\/\/printon.veebispetsid.com\/teenused\/trukk\/"},"modified":"2022-12-28T10:41:07","modified_gmt":"2022-12-28T08:41:07","slug":"trukk","status":"publish","type":"page","link":"https:\/\/www.printon.ee\/no\/teenused\/trukk\/","title":{"rendered":"Trykk"},"content":{"rendered":"<p><div class=\"fusion-fullwidth fullwidth-box nonhundred-percent-fullwidth non-hundred-percent-height-scrolling\"  style='background-color: rgba(255,255,255,0);background-position: center center;background-repeat: no-repeat;padding-top:0px;padding-right:0px;padding-bottom:0px;padding-left:0px;'><div class=\"fusion-builder-row fusion-row \"><div  class=\"fusion-layout-column fusion_builder_column fusion_builder_column_1_1 fusion-builder-column-1 fusion-one-full fusion-column-first fusion-column-last 1_1\"  style='margin-top:0px;margin-bottom:20px;'>\n\t\t\t\t\t<div class=\"fusion-column-wrapper\" style=\"padding: 0px 0px 0px 0px;background-position:left top;background-repeat:no-repeat;-webkit-background-size:cover;-moz-background-size:cover;-o-background-size:cover;background-size:cover;\"   data-bg-url=\"\">\n\t\t\t\t\t\t<style type=\"text\/css\" scoped=\"scoped\">.fusion-accordian  #accordion-22531-1 .panel-title a .fa-fusion-box{ color: #333333;}.fusion-accordian  #accordion-22531-1 .panel-title a .fa-fusion-box:before{ font-size: 20px; width: 20px;}.fusion-accordian  #accordion-22531-1 .panel-title a{font-size:17px;}.fusion-accordian  #accordion-22531-1 .panel-title a:hover, #accordion-22531-1 .fusion-toggle-boxed-mode:hover .panel-title a { color: #db0066;}.fusion-accordian  #accordion-22531-1 .fusion-toggle-boxed-mode:hover .panel-title a .fa-fusion-box{ color: #db0066;}.fusion-accordian  #accordion-22531-1.fusion-toggle-icon-unboxed .fusion-panel .panel-title a:hover .fa-fusion-box{ color: #db0066 !important;}<\/style><div class=\"accordian fusion-accordian\"><div class=\"panel-group fusion-toggle-icon-unboxed\" id=\"accordion-22531-1\"><div class=\"fusion-panel panel-default fusion-toggle-no-divider\"><div class=\"panel-heading\"><h4 class=\"panel-title toggle\"><a data-toggle=\"collapse\" data-parent=\"#accordion-22531-1\" data-target=\"#6654d8fd9c01b6c81\" href=\"#6654d8fd9c01b6c81\"><div class=\"fusion-toggle-icon-wrapper\"><i class=\"fa-fusion-box\"><\/i><\/div><div class=\"fusion-toggle-heading\">Hvorfor skal man foretrekke offset-trykk foran Heidelberg-maskiner?<\/div><\/a><\/h4><\/div><div id=\"6654d8fd9c01b6c81\" class=\"panel-collapse collapse \"><div class=\"panel-body toggle-content fusion-clearfix\">Offset-trykk av utmerket kvalitet<br \/>\nDen automatiske fargem\u00e5lingssystemet med den nyeste teknologien garanterer at fargene er like gjennom hele opplaget og reduserer endringer i farger.<br \/>\nS\u00e5 mange prosesser som mulig er automatiserte og satt fart p\u00e5 for at trykket skulle v\u00e6re stabil og utf\u00f8res raskt.<\/div><\/div><\/div><div class=\"fusion-panel panel-default fusion-toggle-no-divider\"><div class=\"panel-heading\"><h4 class=\"panel-title toggle\"><a data-toggle=\"collapse\" data-parent=\"#accordion-22531-1\" data-target=\"#7c401f9b925910fca\" href=\"#7c401f9b925910fca\"><div class=\"fusion-toggle-icon-wrapper\"><i class=\"fa-fusion-box\"><\/i><\/div><div class=\"fusion-toggle-heading\">Hvilke fordeler har H-UV fargene til Komor-maskinen?<\/div><\/a><\/h4><\/div><div id=\"7c401f9b925910fca\" class=\"panel-collapse collapse \"><div class=\"panel-body toggle-content fusion-clearfix\">Det som gj\u00f8r Komor offset-trykkemaskinen spesiell er H-UV farger som blir t\u00f8rket under spesielle UV-lamper rett etter trykking. Helt annerledes farger blir ikke absorbert i papiret og er derfor mer levende.<\/p>\n<p>Trykkesporet er mye klarere.<\/p>\n<p>Fargene sprer seg ikke, og resultatet er \u00f8yeblikkelig &#8211; trykket forblir slik som det ser ut etter trykkingen.<\/p>\n<p>Passende materialer: vinyler, tekstiler osv.<\/div><\/div><\/div><div class=\"fusion-panel panel-default fusion-toggle-no-divider\"><div class=\"panel-heading\"><h4 class=\"panel-title toggle\"><a data-toggle=\"collapse\" data-parent=\"#accordion-22531-1\" data-target=\"#35f799e8bc24ccf66\" href=\"#35f799e8bc24ccf66\"><div class=\"fusion-toggle-icon-wrapper\"><i class=\"fa-fusion-box\"><\/i><\/div><div class=\"fusion-toggle-heading\">Hvorfor skal man foretrekke digital trykk?<\/div><\/a><\/h4><\/div><div id=\"35f799e8bc24ccf66\" class=\"panel-collapse collapse \"><div class=\"panel-body toggle-content fusion-clearfix\">Xerox Versant digital trykkemaskin er f\u00f8rst og fremst egnet til betjening av fleksible opplag, det vil si mindre mengder med rimeligere pris. Produksjonsfristene for digital trykk er som regel kortere enn for offset-trykk og samtidig er det en milj\u00f8vennligere trykkem\u00e5te.<\/div><\/div><\/div><\/div><\/div><div class=\"fusion-sep-clear\"><\/div><div class=\"fusion-separator fusion-full-width-sep sep-single sep-solid\" style=\"border-color:#eeeeee;border-top-width:2px;margin-left: auto;margin-right: auto;margin-top:20px;margin-bottom:10px;\"><\/div><div class=\"fusion-clearfix\"><\/div>\n\n\t\t\t\t\t<\/div>\n\t\t\t\t<\/div><\/div><\/div><div class=\"fusion-fullwidth fullwidth-box nonhundred-percent-fullwidth non-hundred-percent-height-scrolling fusion-equal-height-columns\"  style='background-color: rgba(255,255,255,0);background-position: center center;background-repeat: no-repeat;padding-top:0px;padding-right:0px;padding-bottom:0px;padding-left:0px;'><div class=\"fusion-builder-row fusion-row \"><div  class=\"fusion-layout-column fusion_builder_column fusion_builder_column_1_3 fusion-builder-column-2 fusion-one-third fusion-column-first 1_3\"  style='margin-top:0px;margin-bottom:20px;width:33.33%;width:calc(33.33% - ( ( 4% ) * 0.3333 ) );margin-right: 4%;'>\n\t\t\t\t\t<div class=\"fusion-column-wrapper\" style=\"padding: 0px 0px 0px 0px;background-position:left top;background-repeat:no-repeat;-webkit-background-size:cover;-moz-background-size:cover;-o-background-size:cover;background-size:cover;\"   data-bg-url=\"\">\n\t\t\t\t\t\t<span class=\"fusion-imageframe imageframe-none imageframe-1 hover-type-zoomin\"><img decoding=\"async\" src=\"https:\/\/www.printon.ee\/wp-content\/uploads\/2020\/01\/20200107_141714-1-e1578402579739.jpg\" width=\"2600\" height=\"2600\" alt=\"\" title=\"20200107_141714\" class=\"img-responsive wp-image-24098\" srcset=\"https:\/\/www.printon.ee\/wp-content\/uploads\/2020\/01\/20200107_141714-1-e1578402579739-200x200.jpg 200w, https:\/\/www.printon.ee\/wp-content\/uploads\/2020\/01\/20200107_141714-1-e1578402579739-400x400.jpg 400w, https:\/\/www.printon.ee\/wp-content\/uploads\/2020\/01\/20200107_141714-1-e1578402579739-600x600.jpg 600w, https:\/\/www.printon.ee\/wp-content\/uploads\/2020\/01\/20200107_141714-1-e1578402579739-800x800.jpg 800w, https:\/\/www.printon.ee\/wp-content\/uploads\/2020\/01\/20200107_141714-1-e1578402579739-1200x1200.jpg 1200w, https:\/\/www.printon.ee\/wp-content\/uploads\/2020\/01\/20200107_141714-1-e1578402579739.jpg 2600w\" sizes=\"(max-width: 800px) 100vw, 2600px\" \/><\/span><div class=\"fusion-clearfix\"><\/div>\n\n\t\t\t\t\t<\/div>\n\t\t\t\t<\/div><div  class=\"fusion-layout-column fusion_builder_column fusion_builder_column_2_3 fusion-builder-column-3 fusion-two-third fusion-column-last 2_3\"  style='margin-top:0px;margin-bottom:20px;width:66.66%;width:calc(66.66% - ( ( 4% ) * 0.6666 ) );'>\n\t\t\t\t\t<div class=\"fusion-column-wrapper\" style=\"padding: 0px 0px 0px 0px;background-position:left top;background-repeat:no-repeat;-webkit-background-size:cover;-moz-background-size:cover;-o-background-size:cover;background-size:cover;\"   data-bg-url=\"\">\n\t\t\t\t\t\t<div class=\"fusion-column-content-centered\"><div class=\"fusion-column-content\"><div class=\"fusion-text\"><h5>Skriv oss og vi skal finne en l\u00f8sning som passer best for akkurat din trykksak!<\/h5>\n<\/div><div class=\"fusion-button-wrapper\"><style type=\"text\/css\" scoped=\"scoped\">.fusion-button.button-1 .fusion-button-text, .fusion-button.button-1 i {color:#ffffff;}.fusion-button.button-1 {border-width:1px;border-color:#ffffff;}.fusion-button.button-1 .fusion-button-icon-divider{border-color:#ffffff;}.fusion-button.button-1:hover .fusion-button-text, .fusion-button.button-1:hover i,.fusion-button.button-1:focus .fusion-button-text, .fusion-button.button-1:focus i,.fusion-button.button-1:active .fusion-button-text, .fusion-button.button-1:active{color:#ffffff;}.fusion-button.button-1:hover, .fusion-button.button-1:focus, .fusion-button.button-1:active{border-width:1px;border-color:#ffffff;}.fusion-button.button-1:hover .fusion-button-icon-divider, .fusion-button.button-1:hover .fusion-button-icon-divider, .fusion-button.button-1:active .fusion-button-icon-divider{border-color:#ffffff;}.fusion-button.button-1{width:auto;}<\/style><a class=\"fusion-button button-flat fusion-button-round button-large button-default button-1\" target=\"_self\" href=\"https:\/\/printon.ee\/no\/hinnaparing\/\"><span class=\"fusion-button-text\">PRISFORESP\u00d8RSEL<\/span><\/a><\/div><\/div><\/div><div class=\"fusion-clearfix\"><\/div>\n\n\t\t\t\t\t<\/div>\n\t\t\t\t<\/div><\/div><\/div><\/p>\n","protected":false},"excerpt":{"rendered":"","protected":false},"author":9,"featured_media":0,"parent":22517,"menu_order":0,"comment_status":"closed","ping_status":"closed","template":"","meta":{"footnotes":""},"class_list":["post-22531","page","type-page","status-publish","hentry"],"yoast_head":"<!-- This site is optimized with the Yoast SEO plugin v26.8 - https:\/\/yoast.com\/product\/yoast-seo-wordpress\/ -->\n<title>Trykk - Printon AS<\/title>\n<meta name=\"robots\" content=\"index, follow, max-snippet:-1, max-image-preview:large, max-video-preview:-1\" \/>\n<link rel=\"canonical\" href=\"https:\/\/www.printon.ee\/no\/teenused\/trukk\/\" \/>\n<meta property=\"og:locale\" content=\"nb_NO\" \/>\n<meta property=\"og:type\" content=\"article\" \/>\n<meta property=\"og:title\" content=\"Trykk - Printon AS\" \/>\n<meta property=\"og:url\" content=\"https:\/\/www.printon.ee\/no\/teenused\/trukk\/\" \/>\n<meta property=\"og:site_name\" content=\"Printon AS\" \/>\n<meta property=\"article:modified_time\" content=\"2022-12-28T08:41:07+00:00\" \/>\n<meta name=\"twitter:card\" content=\"summary_large_image\" \/>\n<meta name=\"twitter:label1\" content=\"Ansl. lesetid\" \/>\n\t<meta name=\"twitter:data1\" content=\"5 minutter\" \/>\n<script type=\"application\/ld+json\" class=\"yoast-schema-graph\">{\"@context\":\"https:\/\/schema.org\",\"@graph\":[{\"@type\":\"WebPage\",\"@id\":\"https:\/\/www.printon.ee\/no\/teenused\/trukk\/\",\"url\":\"https:\/\/www.printon.ee\/no\/teenused\/trukk\/\",\"name\":\"Trykk - Printon AS\",\"isPartOf\":{\"@id\":\"https:\/\/www.printon.ee\/#website\"},\"datePublished\":\"2019-02-21T09:42:43+00:00\",\"dateModified\":\"2022-12-28T08:41:07+00:00\",\"breadcrumb\":{\"@id\":\"https:\/\/www.printon.ee\/no\/teenused\/trukk\/#breadcrumb\"},\"inLanguage\":\"nb-NO\",\"potentialAction\":[{\"@type\":\"ReadAction\",\"target\":[\"https:\/\/www.printon.ee\/no\/teenused\/trukk\/\"]}]},{\"@type\":\"BreadcrumbList\",\"@id\":\"https:\/\/www.printon.ee\/no\/teenused\/trukk\/#breadcrumb\",\"itemListElement\":[{\"@type\":\"ListItem\",\"position\":1,\"name\":\"Home\",\"item\":\"https:\/\/www.printon.ee\/no\/\"},{\"@type\":\"ListItem\",\"position\":2,\"name\":\"Tjenester\",\"item\":\"https:\/\/www.printon.ee\/no\/teenused\/\"},{\"@type\":\"ListItem\",\"position\":3,\"name\":\"Trykk\"}]},{\"@type\":\"WebSite\",\"@id\":\"https:\/\/www.printon.ee\/#website\",\"url\":\"https:\/\/www.printon.ee\/\",\"name\":\"Printon AS\",\"description\":\"Raamatud, bros\u00fc\u00fcrid, kataloogid, kalendrid\",\"potentialAction\":[{\"@type\":\"SearchAction\",\"target\":{\"@type\":\"EntryPoint\",\"urlTemplate\":\"https:\/\/www.printon.ee\/?s={search_term_string}\"},\"query-input\":{\"@type\":\"PropertyValueSpecification\",\"valueRequired\":true,\"valueName\":\"search_term_string\"}}],\"inLanguage\":\"nb-NO\"}]}<\/script>\n<!-- \/ Yoast SEO plugin. -->","yoast_head_json":{"title":"Trykk - Printon AS","robots":{"index":"index","follow":"follow","max-snippet":"max-snippet:-1","max-image-preview":"max-image-preview:large","max-video-preview":"max-video-preview:-1"},"canonical":"https:\/\/www.printon.ee\/no\/teenused\/trukk\/","og_locale":"nb_NO","og_type":"article","og_title":"Trykk - Printon AS","og_url":"https:\/\/www.printon.ee\/no\/teenused\/trukk\/","og_site_name":"Printon AS","article_modified_time":"2022-12-28T08:41:07+00:00","twitter_card":"summary_large_image","twitter_misc":{"Ansl. lesetid":"5 minutter"},"schema":{"@context":"https:\/\/schema.org","@graph":[{"@type":"WebPage","@id":"https:\/\/www.printon.ee\/no\/teenused\/trukk\/","url":"https:\/\/www.printon.ee\/no\/teenused\/trukk\/","name":"Trykk - Printon AS","isPartOf":{"@id":"https:\/\/www.printon.ee\/#website"},"datePublished":"2019-02-21T09:42:43+00:00","dateModified":"2022-12-28T08:41:07+00:00","breadcrumb":{"@id":"https:\/\/www.printon.ee\/no\/teenused\/trukk\/#breadcrumb"},"inLanguage":"nb-NO","potentialAction":[{"@type":"ReadAction","target":["https:\/\/www.printon.ee\/no\/teenused\/trukk\/"]}]},{"@type":"BreadcrumbList","@id":"https:\/\/www.printon.ee\/no\/teenused\/trukk\/#breadcrumb","itemListElement":[{"@type":"ListItem","position":1,"name":"Home","item":"https:\/\/www.printon.ee\/no\/"},{"@type":"ListItem","position":2,"name":"Tjenester","item":"https:\/\/www.printon.ee\/no\/teenused\/"},{"@type":"ListItem","position":3,"name":"Trykk"}]},{"@type":"WebSite","@id":"https:\/\/www.printon.ee\/#website","url":"https:\/\/www.printon.ee\/","name":"Printon AS","description":"Raamatud, bros\u00fc\u00fcrid, kataloogid, kalendrid","potentialAction":[{"@type":"SearchAction","target":{"@type":"EntryPoint","urlTemplate":"https:\/\/www.printon.ee\/?s={search_term_string}"},"query-input":{"@type":"PropertyValueSpecification","valueRequired":true,"valueName":"search_term_string"}}],"inLanguage":"nb-NO"}]}},"_links":{"self":[{"href":"https:\/\/www.printon.ee\/no\/wp-json\/wp\/v2\/pages\/22531","targetHints":{"allow":["GET"]}}],"collection":[{"href":"https:\/\/www.printon.ee\/no\/wp-json\/wp\/v2\/pages"}],"about":[{"href":"https:\/\/www.printon.ee\/no\/wp-json\/wp\/v2\/types\/page"}],"author":[{"embeddable":true,"href":"https:\/\/www.printon.ee\/no\/wp-json\/wp\/v2\/users\/9"}],"replies":[{"embeddable":true,"href":"https:\/\/www.printon.ee\/no\/wp-json\/wp\/v2\/comments?post=22531"}],"version-history":[{"count":0,"href":"https:\/\/www.printon.ee\/no\/wp-json\/wp\/v2\/pages\/22531\/revisions"}],"up":[{"embeddable":true,"href":"https:\/\/www.printon.ee\/no\/wp-json\/wp\/v2\/pages\/22517"}],"wp:attachment":[{"href":"https:\/\/www.printon.ee\/no\/wp-json\/wp\/v2\/media?parent=22531"}],"curies":[{"name":"wp","href":"https:\/\/api.w.org\/{rel}","templated":true}]}}