{"id":22568,"date":"2019-02-21T11:50:04","date_gmt":"2019-02-21T09:50:04","guid":{"rendered":"http:\/\/printon.veebispetsid.com\/overprint\/"},"modified":"2019-06-28T10:38:00","modified_gmt":"2019-06-28T07:38:00","slug":"overprint","status":"publish","type":"page","link":"https:\/\/www.printon.ee\/no\/overprint\/","title":{"rendered":"Trykkforberedelse"},"content":{"rendered":"<div class=\"fusion-fullwidth fullwidth-box nonhundred-percent-fullwidth non-hundred-percent-height-scrolling\"  style='background-color: rgba(255,255,255,0);background-position: center center;background-repeat: no-repeat;padding-top:0px;padding-right:0px;padding-bottom:0px;padding-left:0px;'><div class=\"fusion-builder-row fusion-row \"><div  class=\"fusion-layout-column fusion_builder_column fusion_builder_column_1_1 fusion-builder-column-1 fusion-one-full fusion-column-first fusion-column-last 1_1\"  style='margin-top:0px;margin-bottom:0px;'>\n\t\t\t\t\t<div class=\"fusion-column-wrapper\" style=\"padding: 0px 0px 0px 0px;background-position:left top;background-repeat:no-repeat;-webkit-background-size:cover;-moz-background-size:cover;-o-background-size:cover;background-size:cover;\"   data-bg-url=\"\">\n\t\t\t\t\t\t<div class=\"fusion-text\"><p>Ved composite-filer anvender RIP automatisk svart overtrykk (black overprint) under fargeseparering. Hvis det finnes 100% svart og svart, som inneholder andre delfarger ved siden av hverandre i en trykksak, kan objekter som blir liggende under svart lyse gjennom hvis man bruker svart overprint. Derfor m\u00e5 det brukes formula C \u2013 40, M \u2013 30, Y \u2013 30, K \u2013 100 i stedet for 100% svart for \u00e5 oppn\u00e5 en vakker, intens og ugjennomsiktig svart farge.<\/p>\n<p>Vi anbefaler at man ved hvert design tenker n\u00f8ye gjennom hvordan det svarte overtrykket kommer til \u00e5 p\u00e5virke trykksakens utseende. Hvis design inneholder b\u00e5de objekter med og uten overtrykk (knockout) der repro-overtrykk kan \u00f8delegge et eller annet, kan du selv lage en PostScript-fil med fargeseparering \u2013 p\u00e5 denne m\u00e5ten kan du kontrollere at den viktigste fasen i trykkforberedelse er feilfri.<\/p>\n<p>Arbeidets nettom\u00e5l m\u00e5 ligge eksakt p\u00e5 midten av side i skriverinnstillinger.<\/p>\n<p>Ved sideoppsett legg til et utfallende (bleed) 3-5 mm ved hver ytterkant. I tillegg til utfallende er det ogs\u00e5 viktig \u00e5 markere beskj\u00e6resteder (crops).<\/p>\n<p>Mest utbredt feil ved ferdige trykksaker er feil i den trykte teksten. Derfor anbefaler vi \u00e5 kontrollere alle tekster n\u00f8ye f\u00f8r de skal trykkes. Omtrykking p\u00e5 grunn av tekstfeil er mye dyrere enn \u00e5 bruke litt ekstra tid p\u00e5 korrekturlesing!<\/p>\n<p>Etter trykkarkmontasje og f\u00f8r framstilling av trykkplater gj\u00f8r vi et arkutskrift av hver trykkplate med hjelp av en blekkskriver. Arkutskriftet er tiltenkt for \u00e5 kontrollere b\u00e5de tekst og bilder og er f\u00f8rst og fremst et internt verkt\u00f8y. Kunden har muligheten \u00e5 se gjennom arkutskritet f\u00f8r framstilling av trykkplater for \u00e5 sikre at tekster og arkmontasje er korrekte. Dette er den siste sjansen \u00e5 gj\u00f8re endringer under trykkprosessen! Arkutskrift egner seg absolutt ikke til kontroll av eksakt riktige farger!<\/p>\n<p>Hvis Du \u00f8nsker \u00e5 se hvorvidt fargene i filer stemmer med sluttresulatet, anbefaler vi \u00e5 bestille en sublimasjon. Siden sublimasjon i A3 format skrives direkte fra fil til h\u00f8yglanspapir, er fargene meget like sluttresultatet, men ikke 100% like. Trykksakens endelige farge er i stor grad avhengig av det valgte papiret.<\/p>\n<p>Oftest undervurderer man viktigheten p\u00e5 en modell. Modell er en forminsket kopi av \u00f8nsket sluttresultat, vanligvis et svarthvit utskrift og brettet og klamret sammen i f\u00f8lge sluttresultat. Siden filene sendes inn elektronisk, er modellen den eneste muligheten \u00e5 kontrollere om tekster og bilder svarer til \u00f8nsket sluttresultat. Hvis det har oppst\u00e5tt feil ved filoverf\u00f8ring, blir den sjelden oppdaget uten en modell. Hvis en modell ikke f\u00f8lger med bestillingen, kan trykkeriet ikke ta ansvar for korrekt utf\u00f8rt arbeid!<\/p>\n<\/div><div class=\"fusion-clearfix\"><\/div>\n\n\t\t\t\t\t<\/div>\n\t\t\t\t<\/div><\/div><\/div>\n","protected":false},"excerpt":{"rendered":"","protected":false},"author":9,"featured_media":0,"parent":0,"menu_order":0,"comment_status":"closed","ping_status":"closed","template":"","meta":{"footnotes":""},"class_list":["post-22568","page","type-page","status-publish","hentry"],"yoast_head":"<!-- This site is optimized with the Yoast SEO plugin v26.8 - https:\/\/yoast.com\/product\/yoast-seo-wordpress\/ -->\n<title>Trykkforberedelse - Printon AS<\/title>\n<meta name=\"robots\" content=\"index, follow, max-snippet:-1, max-image-preview:large, max-video-preview:-1\" \/>\n<link rel=\"canonical\" href=\"https:\/\/www.printon.ee\/no\/overprint\/\" \/>\n<meta property=\"og:locale\" content=\"nb_NO\" \/>\n<meta property=\"og:type\" content=\"article\" \/>\n<meta property=\"og:title\" content=\"Trykkforberedelse - Printon AS\" \/>\n<meta property=\"og:url\" content=\"https:\/\/www.printon.ee\/no\/overprint\/\" \/>\n<meta property=\"og:site_name\" content=\"Printon AS\" \/>\n<meta property=\"article:modified_time\" content=\"2019-06-28T07:38:00+00:00\" \/>\n<meta name=\"twitter:card\" content=\"summary_large_image\" \/>\n<meta name=\"twitter:label1\" content=\"Ansl. lesetid\" \/>\n\t<meta name=\"twitter:data1\" content=\"3 minutter\" \/>\n<script type=\"application\/ld+json\" class=\"yoast-schema-graph\">{\"@context\":\"https:\/\/schema.org\",\"@graph\":[{\"@type\":\"WebPage\",\"@id\":\"https:\/\/www.printon.ee\/no\/overprint\/\",\"url\":\"https:\/\/www.printon.ee\/no\/overprint\/\",\"name\":\"Trykkforberedelse - Printon AS\",\"isPartOf\":{\"@id\":\"https:\/\/www.printon.ee\/#website\"},\"datePublished\":\"2019-02-21T09:50:04+00:00\",\"dateModified\":\"2019-06-28T07:38:00+00:00\",\"breadcrumb\":{\"@id\":\"https:\/\/www.printon.ee\/no\/overprint\/#breadcrumb\"},\"inLanguage\":\"nb-NO\",\"potentialAction\":[{\"@type\":\"ReadAction\",\"target\":[\"https:\/\/www.printon.ee\/no\/overprint\/\"]}]},{\"@type\":\"BreadcrumbList\",\"@id\":\"https:\/\/www.printon.ee\/no\/overprint\/#breadcrumb\",\"itemListElement\":[{\"@type\":\"ListItem\",\"position\":1,\"name\":\"Home\",\"item\":\"https:\/\/www.printon.ee\/no\/\"},{\"@type\":\"ListItem\",\"position\":2,\"name\":\"Trykkforberedelse\"}]},{\"@type\":\"WebSite\",\"@id\":\"https:\/\/www.printon.ee\/#website\",\"url\":\"https:\/\/www.printon.ee\/\",\"name\":\"Printon AS\",\"description\":\"Raamatud, bros\u00fc\u00fcrid, kataloogid, kalendrid\",\"potentialAction\":[{\"@type\":\"SearchAction\",\"target\":{\"@type\":\"EntryPoint\",\"urlTemplate\":\"https:\/\/www.printon.ee\/?s={search_term_string}\"},\"query-input\":{\"@type\":\"PropertyValueSpecification\",\"valueRequired\":true,\"valueName\":\"search_term_string\"}}],\"inLanguage\":\"nb-NO\"}]}<\/script>\n<!-- \/ Yoast SEO plugin. -->","yoast_head_json":{"title":"Trykkforberedelse - Printon AS","robots":{"index":"index","follow":"follow","max-snippet":"max-snippet:-1","max-image-preview":"max-image-preview:large","max-video-preview":"max-video-preview:-1"},"canonical":"https:\/\/www.printon.ee\/no\/overprint\/","og_locale":"nb_NO","og_type":"article","og_title":"Trykkforberedelse - Printon AS","og_url":"https:\/\/www.printon.ee\/no\/overprint\/","og_site_name":"Printon AS","article_modified_time":"2019-06-28T07:38:00+00:00","twitter_card":"summary_large_image","twitter_misc":{"Ansl. lesetid":"3 minutter"},"schema":{"@context":"https:\/\/schema.org","@graph":[{"@type":"WebPage","@id":"https:\/\/www.printon.ee\/no\/overprint\/","url":"https:\/\/www.printon.ee\/no\/overprint\/","name":"Trykkforberedelse - Printon AS","isPartOf":{"@id":"https:\/\/www.printon.ee\/#website"},"datePublished":"2019-02-21T09:50:04+00:00","dateModified":"2019-06-28T07:38:00+00:00","breadcrumb":{"@id":"https:\/\/www.printon.ee\/no\/overprint\/#breadcrumb"},"inLanguage":"nb-NO","potentialAction":[{"@type":"ReadAction","target":["https:\/\/www.printon.ee\/no\/overprint\/"]}]},{"@type":"BreadcrumbList","@id":"https:\/\/www.printon.ee\/no\/overprint\/#breadcrumb","itemListElement":[{"@type":"ListItem","position":1,"name":"Home","item":"https:\/\/www.printon.ee\/no\/"},{"@type":"ListItem","position":2,"name":"Trykkforberedelse"}]},{"@type":"WebSite","@id":"https:\/\/www.printon.ee\/#website","url":"https:\/\/www.printon.ee\/","name":"Printon AS","description":"Raamatud, bros\u00fc\u00fcrid, kataloogid, kalendrid","potentialAction":[{"@type":"SearchAction","target":{"@type":"EntryPoint","urlTemplate":"https:\/\/www.printon.ee\/?s={search_term_string}"},"query-input":{"@type":"PropertyValueSpecification","valueRequired":true,"valueName":"search_term_string"}}],"inLanguage":"nb-NO"}]}},"_links":{"self":[{"href":"https:\/\/www.printon.ee\/no\/wp-json\/wp\/v2\/pages\/22568","targetHints":{"allow":["GET"]}}],"collection":[{"href":"https:\/\/www.printon.ee\/no\/wp-json\/wp\/v2\/pages"}],"about":[{"href":"https:\/\/www.printon.ee\/no\/wp-json\/wp\/v2\/types\/page"}],"author":[{"embeddable":true,"href":"https:\/\/www.printon.ee\/no\/wp-json\/wp\/v2\/users\/9"}],"replies":[{"embeddable":true,"href":"https:\/\/www.printon.ee\/no\/wp-json\/wp\/v2\/comments?post=22568"}],"version-history":[{"count":0,"href":"https:\/\/www.printon.ee\/no\/wp-json\/wp\/v2\/pages\/22568\/revisions"}],"wp:attachment":[{"href":"https:\/\/www.printon.ee\/no\/wp-json\/wp\/v2\/media?parent=22568"}],"curies":[{"name":"wp","href":"https:\/\/api.w.org\/{rel}","templated":true}]}}