{"id":22053,"date":"2019-02-21T11:31:41","date_gmt":"2019-02-21T09:31:41","guid":{"rendered":"http:\/\/printon.veebispetsid.com\/tooted\/raamatud\/"},"modified":"2019-06-25T14:59:18","modified_gmt":"2019-06-25T11:59:18","slug":"raamatud","status":"publish","type":"page","link":"https:\/\/www.printon.ee\/sv\/tooted\/raamatud\/","title":{"rendered":"B\u00f6cker"},"content":{"rendered":"<p><div class=\"fusion-fullwidth fullwidth-box nonhundred-percent-fullwidth non-hundred-percent-height-scrolling\"  style='background-color: rgba(255,255,255,0);background-position: center center;background-repeat: no-repeat;padding-top:0px;padding-right:0px;padding-bottom:0px;padding-left:0px;'><div class=\"fusion-builder-row fusion-row \"><div  class=\"fusion-layout-column fusion_builder_column fusion_builder_column_1_1 fusion-builder-column-1 fusion-one-full fusion-column-first fusion-column-last 1_1\"  style='margin-top:0px;margin-bottom:20px;'>\n\t\t\t\t\t<div class=\"fusion-column-wrapper\" style=\"padding: 0px 0px 0px 0px;background-position:left top;background-repeat:no-repeat;-webkit-background-size:cover;-moz-background-size:cover;-o-background-size:cover;background-size:cover;\"   data-bg-url=\"\">\n\t\t\t\t\t\t<div class=\"fusion-text\"><h3><img decoding=\"async\" class=\"aligncenter wp-image-20612\" src=\"https:\/\/printon.ee\/wp-content\/uploads\/2019\/02\/Cover-hard-cover-150x150.png\" alt=\"\" width=\"70\" height=\"70\" srcset=\"https:\/\/www.printon.ee\/wp-content\/uploads\/2019\/02\/Cover-hard-cover-66x66.png 66w, https:\/\/www.printon.ee\/wp-content\/uploads\/2019\/02\/Cover-hard-cover-150x150.png 150w, https:\/\/www.printon.ee\/wp-content\/uploads\/2019\/02\/Cover-hard-cover-200x200.png 200w, https:\/\/www.printon.ee\/wp-content\/uploads\/2019\/02\/Cover-hard-cover-300x300.png 300w, https:\/\/www.printon.ee\/wp-content\/uploads\/2019\/02\/Cover-hard-cover-400x400.png 400w, https:\/\/www.printon.ee\/wp-content\/uploads\/2019\/02\/Cover-hard-cover.png 500w\" sizes=\"(max-width: 70px) 100vw, 70px\" \/><\/h3>\n<h3 style=\"text-align: center;\">H\u00e5rdbunden bok<\/h3>\n<p>En h\u00e5rdbunden bok ser v\u00e4rdig ut och h\u00e5ller i m\u00e5nga \u00e5r. Papperskvaliteten och f\u00e4rgerna f\u00f6r en h\u00e5rdbunden bok \u00e4r som regel noggrant utvalda f\u00f6r ett harmoniskt slutresultat.<\/p>\n<p>R\u00e4tt val av bindningsteknik g\u00f6r boken \u00e4nnu mer h\u00e5llbar.<\/p>\n<p>Omslagsdesign f\u00e5r maximal effekt med olika efterbearbetningstekniker. Laminering och lackering \u00f6kar h\u00e5llbarheten, folie- eller relieftryck g\u00f6r boken \u00e4nnu snyggare.<\/p>\n<p>Den tidl\u00f6sa stilen och elegansen av h\u00e5rdband \u00e4r \u2013 f\u00f6rutom sk\u00f6nlitteratur \u2013 perfekt f\u00f6r konst-, kock- och \u00e5rsb\u00f6cker samt personaliserade anteckningsb\u00f6cker.<\/p>\n<h5>Valm\u00f6jligheter<\/h5>\n<p><strong>Efterbearbetning:<\/strong> kangas, kunstnahk jne.<\/p>\n<ul>\n<li>Folietryck<\/li>\n<li>Relieftryck eller blindtryck<\/li>\n<li>UV-spot-lackering (blank, matt, texturerad)<\/li>\n<li>Laminering (blank, matt, soft-touch, texturerad)<\/li>\n<li>Skyddsomslag<\/li>\n<li>Stansning<\/li>\n<\/ul>\n<p><strong>Extra detaljer:<\/strong> dammficka, klisterm\u00e4rken, f\u00e4rgat bokm\u00e4rkesband osv.<br \/>\n<strong>Tryck:<\/strong> CMYK.<\/p>\n<\/div><style type=\"text\/css\" scoped=\"scoped\">.fusion-gallery-1 .fusion-gallery-image {border:0px solid #f6f6f6;}<\/style><div class=\"fusion-gallery fusion-gallery-container fusion-grid-3 fusion-columns-total-0 fusion-gallery-layout-grid fusion-gallery-1\" style=\"margin:-5px;\"><div style=\"padding:5px;\" class=\"fusion-grid-column fusion-gallery-column fusion-gallery-column-3 hover-type-zoomin\"><div class=\"fusion-gallery-image\"><a href=\"https:\/\/www.printon.ee\/wp-content\/uploads\/2019\/06\/T\u00e4hk\u00e4_hardcover_book.jpg\" data-rel=\"iLightbox[gallery_image_1]\" class=\"fusion-lightbox\" target=\"_self\"><img decoding=\"async\" src=\"https:\/\/www.printon.ee\/wp-content\/uploads\/2019\/06\/T\u00e4hk\u00e4_hardcover_book-460x295.jpg\" width=\"460\" height=\"295\" alt=\"\" title=\"T\u00e4hk\u00e4_hardcover_book\" aria-label=\"T\u00e4hk\u00e4_hardcover_book\" class=\"img-responsive wp-image-21934 fusion-gallery-image-size-fixed\" \/><\/a><\/div><\/div><div style=\"padding:5px;\" class=\"fusion-grid-column fusion-gallery-column fusion-gallery-column-3 hover-type-zoomin\"><div class=\"fusion-gallery-image\"><a href=\"https:\/\/www.printon.ee\/wp-content\/uploads\/2019\/06\/l\u00e4ikiv-laminaat_.jpg\" data-rel=\"iLightbox[gallery_image_1]\" class=\"fusion-lightbox\" target=\"_self\"><img decoding=\"async\" src=\"https:\/\/www.printon.ee\/wp-content\/uploads\/2019\/06\/l\u00e4ikiv-laminaat_-460x295.jpg\" width=\"460\" height=\"295\" alt=\"\" title=\"l\u00e4ikiv laminaat_\" aria-label=\"l\u00e4ikiv laminaat_\" class=\"img-responsive wp-image-21512 fusion-gallery-image-size-fixed\" \/><\/a><\/div><\/div><div style=\"padding:5px;\" class=\"fusion-grid-column fusion-gallery-column fusion-gallery-column-3 hover-type-zoomin\"><div class=\"fusion-gallery-image\"><a href=\"https:\/\/www.printon.ee\/wp-content\/uploads\/2019\/06\/Hardcover_book_lauri_t\u00e4hk\u00e4.jpg\" data-rel=\"iLightbox[gallery_image_1]\" class=\"fusion-lightbox\" target=\"_self\"><img decoding=\"async\" src=\"https:\/\/www.printon.ee\/wp-content\/uploads\/2019\/06\/Hardcover_book_lauri_t\u00e4hk\u00e4-460x295.jpg\" width=\"460\" height=\"295\" alt=\"\" title=\"Hardcover_book_lauri_t\u00e4hk\u00e4\" aria-label=\"Hardcover_book_lauri_t\u00e4hk\u00e4\" class=\"img-responsive wp-image-21864 fusion-gallery-image-size-fixed\" \/><\/a><\/div><\/div><div class=\"clearfix\"><\/div><\/div><div class=\"fusion-clearfix\"><\/div>\n\n\t\t\t\t\t<\/div>\n\t\t\t\t<\/div><div  class=\"fusion-layout-column fusion_builder_column fusion_builder_column_1_1 fusion-builder-column-2 fusion-one-full fusion-column-first fusion-column-last 1_1\"  style='margin-top:0px;margin-bottom:20px;'>\n\t\t\t\t\t<div class=\"fusion-column-wrapper\" style=\"padding: 0px 0px 0px 0px;background-position:left top;background-repeat:no-repeat;-webkit-background-size:cover;-moz-background-size:cover;-o-background-size:cover;background-size:cover;\"   data-bg-url=\"\">\n\t\t\t\t\t\t<div class=\"fusion-text\"><p><img decoding=\"async\" class=\"aligncenter wp-image-20609\" src=\"https:\/\/printon.ee\/wp-content\/uploads\/2019\/02\/Cover-soft-cover-150x150.png\" alt=\"\" width=\"70\" height=\"70\" srcset=\"https:\/\/www.printon.ee\/wp-content\/uploads\/2019\/02\/Cover-soft-cover-66x66.png 66w, https:\/\/www.printon.ee\/wp-content\/uploads\/2019\/02\/Cover-soft-cover-150x150.png 150w, https:\/\/www.printon.ee\/wp-content\/uploads\/2019\/02\/Cover-soft-cover-200x200.png 200w, https:\/\/www.printon.ee\/wp-content\/uploads\/2019\/02\/Cover-soft-cover-300x300.png 300w, https:\/\/www.printon.ee\/wp-content\/uploads\/2019\/02\/Cover-soft-cover-400x400.png 400w, https:\/\/www.printon.ee\/wp-content\/uploads\/2019\/02\/Cover-soft-cover.png 500w\" sizes=\"(max-width: 70px) 100vw, 70px\" \/><\/p>\n<h3 style=\"text-align: center;\">Mjukbundna b\u00f6cker<\/h3>\n<p>De viktigaste f\u00f6rdelarna med mjukbundna b\u00f6cker \u00e4r oftast l\u00e4gre priser och kortare ledtider. Limmat mjukband kan utf\u00f6ras med eller utan tr\u00e5dh\u00e4ftning av inlagan. Tunnare trycksaker kan \u00e4ven h\u00e4ftas eller bindas med wire-o-bindning.<\/p>\n<p>P\u00e4rmmaterialet kan vara starkare \u00e4n inlagans papper (f\u00f6r b\u00e4ttre h\u00e5llbarhet) men om man vill dra ner p\u00e5 kostnaderna s\u00e5 kan p\u00e4rmen \u00e4ven vara lika tjock som inlagans papper. F\u00f6r \u00f6kad h\u00e5llbarhet eller mer attraktivt utseende rekommenderas vattenlack, folietryck, spot-lack, stansning och olika lamineringar.<\/p>\n<h5>Valalternativ:<\/h5>\n<p><strong>Bindning<\/strong><\/p>\n<ul>\n<li>Mjukband, limmat<\/li>\n<li>Mjukband, tr\u00e5dh\u00e4ftat<\/li>\n<li>Tr\u00e5dh\u00e4ftat mjukband med flikar<\/li>\n<li>Band med \u00f6ppen rygg (open spine)<\/li>\n<li>Otabind<\/li>\n<li>Schweizisk broschyr<\/li>\n<\/ul>\n<\/div><style type=\"text\/css\" scoped=\"scoped\">.fusion-gallery-2 .fusion-gallery-image {border:0px solid #f6f6f6;}<\/style><div class=\"fusion-gallery fusion-gallery-container fusion-grid-3 fusion-columns-total-0 fusion-gallery-layout-grid fusion-gallery-2\" style=\"margin:-5px;\"><div style=\"padding:5px;\" class=\"fusion-grid-column fusion-gallery-column fusion-gallery-column-3 hover-type-zoomin\"><div class=\"fusion-gallery-image\"><a href=\"https:\/\/www.printon.ee\/wp-content\/uploads\/2019\/06\/Cress_soft_cover_book_embossing.jpg\" data-rel=\"iLightbox[gallery_image_2]\" class=\"fusion-lightbox\" target=\"_self\"><img decoding=\"async\" src=\"https:\/\/www.printon.ee\/wp-content\/uploads\/2019\/06\/Cress_soft_cover_book_embossing-460x295.jpg\" width=\"460\" height=\"295\" alt=\"\" title=\"Cress_soft_cover_book_embossing\" aria-label=\"Cress_soft_cover_book_embossing\" class=\"img-responsive wp-image-21859 fusion-gallery-image-size-fixed\" \/><\/a><\/div><\/div><div style=\"padding:5px;\" class=\"fusion-grid-column fusion-gallery-column fusion-gallery-column-3 hover-type-zoomin\"><div class=\"fusion-gallery-image\"><a href=\"https:\/\/www.printon.ee\/wp-content\/uploads\/2019\/06\/Lakkadega-kaaned-2_.jpg\" data-rel=\"iLightbox[gallery_image_2]\" class=\"fusion-lightbox\" target=\"_self\"><img decoding=\"async\" src=\"https:\/\/www.printon.ee\/wp-content\/uploads\/2019\/06\/Lakkadega-kaaned-2_-460x295.jpg\" width=\"460\" height=\"295\" alt=\"\" title=\"Lakkadega kaaned 2_\" aria-label=\"Lakkadega kaaned 2_\" class=\"img-responsive wp-image-21395 fusion-gallery-image-size-fixed\" \/><\/a><\/div><\/div><div style=\"padding:5px;\" class=\"fusion-grid-column fusion-gallery-column fusion-gallery-column-3 hover-type-zoomin\"><div class=\"fusion-gallery-image\"><a href=\"https:\/\/www.printon.ee\/wp-content\/uploads\/2019\/06\/Glitterlakk.jpg\" data-rel=\"iLightbox[gallery_image_2]\" class=\"fusion-lightbox\" target=\"_self\"><img decoding=\"async\" src=\"https:\/\/www.printon.ee\/wp-content\/uploads\/2019\/06\/Glitterlakk-460x295.jpg\" width=\"460\" height=\"295\" alt=\"\" title=\"Glitterlakk\" aria-label=\"Glitterlakk\" class=\"img-responsive wp-image-21487 fusion-gallery-image-size-fixed\" \/><\/a><\/div><\/div><div class=\"clearfix\"><\/div><\/div><div class=\"fusion-clearfix\"><\/div>\n\n\t\t\t\t\t<\/div>\n\t\t\t\t<\/div><\/div><\/div><div class=\"fusion-fullwidth fullwidth-box nonhundred-percent-fullwidth non-hundred-percent-height-scrolling\"  style='background-color: rgba(255,255,255,0);background-position: center center;background-repeat: no-repeat;padding-top:0px;padding-right:0px;padding-bottom:0px;padding-left:0px;'><div class=\"fusion-builder-row fusion-row \"><div  class=\"fusion-layout-column fusion_builder_column fusion_builder_column_1_1 fusion-builder-column-3 fusion-one-full fusion-column-first fusion-column-last 1_1\"  style='margin-top:0px;margin-bottom:20px;'>\n\t\t\t\t\t<div class=\"fusion-column-wrapper\" style=\"padding: 0px 0px 0px 0px;background-position:left top;background-repeat:no-repeat;-webkit-background-size:cover;-moz-background-size:cover;-o-background-size:cover;background-size:cover;\"   data-bg-url=\"\">\n\t\t\t\t\t\t<div class=\"fusion-sep-clear\"><\/div><div class=\"fusion-separator fusion-full-width-sep sep-single sep-solid\" style=\"border-color:#eeeeee;border-top-width:2px;margin-left: auto;margin-right: auto;margin-top:10px;margin-bottom:20px;\"><\/div><div class=\"fusion-text\"><h5>Skriv till oss och vi hittar den b\u00e4sta l\u00f6sningen!<\/h5>\n<\/div><div class=\"fusion-button-wrapper\"><style type=\"text\/css\" scoped=\"scoped\">.fusion-button.button-1 .fusion-button-text, .fusion-button.button-1 i {color:#ffffff;}.fusion-button.button-1 {border-width:1px;border-color:#ffffff;}.fusion-button.button-1 .fusion-button-icon-divider{border-color:#ffffff;}.fusion-button.button-1:hover .fusion-button-text, .fusion-button.button-1:hover i,.fusion-button.button-1:focus .fusion-button-text, .fusion-button.button-1:focus i,.fusion-button.button-1:active .fusion-button-text, .fusion-button.button-1:active{color:#ffffff;}.fusion-button.button-1:hover, .fusion-button.button-1:focus, .fusion-button.button-1:active{border-width:1px;border-color:#ffffff;}.fusion-button.button-1:hover .fusion-button-icon-divider, .fusion-button.button-1:hover .fusion-button-icon-divider, .fusion-button.button-1:active .fusion-button-icon-divider{border-color:#ffffff;}.fusion-button.button-1{width:auto;}<\/style><a class=\"fusion-button button-flat fusion-button-round button-large button-default button-1\" target=\"_self\" href=\"https:\/\/printon.ee\/sv\/hinnaparing\/\"><span class=\"fusion-button-text\">Offerf\u00f6rfr\u00e5gan<\/span><\/a><\/div><div class=\"fusion-clearfix\"><\/div>\n\n\t\t\t\t\t<\/div>\n\t\t\t\t<\/div><\/div><\/div><\/p>\n","protected":false},"excerpt":{"rendered":"","protected":false},"author":9,"featured_media":0,"parent":22044,"menu_order":0,"comment_status":"closed","ping_status":"closed","template":"","meta":{"footnotes":""},"class_list":["post-22053","page","type-page","status-publish","hentry"],"yoast_head":"<!-- This site is optimized with the Yoast SEO plugin v26.8 - https:\/\/yoast.com\/product\/yoast-seo-wordpress\/ -->\n<title>B\u00f6cker - Printon AS<\/title>\n<meta name=\"robots\" content=\"index, follow, max-snippet:-1, max-image-preview:large, max-video-preview:-1\" \/>\n<link rel=\"canonical\" href=\"https:\/\/www.printon.ee\/sv\/tooted\/raamatud\/\" \/>\n<meta property=\"og:locale\" content=\"sv_SE\" \/>\n<meta property=\"og:type\" content=\"article\" \/>\n<meta property=\"og:title\" content=\"B\u00f6cker - Printon AS\" \/>\n<meta property=\"og:url\" content=\"https:\/\/www.printon.ee\/sv\/tooted\/raamatud\/\" \/>\n<meta property=\"og:site_name\" content=\"Printon AS\" \/>\n<meta property=\"article:modified_time\" content=\"2019-06-25T11:59:18+00:00\" \/>\n<meta property=\"og:image\" content=\"https:\/\/printon.ee\/wp-content\/uploads\/2019\/02\/Cover-hard-cover-150x150.png\" \/>\n<meta name=\"twitter:card\" content=\"summary_large_image\" \/>\n<meta name=\"twitter:label1\" content=\"Ber\u00e4knad l\u00e4stid\" \/>\n\t<meta name=\"twitter:data1\" content=\"5 minuter\" \/>\n<script type=\"application\/ld+json\" class=\"yoast-schema-graph\">{\"@context\":\"https:\/\/schema.org\",\"@graph\":[{\"@type\":\"WebPage\",\"@id\":\"https:\/\/www.printon.ee\/sv\/tooted\/raamatud\/\",\"url\":\"https:\/\/www.printon.ee\/sv\/tooted\/raamatud\/\",\"name\":\"B\u00f6cker - Printon AS\",\"isPartOf\":{\"@id\":\"https:\/\/www.printon.ee\/#website\"},\"primaryImageOfPage\":{\"@id\":\"https:\/\/www.printon.ee\/sv\/tooted\/raamatud\/#primaryimage\"},\"image\":{\"@id\":\"https:\/\/www.printon.ee\/sv\/tooted\/raamatud\/#primaryimage\"},\"thumbnailUrl\":\"https:\/\/printon.ee\/wp-content\/uploads\/2019\/02\/Cover-hard-cover-150x150.png\",\"datePublished\":\"2019-02-21T09:31:41+00:00\",\"dateModified\":\"2019-06-25T11:59:18+00:00\",\"breadcrumb\":{\"@id\":\"https:\/\/www.printon.ee\/sv\/tooted\/raamatud\/#breadcrumb\"},\"inLanguage\":\"sv-SE\",\"potentialAction\":[{\"@type\":\"ReadAction\",\"target\":[\"https:\/\/www.printon.ee\/sv\/tooted\/raamatud\/\"]}]},{\"@type\":\"ImageObject\",\"inLanguage\":\"sv-SE\",\"@id\":\"https:\/\/www.printon.ee\/sv\/tooted\/raamatud\/#primaryimage\",\"url\":\"https:\/\/printon.ee\/wp-content\/uploads\/2019\/02\/Cover-hard-cover-150x150.png\",\"contentUrl\":\"https:\/\/printon.ee\/wp-content\/uploads\/2019\/02\/Cover-hard-cover-150x150.png\"},{\"@type\":\"BreadcrumbList\",\"@id\":\"https:\/\/www.printon.ee\/sv\/tooted\/raamatud\/#breadcrumb\",\"itemListElement\":[{\"@type\":\"ListItem\",\"position\":1,\"name\":\"Home\",\"item\":\"https:\/\/www.printon.ee\/sv\/\"},{\"@type\":\"ListItem\",\"position\":2,\"name\":\"Produktion\",\"item\":\"https:\/\/www.printon.ee\/sv\/tooted\/\"},{\"@type\":\"ListItem\",\"position\":3,\"name\":\"B\u00f6cker\"}]},{\"@type\":\"WebSite\",\"@id\":\"https:\/\/www.printon.ee\/#website\",\"url\":\"https:\/\/www.printon.ee\/\",\"name\":\"Printon AS\",\"description\":\"Raamatud, bros\u00fc\u00fcrid, kataloogid, kalendrid\",\"potentialAction\":[{\"@type\":\"SearchAction\",\"target\":{\"@type\":\"EntryPoint\",\"urlTemplate\":\"https:\/\/www.printon.ee\/?s={search_term_string}\"},\"query-input\":{\"@type\":\"PropertyValueSpecification\",\"valueRequired\":true,\"valueName\":\"search_term_string\"}}],\"inLanguage\":\"sv-SE\"}]}<\/script>\n<!-- \/ Yoast SEO plugin. -->","yoast_head_json":{"title":"B\u00f6cker - Printon AS","robots":{"index":"index","follow":"follow","max-snippet":"max-snippet:-1","max-image-preview":"max-image-preview:large","max-video-preview":"max-video-preview:-1"},"canonical":"https:\/\/www.printon.ee\/sv\/tooted\/raamatud\/","og_locale":"sv_SE","og_type":"article","og_title":"B\u00f6cker - Printon AS","og_url":"https:\/\/www.printon.ee\/sv\/tooted\/raamatud\/","og_site_name":"Printon AS","article_modified_time":"2019-06-25T11:59:18+00:00","og_image":[{"url":"https:\/\/printon.ee\/wp-content\/uploads\/2019\/02\/Cover-hard-cover-150x150.png","type":"","width":"","height":""}],"twitter_card":"summary_large_image","twitter_misc":{"Ber\u00e4knad l\u00e4stid":"5 minuter"},"schema":{"@context":"https:\/\/schema.org","@graph":[{"@type":"WebPage","@id":"https:\/\/www.printon.ee\/sv\/tooted\/raamatud\/","url":"https:\/\/www.printon.ee\/sv\/tooted\/raamatud\/","name":"B\u00f6cker - Printon AS","isPartOf":{"@id":"https:\/\/www.printon.ee\/#website"},"primaryImageOfPage":{"@id":"https:\/\/www.printon.ee\/sv\/tooted\/raamatud\/#primaryimage"},"image":{"@id":"https:\/\/www.printon.ee\/sv\/tooted\/raamatud\/#primaryimage"},"thumbnailUrl":"https:\/\/printon.ee\/wp-content\/uploads\/2019\/02\/Cover-hard-cover-150x150.png","datePublished":"2019-02-21T09:31:41+00:00","dateModified":"2019-06-25T11:59:18+00:00","breadcrumb":{"@id":"https:\/\/www.printon.ee\/sv\/tooted\/raamatud\/#breadcrumb"},"inLanguage":"sv-SE","potentialAction":[{"@type":"ReadAction","target":["https:\/\/www.printon.ee\/sv\/tooted\/raamatud\/"]}]},{"@type":"ImageObject","inLanguage":"sv-SE","@id":"https:\/\/www.printon.ee\/sv\/tooted\/raamatud\/#primaryimage","url":"https:\/\/printon.ee\/wp-content\/uploads\/2019\/02\/Cover-hard-cover-150x150.png","contentUrl":"https:\/\/printon.ee\/wp-content\/uploads\/2019\/02\/Cover-hard-cover-150x150.png"},{"@type":"BreadcrumbList","@id":"https:\/\/www.printon.ee\/sv\/tooted\/raamatud\/#breadcrumb","itemListElement":[{"@type":"ListItem","position":1,"name":"Home","item":"https:\/\/www.printon.ee\/sv\/"},{"@type":"ListItem","position":2,"name":"Produktion","item":"https:\/\/www.printon.ee\/sv\/tooted\/"},{"@type":"ListItem","position":3,"name":"B\u00f6cker"}]},{"@type":"WebSite","@id":"https:\/\/www.printon.ee\/#website","url":"https:\/\/www.printon.ee\/","name":"Printon AS","description":"Raamatud, bros\u00fc\u00fcrid, kataloogid, kalendrid","potentialAction":[{"@type":"SearchAction","target":{"@type":"EntryPoint","urlTemplate":"https:\/\/www.printon.ee\/?s={search_term_string}"},"query-input":{"@type":"PropertyValueSpecification","valueRequired":true,"valueName":"search_term_string"}}],"inLanguage":"sv-SE"}]}},"_links":{"self":[{"href":"https:\/\/www.printon.ee\/sv\/wp-json\/wp\/v2\/pages\/22053","targetHints":{"allow":["GET"]}}],"collection":[{"href":"https:\/\/www.printon.ee\/sv\/wp-json\/wp\/v2\/pages"}],"about":[{"href":"https:\/\/www.printon.ee\/sv\/wp-json\/wp\/v2\/types\/page"}],"author":[{"embeddable":true,"href":"https:\/\/www.printon.ee\/sv\/wp-json\/wp\/v2\/users\/9"}],"replies":[{"embeddable":true,"href":"https:\/\/www.printon.ee\/sv\/wp-json\/wp\/v2\/comments?post=22053"}],"version-history":[{"count":0,"href":"https:\/\/www.printon.ee\/sv\/wp-json\/wp\/v2\/pages\/22053\/revisions"}],"up":[{"embeddable":true,"href":"https:\/\/www.printon.ee\/sv\/wp-json\/wp\/v2\/pages\/22044"}],"wp:attachment":[{"href":"https:\/\/www.printon.ee\/sv\/wp-json\/wp\/v2\/media?parent=22053"}],"curies":[{"name":"wp","href":"https:\/\/api.w.org\/{rel}","templated":true}]}}