{"id":22081,"date":"2019-02-21T11:33:35","date_gmt":"2019-02-21T09:33:35","guid":{"rendered":"http:\/\/printon.veebispetsid.com\/tooted\/turvatrukised\/"},"modified":"2023-11-30T15:23:41","modified_gmt":"2023-11-30T13:23:41","slug":"turvatrukised","status":"publish","type":"page","link":"https:\/\/www.printon.ee\/sv\/tooted\/turvatrukised\/","title":{"rendered":"Trycksaker med s\u00e4kerhetstryck"},"content":{"rendered":"<div class=\"fusion-fullwidth fullwidth-box nonhundred-percent-fullwidth non-hundred-percent-height-scrolling\"  style='background-color: rgba(255,255,255,0);background-position: center center;background-repeat: no-repeat;padding-top:0px;padding-right:0px;padding-bottom:0px;padding-left:0px;'><div class=\"fusion-builder-row fusion-row \"><div  class=\"fusion-layout-column fusion_builder_column fusion_builder_column_1_1 fusion-builder-column-1 fusion-one-full fusion-column-first fusion-column-last 1_1\"  style='margin-top:0px;margin-bottom:20px;'>\n\t\t\t\t\t<div class=\"fusion-column-wrapper\" style=\"padding: 0px 0px 0px 0px;background-position:left top;background-repeat:no-repeat;-webkit-background-size:cover;-moz-background-size:cover;-o-background-size:cover;background-size:cover;\"   data-bg-url=\"\">\n\t\t\t\t\t\t<div class=\"fusion-text\"><h5><img decoding=\"async\" class=\"aligncenter wp-image-20686\" src=\"https:\/\/printon.ee\/wp-content\/uploads\/2019\/02\/toode-turvatrukised-150x150.png\" alt=\"\" width=\"70\" height=\"70\" srcset=\"https:\/\/www.printon.ee\/wp-content\/uploads\/2019\/02\/toode-turvatrukised-66x66.png 66w, https:\/\/www.printon.ee\/wp-content\/uploads\/2019\/02\/toode-turvatrukised-150x150.png 150w, https:\/\/www.printon.ee\/wp-content\/uploads\/2019\/02\/toode-turvatrukised-200x200.png 200w, https:\/\/www.printon.ee\/wp-content\/uploads\/2019\/02\/toode-turvatrukised-300x300.png 300w, https:\/\/www.printon.ee\/wp-content\/uploads\/2019\/02\/toode-turvatrukised-400x400.png 400w, https:\/\/www.printon.ee\/wp-content\/uploads\/2019\/02\/toode-turvatrukised.png 500w\" sizes=\"(max-width: 70px) 100vw, 70px\" \/><\/h5>\n<h5>Trycksaker med s\u00e4kerhetstryck trycks p\u00e5 tryckeriet AS Vaba Maa som ing\u00e5r i samma koncern som Printon och har ett certifikat f\u00f6r s\u00e4kerhetstryck enligt ISO 14298:2013.<\/h5>\n<p>Vi producerar f\u00f6ljande produkter med s\u00e4kerhetstryck:<\/p>\n<ul>\n<li>Presentkort<\/li>\n<li>Biljetter<\/li>\n<li>Skattem\u00e4rken<\/li>\n<li>Frim\u00e4rken<\/li>\n<li>Checkh\u00e4ften<\/li>\n<li>Betyg och blanketter<\/li>\n<\/ul>\n<p>F\u00f6r \u00f6kad s\u00e4kerhet anv\u00e4nds s\u00e4kerhetspapper (med vattenst\u00e4mpel och\/eller s\u00e4kerhetsfibrer) och s\u00e4kerhetsf\u00e4rger vid s\u00e5dana trycksaker.<\/p>\n<p><a href=\"https:\/\/www.printon.ee\/wp-content\/uploads\/2019\/08\/Vabamaa_logo_BG.png\"><img decoding=\"async\" class=\"alignnone size-medium wp-image-23494\" src=\"https:\/\/www.printon.ee\/wp-content\/uploads\/2019\/08\/Vabamaa_logo_BG-300x111.png\" alt=\"\" width=\"300\" height=\"111\" srcset=\"https:\/\/www.printon.ee\/wp-content\/uploads\/2019\/08\/Vabamaa_logo_BG-200x74.png 200w, https:\/\/www.printon.ee\/wp-content\/uploads\/2019\/08\/Vabamaa_logo_BG-300x111.png 300w, https:\/\/www.printon.ee\/wp-content\/uploads\/2019\/08\/Vabamaa_logo_BG-400x148.png 400w, https:\/\/www.printon.ee\/wp-content\/uploads\/2019\/08\/Vabamaa_logo_BG-600x222.png 600w, https:\/\/www.printon.ee\/wp-content\/uploads\/2019\/08\/Vabamaa_logo_BG-768x285.png 768w, https:\/\/www.printon.ee\/wp-content\/uploads\/2019\/08\/Vabamaa_logo_BG-800x297.png 800w, https:\/\/www.printon.ee\/wp-content\/uploads\/2019\/08\/Vabamaa_logo_BG-1024x380.png 1024w, https:\/\/www.printon.ee\/wp-content\/uploads\/2019\/08\/Vabamaa_logo_BG-1200x445.png 1200w\" sizes=\"(max-width: 300px) 100vw, 300px\" \/><\/a><\/p>\n<p><img decoding=\"async\" class=\"aligncenter wp-image-20655\" src=\"https:\/\/printon.ee\/wp-content\/uploads\/2019\/02\/teenus-trukk-150x150.png\" alt=\"\" width=\"70\" height=\"70\" srcset=\"https:\/\/www.printon.ee\/wp-content\/uploads\/2019\/02\/teenus-trukk-66x66.png 66w, https:\/\/www.printon.ee\/wp-content\/uploads\/2019\/02\/teenus-trukk-150x150.png 150w, https:\/\/www.printon.ee\/wp-content\/uploads\/2019\/02\/teenus-trukk-200x200.png 200w, https:\/\/www.printon.ee\/wp-content\/uploads\/2019\/02\/teenus-trukk-300x300.png 300w, https:\/\/www.printon.ee\/wp-content\/uploads\/2019\/02\/teenus-trukk-400x400.png 400w, https:\/\/www.printon.ee\/wp-content\/uploads\/2019\/02\/teenus-trukk.png 500w\" sizes=\"(max-width: 70px) 100vw, 70px\" \/><\/p>\n<h2 style=\"text-align: center;\">Tekniken f\u00f6r s\u00e4kerhetstryck<\/h2>\n<p>Vi kan utf\u00f6ra s\u00e4kerhetstryck med f\u00f6ljande tekniker.<\/p>\n<\/div><span class=\"fusion-imageframe imageframe-none imageframe-1 hover-type-none\"><img decoding=\"async\" src=\"https:\/\/printon.ee\/wp-content\/uploads\/2019\/04\/PDE2YTA1N2U0MWM2NjkxN2ViMT4.jpg\" width=\"753\" height=\"572\" alt=\"\" title=\"PDE2YTA1N2U0MWM2NjkxN2ViMT4=\" class=\"img-responsive wp-image-22082\" srcset=\"https:\/\/www.printon.ee\/wp-content\/uploads\/2019\/04\/PDE2YTA1N2U0MWM2NjkxN2ViMT4-200x152.jpg 200w, https:\/\/www.printon.ee\/wp-content\/uploads\/2019\/04\/PDE2YTA1N2U0MWM2NjkxN2ViMT4-400x304.jpg 400w, https:\/\/www.printon.ee\/wp-content\/uploads\/2019\/04\/PDE2YTA1N2U0MWM2NjkxN2ViMT4-600x456.jpg 600w, https:\/\/www.printon.ee\/wp-content\/uploads\/2019\/04\/PDE2YTA1N2U0MWM2NjkxN2ViMT4.jpg 753w\" sizes=\"(max-width: 800px) 100vw, 753px\" \/><\/span><div class=\"fusion-sep-clear\"><\/div><div class=\"fusion-separator fusion-full-width-sep sep-none\" style=\"margin-left: auto;margin-right: auto;margin-top:10px;\"><\/div><div class=\"fusion-text\"><p><strong>Beh\u00f6ver du ytterligare s\u00e4kerhet, kontakta oss s\u00e5 hittar vi en passande l\u00f6sning.<\/strong><\/p>\n<\/div><div class=\"fusion-button-wrapper\"><style type=\"text\/css\" scoped=\"scoped\">.fusion-button.button-1 .fusion-button-text, .fusion-button.button-1 i {color:#ffffff;}.fusion-button.button-1 {border-width:1px;border-color:#ffffff;}.fusion-button.button-1 .fusion-button-icon-divider{border-color:#ffffff;}.fusion-button.button-1:hover .fusion-button-text, .fusion-button.button-1:hover i,.fusion-button.button-1:focus .fusion-button-text, .fusion-button.button-1:focus i,.fusion-button.button-1:active .fusion-button-text, .fusion-button.button-1:active{color:#ffffff;}.fusion-button.button-1:hover, .fusion-button.button-1:focus, .fusion-button.button-1:active{border-width:1px;border-color:#ffffff;}.fusion-button.button-1:hover .fusion-button-icon-divider, .fusion-button.button-1:hover .fusion-button-icon-divider, .fusion-button.button-1:active .fusion-button-icon-divider{border-color:#ffffff;}.fusion-button.button-1{width:auto;}<\/style><a class=\"fusion-button button-flat fusion-button-round button-large button-default button-1\" target=\"_self\" href=\"https:\/\/printon.ee\/sv\/hinnaparing\/\"><span class=\"fusion-button-text\">Offerf\u00f6rfr\u00e5gan<\/span><\/a><\/div><div class=\"fusion-clearfix\"><\/div>\n\n\t\t\t\t\t<\/div>\n\t\t\t\t<\/div><\/div><\/div>\n","protected":false},"excerpt":{"rendered":"","protected":false},"author":9,"featured_media":0,"parent":22044,"menu_order":0,"comment_status":"closed","ping_status":"closed","template":"","meta":{"footnotes":""},"class_list":["post-22081","page","type-page","status-publish","hentry"],"yoast_head":"<!-- This site is optimized with the Yoast SEO plugin v26.8 - https:\/\/yoast.com\/product\/yoast-seo-wordpress\/ -->\n<title>Trycksaker med s\u00e4kerhetstryck - Printon AS<\/title>\n<meta name=\"robots\" content=\"index, follow, max-snippet:-1, max-image-preview:large, max-video-preview:-1\" \/>\n<link rel=\"canonical\" href=\"https:\/\/www.printon.ee\/sv\/tooted\/turvatrukised\/\" \/>\n<meta property=\"og:locale\" content=\"sv_SE\" \/>\n<meta property=\"og:type\" content=\"article\" \/>\n<meta property=\"og:title\" content=\"Trycksaker med s\u00e4kerhetstryck - Printon AS\" \/>\n<meta property=\"og:url\" content=\"https:\/\/www.printon.ee\/sv\/tooted\/turvatrukised\/\" \/>\n<meta property=\"og:site_name\" content=\"Printon AS\" \/>\n<meta property=\"article:modified_time\" content=\"2023-11-30T13:23:41+00:00\" \/>\n<meta property=\"og:image\" content=\"https:\/\/printon.ee\/wp-content\/uploads\/2019\/02\/toode-turvatrukised-150x150.png\" \/>\n<meta name=\"twitter:card\" content=\"summary_large_image\" \/>\n<meta name=\"twitter:label1\" content=\"Ber\u00e4knad l\u00e4stid\" \/>\n\t<meta name=\"twitter:data1\" content=\"2 minuter\" \/>\n<script type=\"application\/ld+json\" class=\"yoast-schema-graph\">{\"@context\":\"https:\/\/schema.org\",\"@graph\":[{\"@type\":\"WebPage\",\"@id\":\"https:\/\/www.printon.ee\/sv\/tooted\/turvatrukised\/\",\"url\":\"https:\/\/www.printon.ee\/sv\/tooted\/turvatrukised\/\",\"name\":\"Trycksaker med s\u00e4kerhetstryck - Printon AS\",\"isPartOf\":{\"@id\":\"https:\/\/www.printon.ee\/#website\"},\"primaryImageOfPage\":{\"@id\":\"https:\/\/www.printon.ee\/sv\/tooted\/turvatrukised\/#primaryimage\"},\"image\":{\"@id\":\"https:\/\/www.printon.ee\/sv\/tooted\/turvatrukised\/#primaryimage\"},\"thumbnailUrl\":\"https:\/\/printon.ee\/wp-content\/uploads\/2019\/02\/toode-turvatrukised-150x150.png\",\"datePublished\":\"2019-02-21T09:33:35+00:00\",\"dateModified\":\"2023-11-30T13:23:41+00:00\",\"breadcrumb\":{\"@id\":\"https:\/\/www.printon.ee\/sv\/tooted\/turvatrukised\/#breadcrumb\"},\"inLanguage\":\"sv-SE\",\"potentialAction\":[{\"@type\":\"ReadAction\",\"target\":[\"https:\/\/www.printon.ee\/sv\/tooted\/turvatrukised\/\"]}]},{\"@type\":\"ImageObject\",\"inLanguage\":\"sv-SE\",\"@id\":\"https:\/\/www.printon.ee\/sv\/tooted\/turvatrukised\/#primaryimage\",\"url\":\"https:\/\/printon.ee\/wp-content\/uploads\/2019\/02\/toode-turvatrukised-150x150.png\",\"contentUrl\":\"https:\/\/printon.ee\/wp-content\/uploads\/2019\/02\/toode-turvatrukised-150x150.png\"},{\"@type\":\"BreadcrumbList\",\"@id\":\"https:\/\/www.printon.ee\/sv\/tooted\/turvatrukised\/#breadcrumb\",\"itemListElement\":[{\"@type\":\"ListItem\",\"position\":1,\"name\":\"Home\",\"item\":\"https:\/\/www.printon.ee\/sv\/\"},{\"@type\":\"ListItem\",\"position\":2,\"name\":\"Produktion\",\"item\":\"https:\/\/www.printon.ee\/sv\/tooted\/\"},{\"@type\":\"ListItem\",\"position\":3,\"name\":\"Trycksaker med s\u00e4kerhetstryck\"}]},{\"@type\":\"WebSite\",\"@id\":\"https:\/\/www.printon.ee\/#website\",\"url\":\"https:\/\/www.printon.ee\/\",\"name\":\"Printon AS\",\"description\":\"Raamatud, bros\u00fc\u00fcrid, kataloogid, kalendrid\",\"potentialAction\":[{\"@type\":\"SearchAction\",\"target\":{\"@type\":\"EntryPoint\",\"urlTemplate\":\"https:\/\/www.printon.ee\/?s={search_term_string}\"},\"query-input\":{\"@type\":\"PropertyValueSpecification\",\"valueRequired\":true,\"valueName\":\"search_term_string\"}}],\"inLanguage\":\"sv-SE\"}]}<\/script>\n<!-- \/ Yoast SEO plugin. -->","yoast_head_json":{"title":"Trycksaker med s\u00e4kerhetstryck - Printon AS","robots":{"index":"index","follow":"follow","max-snippet":"max-snippet:-1","max-image-preview":"max-image-preview:large","max-video-preview":"max-video-preview:-1"},"canonical":"https:\/\/www.printon.ee\/sv\/tooted\/turvatrukised\/","og_locale":"sv_SE","og_type":"article","og_title":"Trycksaker med s\u00e4kerhetstryck - Printon AS","og_url":"https:\/\/www.printon.ee\/sv\/tooted\/turvatrukised\/","og_site_name":"Printon AS","article_modified_time":"2023-11-30T13:23:41+00:00","og_image":[{"url":"https:\/\/printon.ee\/wp-content\/uploads\/2019\/02\/toode-turvatrukised-150x150.png","type":"","width":"","height":""}],"twitter_card":"summary_large_image","twitter_misc":{"Ber\u00e4knad l\u00e4stid":"2 minuter"},"schema":{"@context":"https:\/\/schema.org","@graph":[{"@type":"WebPage","@id":"https:\/\/www.printon.ee\/sv\/tooted\/turvatrukised\/","url":"https:\/\/www.printon.ee\/sv\/tooted\/turvatrukised\/","name":"Trycksaker med s\u00e4kerhetstryck - Printon AS","isPartOf":{"@id":"https:\/\/www.printon.ee\/#website"},"primaryImageOfPage":{"@id":"https:\/\/www.printon.ee\/sv\/tooted\/turvatrukised\/#primaryimage"},"image":{"@id":"https:\/\/www.printon.ee\/sv\/tooted\/turvatrukised\/#primaryimage"},"thumbnailUrl":"https:\/\/printon.ee\/wp-content\/uploads\/2019\/02\/toode-turvatrukised-150x150.png","datePublished":"2019-02-21T09:33:35+00:00","dateModified":"2023-11-30T13:23:41+00:00","breadcrumb":{"@id":"https:\/\/www.printon.ee\/sv\/tooted\/turvatrukised\/#breadcrumb"},"inLanguage":"sv-SE","potentialAction":[{"@type":"ReadAction","target":["https:\/\/www.printon.ee\/sv\/tooted\/turvatrukised\/"]}]},{"@type":"ImageObject","inLanguage":"sv-SE","@id":"https:\/\/www.printon.ee\/sv\/tooted\/turvatrukised\/#primaryimage","url":"https:\/\/printon.ee\/wp-content\/uploads\/2019\/02\/toode-turvatrukised-150x150.png","contentUrl":"https:\/\/printon.ee\/wp-content\/uploads\/2019\/02\/toode-turvatrukised-150x150.png"},{"@type":"BreadcrumbList","@id":"https:\/\/www.printon.ee\/sv\/tooted\/turvatrukised\/#breadcrumb","itemListElement":[{"@type":"ListItem","position":1,"name":"Home","item":"https:\/\/www.printon.ee\/sv\/"},{"@type":"ListItem","position":2,"name":"Produktion","item":"https:\/\/www.printon.ee\/sv\/tooted\/"},{"@type":"ListItem","position":3,"name":"Trycksaker med s\u00e4kerhetstryck"}]},{"@type":"WebSite","@id":"https:\/\/www.printon.ee\/#website","url":"https:\/\/www.printon.ee\/","name":"Printon AS","description":"Raamatud, bros\u00fc\u00fcrid, kataloogid, kalendrid","potentialAction":[{"@type":"SearchAction","target":{"@type":"EntryPoint","urlTemplate":"https:\/\/www.printon.ee\/?s={search_term_string}"},"query-input":{"@type":"PropertyValueSpecification","valueRequired":true,"valueName":"search_term_string"}}],"inLanguage":"sv-SE"}]}},"_links":{"self":[{"href":"https:\/\/www.printon.ee\/sv\/wp-json\/wp\/v2\/pages\/22081","targetHints":{"allow":["GET"]}}],"collection":[{"href":"https:\/\/www.printon.ee\/sv\/wp-json\/wp\/v2\/pages"}],"about":[{"href":"https:\/\/www.printon.ee\/sv\/wp-json\/wp\/v2\/types\/page"}],"author":[{"embeddable":true,"href":"https:\/\/www.printon.ee\/sv\/wp-json\/wp\/v2\/users\/9"}],"replies":[{"embeddable":true,"href":"https:\/\/www.printon.ee\/sv\/wp-json\/wp\/v2\/comments?post=22081"}],"version-history":[{"count":0,"href":"https:\/\/www.printon.ee\/sv\/wp-json\/wp\/v2\/pages\/22081\/revisions"}],"up":[{"embeddable":true,"href":"https:\/\/www.printon.ee\/sv\/wp-json\/wp\/v2\/pages\/22044"}],"wp:attachment":[{"href":"https:\/\/www.printon.ee\/sv\/wp-json\/wp\/v2\/media?parent=22081"}],"curies":[{"name":"wp","href":"https:\/\/api.w.org\/{rel}","templated":true}]}}