{"id":22093,"date":"2019-02-21T11:33:48","date_gmt":"2019-02-21T09:33:48","guid":{"rendered":"http:\/\/printon.veebispetsid.com\/tooted\/erilahendused\/"},"modified":"2019-08-13T10:01:31","modified_gmt":"2019-08-13T07:01:31","slug":"erilahendused","status":"publish","type":"page","link":"https:\/\/www.printon.ee\/sv\/tooted\/erilahendused\/","title":{"rendered":"Speciall\u00f6sningar"},"content":{"rendered":"<p><div class=\"fusion-fullwidth fullwidth-box nonhundred-percent-fullwidth non-hundred-percent-height-scrolling\"  style='background-color: rgba(255,255,255,0);background-position: center center;background-repeat: no-repeat;padding-top:0px;padding-right:0px;padding-bottom:0px;padding-left:0px;'><div class=\"fusion-builder-row fusion-row \"><div  class=\"fusion-layout-column fusion_builder_column fusion_builder_column_1_1 fusion-builder-column-1 fusion-one-full fusion-column-first fusion-column-last 1_1\"  style='margin-top:0px;margin-bottom:20px;'>\n\t\t\t\t\t<div class=\"fusion-column-wrapper\" style=\"padding: 0px 0px 0px 0px;background-position:left top;background-repeat:no-repeat;-webkit-background-size:cover;-moz-background-size:cover;-o-background-size:cover;background-size:cover;\"   data-bg-url=\"\">\n\t\t\t\t\t\t<div class=\"fusion-text\"><h5><img decoding=\"async\" class=\"aligncenter wp-image-21921\" src=\"https:\/\/printon.ee\/wp-content\/uploads\/2019\/06\/Erilahendused.png\" alt=\"\" width=\"70\" height=\"70\" srcset=\"https:\/\/www.printon.ee\/wp-content\/uploads\/2019\/06\/Erilahendused-66x66.png 66w, https:\/\/www.printon.ee\/wp-content\/uploads\/2019\/06\/Erilahendused-150x150.png 150w, https:\/\/www.printon.ee\/wp-content\/uploads\/2019\/06\/Erilahendused-200x200.png 200w, https:\/\/www.printon.ee\/wp-content\/uploads\/2019\/06\/Erilahendused.png 300w\" sizes=\"(max-width: 70px) 100vw, 70px\" \/><\/h5>\n<h5>Printon producerar stansade produkter i specialformat och med sp\u00e4nnande efterbearbetning som speciall\u00f6sning.<\/h5>\n<p>Vi \u00e4r \u00f6ppna f\u00f6r formgivares kreativa id\u00e9er och stolta \u00f6ver v\u00e5ra tekniska m\u00f6jligheter.<br \/>\nKom och se de olika m\u00f6jligheterna eller bjud in v\u00e5r f\u00f6rs\u00e4ljningschef p\u00e5 bes\u00f6k hos Dig!<\/p>\n<\/div><div class=\"fusion-clearfix\"><\/div>\n\n\t\t\t\t\t<\/div>\n\t\t\t\t<\/div><div  class=\"fusion-layout-column fusion_builder_column fusion_builder_column_1_1 fusion-builder-column-2 fusion-one-full fusion-column-first fusion-column-last 1_1\"  style='margin-top:0px;margin-bottom:20px;'>\n\t\t\t\t\t<div class=\"fusion-column-wrapper\" style=\"padding: 0px 0px 0px 0px;background-position:left top;background-repeat:no-repeat;-webkit-background-size:cover;-moz-background-size:cover;-o-background-size:cover;background-size:cover;\"   data-bg-url=\"\">\n\t\t\t\t\t\t<div class=\"fusion-text\"><h3 style=\"text-align: center;\">Utf\u00f6rda arbeten:<\/h3>\n<\/div><div class=\"fusion-flip-boxes flip-boxes row fusion-columns-2 flip-effect-classic equal-heights\"><div class=\"fusion-flip-box-wrapper fusion-column col-lg-6 col-md-6 col-sm-6\"><div class=\"fusion-flip-box flip-right\"><div class=\"flip-box-inner-wrapper\"><div class=\"flip-box-front\" style=\"background-color:rgba(255,255,255,0);border-color:rgba(0,0,0,0);border-radius:5px;color:#333333;transition-duration:0.4s;background-image: url(&#039;https:\/\/printon.ee\/wp-content\/uploads\/2019\/06\/Erilahendus-1.jpg&#039;);\"><div class=\"flip-box-front-inner\"><\/div><\/div><div class=\"flip-box-back\" style=\"background-color:#db0066;border-color:rgba(0,0,0,0);border-radius:5px;color:#ffffff;transition-duration:0.4s;\"><div class=\"flip-box-back-inner\"><h3 class=\"flip-box-heading-back\" style=\"color:#ffffff;\">SPECIAL CUT BROCHURE <\/h3>\n<ul>\n<li>Saddle stitch binding<\/li>\n<\/ul>\n<\/div><\/div><\/div><\/div><\/div><div class=\"fusion-flip-box-wrapper fusion-column col-lg-6 col-md-6 col-sm-6\"><div class=\"fusion-flip-box flip-right\"><div class=\"flip-box-inner-wrapper\"><div class=\"flip-box-front\" style=\"background-color:rgba(255,255,255,0);border-color:rgba(0,0,0,0);border-radius:5px;color:#333333;transition-duration:0.4s;background-image: url(&#039;https:\/\/printon.ee\/wp-content\/uploads\/2019\/06\/erilahendus-1-2.jpg&#039;);\"><div class=\"flip-box-front-inner\"><\/div><\/div><div class=\"flip-box-back\" style=\"background-color:#db0066;border-color:rgba(0,0,0,0);border-radius:5px;color:#ffffff;transition-duration:0.4s;\"><div class=\"flip-box-back-inner\"><h3 class=\"flip-box-heading-back\" style=\"color:#ffffff;\">SADDLE STITCH BROCHURE<\/h3>\n<ul>\n<li>Special cut brochure<\/li>\n<li>Saddle stitch binding<\/li>\n<\/ul>\n<\/div><\/div><\/div><\/div><\/div><div class=\"fusion-flip-box-wrapper fusion-column col-lg-6 col-md-6 col-sm-6\"><div class=\"fusion-flip-box flip-right\"><div class=\"flip-box-inner-wrapper\"><div class=\"flip-box-front\" style=\"background-color:rgba(255,255,255,0);border-color:rgba(0,0,0,0);border-radius:5px;color:#333333;transition-duration:0.4s;background-image: url(&#039;https:\/\/printon.ee\/wp-content\/uploads\/2019\/06\/Erilahendus-6_.jpg&#039;);\"><div class=\"flip-box-front-inner\"><\/div><\/div><div class=\"flip-box-back\" style=\"background-color:#db0066;border-color:rgba(0,0,0,0);border-radius:5px;color:#ffffff;transition-duration:0.4s;\"><div class=\"flip-box-back-inner\"><h3 class=\"flip-box-heading-back\" style=\"color:#ffffff;\">HARD COVER BOOK IN A GIFT BOX <\/h3>\n<ul>\n<li style=\"text-align: left;\">Die cut box<\/li>\n<li style=\"text-align: left;\">Gold folio print on the cover<\/li>\n<li style=\"text-align: left;\">Matte offset varnish on the cover<\/li>\n<\/ul>\n<\/div><\/div><\/div><\/div><\/div><div class=\"fusion-flip-box-wrapper fusion-column col-lg-6 col-md-6 col-sm-6\"><div class=\"fusion-flip-box flip-right\"><div class=\"flip-box-inner-wrapper\"><div class=\"flip-box-front\" style=\"background-color:rgba(255,255,255,0);border-color:rgba(0,0,0,0);border-radius:5px;color:#333333;transition-duration:0.4s;background-image: url(&#039;https:\/\/printon.ee\/wp-content\/uploads\/2019\/06\/Erilahendus-4.jpg&#039;);\"><div class=\"flip-box-front-inner\"><\/div><\/div><div class=\"flip-box-back\" style=\"background-color:#db0066;border-color:rgba(0,0,0,0);border-radius:5px;color:#ffffff;transition-duration:0.4s;\"><div class=\"flip-box-back-inner\"><h3 class=\"flip-box-heading-back\" style=\"color:#ffffff;\">SWISS BINDING <\/h3>\n<ul>\n<li style=\"text-align: left;\">Translucent insert paper<\/li>\n<li style=\"text-align: left;\">Sewd Swiss binding, white textile cover on the spine<\/li>\n<li style=\"text-align: left;\">PMS colors<\/li>\n<\/ul>\n<\/div><\/div><\/div><\/div><\/div><div class=\"fusion-flip-box-wrapper fusion-column col-lg-6 col-md-6 col-sm-6\"><div class=\"fusion-flip-box flip-right\"><div class=\"flip-box-inner-wrapper\"><div class=\"flip-box-front\" style=\"background-color:rgba(255,255,255,0);border-color:rgba(0,0,0,0);border-radius:5px;color:#333333;transition-duration:0.4s;background-image: url(&#039;https:\/\/printon.ee\/wp-content\/uploads\/2019\/06\/Erilahendus-sveitsi-koide.jpg&#039;);\"><div class=\"flip-box-front-inner\"><\/div><\/div><div class=\"flip-box-back\" style=\"background-color:#db0066;border-color:rgba(0,0,0,0);border-radius:5px;color:#ffffff;transition-duration:0.4s;\"><div class=\"flip-box-back-inner\"><h3 class=\"flip-box-heading-back\" style=\"color:#ffffff;\">SWISS BINDING <\/h3>\n<ul>\n<li style=\"text-align: left;\">Translucent insert paper<\/li>\n<li style=\"text-align: left;\">Sewd Swiss binding, white textile on the spine<\/li>\n<li style=\"text-align: left;\">PMS colors<\/li>\n<\/ul>\n<\/div><\/div><\/div><\/div><\/div><\/div><div class=\"fusion-clearfix\"><\/div><div class=\"fusion-clearfix\"><\/div>\n\n\t\t\t\t\t<\/div>\n\t\t\t\t<\/div><\/div><\/div><div class=\"fusion-fullwidth fullwidth-box nonhundred-percent-fullwidth non-hundred-percent-height-scrolling\"  style='background-color: rgba(255,255,255,0);background-position: center center;background-repeat: no-repeat;padding-top:0px;padding-right:0px;padding-bottom:0px;padding-left:0px;'><div class=\"fusion-builder-row fusion-row \"><div  class=\"fusion-layout-column fusion_builder_column fusion_builder_column_1_1 fusion-builder-column-3 fusion-one-full fusion-column-first fusion-column-last 1_1\"  style='margin-top:0px;margin-bottom:20px;'>\n\t\t\t\t\t<div class=\"fusion-column-wrapper\" style=\"padding: 0px 0px 0px 0px;background-position:left top;background-repeat:no-repeat;-webkit-background-size:cover;-moz-background-size:cover;-o-background-size:cover;background-size:cover;\"   data-bg-url=\"\">\n\t\t\t\t\t\t<div class=\"fusion-sep-clear\"><\/div><div class=\"fusion-separator fusion-full-width-sep sep-single sep-solid\" style=\"border-color:#eeeeee;border-top-width:2px;margin-left: auto;margin-right: auto;margin-top:10px;margin-bottom:20px;\"><\/div><div class=\"fusion-text\"><h5>Skriv till oss och vi hittar den b\u00e4sta l\u00f6sningen!<\/h5>\n<\/div><div class=\"fusion-button-wrapper\"><style type=\"text\/css\" scoped=\"scoped\">.fusion-button.button-1 .fusion-button-text, .fusion-button.button-1 i {color:#ffffff;}.fusion-button.button-1 {border-width:1px;border-color:#ffffff;}.fusion-button.button-1 .fusion-button-icon-divider{border-color:#ffffff;}.fusion-button.button-1:hover .fusion-button-text, .fusion-button.button-1:hover i,.fusion-button.button-1:focus .fusion-button-text, .fusion-button.button-1:focus i,.fusion-button.button-1:active .fusion-button-text, .fusion-button.button-1:active{color:#ffffff;}.fusion-button.button-1:hover, .fusion-button.button-1:focus, .fusion-button.button-1:active{border-width:1px;border-color:#ffffff;}.fusion-button.button-1:hover .fusion-button-icon-divider, .fusion-button.button-1:hover .fusion-button-icon-divider, .fusion-button.button-1:active .fusion-button-icon-divider{border-color:#ffffff;}.fusion-button.button-1{width:auto;}<\/style><a class=\"fusion-button button-flat fusion-button-round button-large button-default button-1\" target=\"_self\" href=\"https:\/\/printon.ee\/sv\/hinnaparing\/\"><span class=\"fusion-button-text\">Offerf\u00f6rfr\u00e5gan<\/span><\/a><\/div><div class=\"fusion-clearfix\"><\/div>\n\n\t\t\t\t\t<\/div>\n\t\t\t\t<\/div><\/div><\/div><\/p>\n","protected":false},"excerpt":{"rendered":"","protected":false},"author":9,"featured_media":0,"parent":22044,"menu_order":0,"comment_status":"closed","ping_status":"closed","template":"","meta":{"footnotes":""},"class_list":["post-22093","page","type-page","status-publish","hentry"],"yoast_head":"<!-- This site is optimized with the Yoast SEO plugin v26.8 - https:\/\/yoast.com\/product\/yoast-seo-wordpress\/ -->\n<title>Speciall\u00f6sningar - Printon AS<\/title>\n<meta name=\"robots\" content=\"index, follow, max-snippet:-1, max-image-preview:large, max-video-preview:-1\" \/>\n<link rel=\"canonical\" href=\"https:\/\/www.printon.ee\/sv\/tooted\/erilahendused\/\" \/>\n<meta property=\"og:locale\" content=\"sv_SE\" \/>\n<meta property=\"og:type\" content=\"article\" \/>\n<meta property=\"og:title\" content=\"Speciall\u00f6sningar - Printon AS\" \/>\n<meta property=\"og:url\" content=\"https:\/\/www.printon.ee\/sv\/tooted\/erilahendused\/\" \/>\n<meta property=\"og:site_name\" content=\"Printon AS\" \/>\n<meta property=\"article:modified_time\" content=\"2019-08-13T07:01:31+00:00\" \/>\n<meta property=\"og:image\" content=\"https:\/\/printon.ee\/wp-content\/uploads\/2019\/06\/Erilahendused.png\" \/>\n<meta name=\"twitter:card\" content=\"summary_large_image\" \/>\n<meta name=\"twitter:label1\" content=\"Ber\u00e4knad l\u00e4stid\" \/>\n\t<meta name=\"twitter:data1\" content=\"7 minuter\" \/>\n<script type=\"application\/ld+json\" class=\"yoast-schema-graph\">{\"@context\":\"https:\/\/schema.org\",\"@graph\":[{\"@type\":\"WebPage\",\"@id\":\"https:\/\/www.printon.ee\/sv\/tooted\/erilahendused\/\",\"url\":\"https:\/\/www.printon.ee\/sv\/tooted\/erilahendused\/\",\"name\":\"Speciall\u00f6sningar - Printon AS\",\"isPartOf\":{\"@id\":\"https:\/\/www.printon.ee\/#website\"},\"primaryImageOfPage\":{\"@id\":\"https:\/\/www.printon.ee\/sv\/tooted\/erilahendused\/#primaryimage\"},\"image\":{\"@id\":\"https:\/\/www.printon.ee\/sv\/tooted\/erilahendused\/#primaryimage\"},\"thumbnailUrl\":\"https:\/\/printon.ee\/wp-content\/uploads\/2019\/06\/Erilahendused.png\",\"datePublished\":\"2019-02-21T09:33:48+00:00\",\"dateModified\":\"2019-08-13T07:01:31+00:00\",\"breadcrumb\":{\"@id\":\"https:\/\/www.printon.ee\/sv\/tooted\/erilahendused\/#breadcrumb\"},\"inLanguage\":\"sv-SE\",\"potentialAction\":[{\"@type\":\"ReadAction\",\"target\":[\"https:\/\/www.printon.ee\/sv\/tooted\/erilahendused\/\"]}]},{\"@type\":\"ImageObject\",\"inLanguage\":\"sv-SE\",\"@id\":\"https:\/\/www.printon.ee\/sv\/tooted\/erilahendused\/#primaryimage\",\"url\":\"https:\/\/printon.ee\/wp-content\/uploads\/2019\/06\/Erilahendused.png\",\"contentUrl\":\"https:\/\/printon.ee\/wp-content\/uploads\/2019\/06\/Erilahendused.png\"},{\"@type\":\"BreadcrumbList\",\"@id\":\"https:\/\/www.printon.ee\/sv\/tooted\/erilahendused\/#breadcrumb\",\"itemListElement\":[{\"@type\":\"ListItem\",\"position\":1,\"name\":\"Home\",\"item\":\"https:\/\/www.printon.ee\/sv\/\"},{\"@type\":\"ListItem\",\"position\":2,\"name\":\"Produktion\",\"item\":\"https:\/\/www.printon.ee\/sv\/tooted\/\"},{\"@type\":\"ListItem\",\"position\":3,\"name\":\"Speciall\u00f6sningar\"}]},{\"@type\":\"WebSite\",\"@id\":\"https:\/\/www.printon.ee\/#website\",\"url\":\"https:\/\/www.printon.ee\/\",\"name\":\"Printon AS\",\"description\":\"Raamatud, bros\u00fc\u00fcrid, kataloogid, kalendrid\",\"potentialAction\":[{\"@type\":\"SearchAction\",\"target\":{\"@type\":\"EntryPoint\",\"urlTemplate\":\"https:\/\/www.printon.ee\/?s={search_term_string}\"},\"query-input\":{\"@type\":\"PropertyValueSpecification\",\"valueRequired\":true,\"valueName\":\"search_term_string\"}}],\"inLanguage\":\"sv-SE\"}]}<\/script>\n<!-- \/ Yoast SEO plugin. -->","yoast_head_json":{"title":"Speciall\u00f6sningar - Printon AS","robots":{"index":"index","follow":"follow","max-snippet":"max-snippet:-1","max-image-preview":"max-image-preview:large","max-video-preview":"max-video-preview:-1"},"canonical":"https:\/\/www.printon.ee\/sv\/tooted\/erilahendused\/","og_locale":"sv_SE","og_type":"article","og_title":"Speciall\u00f6sningar - Printon AS","og_url":"https:\/\/www.printon.ee\/sv\/tooted\/erilahendused\/","og_site_name":"Printon AS","article_modified_time":"2019-08-13T07:01:31+00:00","og_image":[{"url":"https:\/\/printon.ee\/wp-content\/uploads\/2019\/06\/Erilahendused.png","type":"","width":"","height":""}],"twitter_card":"summary_large_image","twitter_misc":{"Ber\u00e4knad l\u00e4stid":"7 minuter"},"schema":{"@context":"https:\/\/schema.org","@graph":[{"@type":"WebPage","@id":"https:\/\/www.printon.ee\/sv\/tooted\/erilahendused\/","url":"https:\/\/www.printon.ee\/sv\/tooted\/erilahendused\/","name":"Speciall\u00f6sningar - Printon AS","isPartOf":{"@id":"https:\/\/www.printon.ee\/#website"},"primaryImageOfPage":{"@id":"https:\/\/www.printon.ee\/sv\/tooted\/erilahendused\/#primaryimage"},"image":{"@id":"https:\/\/www.printon.ee\/sv\/tooted\/erilahendused\/#primaryimage"},"thumbnailUrl":"https:\/\/printon.ee\/wp-content\/uploads\/2019\/06\/Erilahendused.png","datePublished":"2019-02-21T09:33:48+00:00","dateModified":"2019-08-13T07:01:31+00:00","breadcrumb":{"@id":"https:\/\/www.printon.ee\/sv\/tooted\/erilahendused\/#breadcrumb"},"inLanguage":"sv-SE","potentialAction":[{"@type":"ReadAction","target":["https:\/\/www.printon.ee\/sv\/tooted\/erilahendused\/"]}]},{"@type":"ImageObject","inLanguage":"sv-SE","@id":"https:\/\/www.printon.ee\/sv\/tooted\/erilahendused\/#primaryimage","url":"https:\/\/printon.ee\/wp-content\/uploads\/2019\/06\/Erilahendused.png","contentUrl":"https:\/\/printon.ee\/wp-content\/uploads\/2019\/06\/Erilahendused.png"},{"@type":"BreadcrumbList","@id":"https:\/\/www.printon.ee\/sv\/tooted\/erilahendused\/#breadcrumb","itemListElement":[{"@type":"ListItem","position":1,"name":"Home","item":"https:\/\/www.printon.ee\/sv\/"},{"@type":"ListItem","position":2,"name":"Produktion","item":"https:\/\/www.printon.ee\/sv\/tooted\/"},{"@type":"ListItem","position":3,"name":"Speciall\u00f6sningar"}]},{"@type":"WebSite","@id":"https:\/\/www.printon.ee\/#website","url":"https:\/\/www.printon.ee\/","name":"Printon AS","description":"Raamatud, bros\u00fc\u00fcrid, kataloogid, kalendrid","potentialAction":[{"@type":"SearchAction","target":{"@type":"EntryPoint","urlTemplate":"https:\/\/www.printon.ee\/?s={search_term_string}"},"query-input":{"@type":"PropertyValueSpecification","valueRequired":true,"valueName":"search_term_string"}}],"inLanguage":"sv-SE"}]}},"_links":{"self":[{"href":"https:\/\/www.printon.ee\/sv\/wp-json\/wp\/v2\/pages\/22093","targetHints":{"allow":["GET"]}}],"collection":[{"href":"https:\/\/www.printon.ee\/sv\/wp-json\/wp\/v2\/pages"}],"about":[{"href":"https:\/\/www.printon.ee\/sv\/wp-json\/wp\/v2\/types\/page"}],"author":[{"embeddable":true,"href":"https:\/\/www.printon.ee\/sv\/wp-json\/wp\/v2\/users\/9"}],"replies":[{"embeddable":true,"href":"https:\/\/www.printon.ee\/sv\/wp-json\/wp\/v2\/comments?post=22093"}],"version-history":[{"count":0,"href":"https:\/\/www.printon.ee\/sv\/wp-json\/wp\/v2\/pages\/22093\/revisions"}],"up":[{"embeddable":true,"href":"https:\/\/www.printon.ee\/sv\/wp-json\/wp\/v2\/pages\/22044"}],"wp:attachment":[{"href":"https:\/\/www.printon.ee\/sv\/wp-json\/wp\/v2\/media?parent=22093"}],"curies":[{"name":"wp","href":"https:\/\/api.w.org\/{rel}","templated":true}]}}