{"id":22117,"date":"2019-02-21T11:42:10","date_gmt":"2019-02-21T09:42:10","guid":{"rendered":"http:\/\/printon.veebispetsid.com\/teenused\/konsultatsioon\/"},"modified":"2025-03-19T14:03:10","modified_gmt":"2025-03-19T12:03:10","slug":"konsultatsioon","status":"publish","type":"page","link":"https:\/\/www.printon.ee\/sv\/teenused\/konsultatsioon\/","title":{"rendered":"Konsultation"},"content":{"rendered":"<p><div class=\"fusion-fullwidth fullwidth-box nonhundred-percent-fullwidth non-hundred-percent-height-scrolling\"  style='background-color: rgba(255,255,255,0);background-position: center center;background-repeat: no-repeat;padding-top:0px;padding-right:0px;padding-bottom:0px;padding-left:0px;'><div class=\"fusion-builder-row fusion-row \"><div  class=\"fusion-layout-column fusion_builder_column fusion_builder_column_1_1 fusion-builder-column-1 fusion-one-full fusion-column-first fusion-column-last 1_1\"  style='margin-top:0px;margin-bottom:20px;'>\n\t\t\t\t\t<div class=\"fusion-column-wrapper\" style=\"padding: 0px 0px 0px 0px;background-position:left top;background-repeat:no-repeat;-webkit-background-size:cover;-moz-background-size:cover;-o-background-size:cover;background-size:cover;\"   data-bg-url=\"\">\n\t\t\t\t\t\t<div class=\"fusion-text\"><p>Vid konsultation klarl\u00e4gger vi best\u00e4llarens behov och uppr\u00e4ttar en vision f\u00f6r samarbetet som utg\u00e5r fr\u00e5n kundens \u00f6nskem\u00e5l.<\/p>\n<ul>\n<li>Vi hittar det perfekta pappret.<\/li>\n<li>Vi rekommenderar den b\u00e4sta bindningen, tryckl\u00f6sningen och efterbearbetningen.<\/li>\n<li>Vi optimerar projektkostnaderna.<\/li>\n<li>Vi h\u00e5ller oss till budgeten.<\/li>\n<\/ul>\n<\/div><div class=\"fusion-sep-clear\"><\/div><div class=\"fusion-separator fusion-full-width-sep sep-single sep-solid\" style=\"border-color:#eeeeee;border-top-width:2px;margin-left: auto;margin-right: auto;margin-top:20px;margin-bottom:10px;\"><\/div><div class=\"fusion-clearfix\"><\/div>\n\n\t\t\t\t\t<\/div>\n\t\t\t\t<\/div><\/div><\/div><div class=\"fusion-fullwidth fullwidth-box nonhundred-percent-fullwidth non-hundred-percent-height-scrolling fusion-equal-height-columns\"  style='background-color: rgba(255,255,255,0);background-position: center center;background-repeat: no-repeat;padding-top:0px;padding-right:0px;padding-bottom:0px;padding-left:0px;'><div class=\"fusion-builder-row fusion-row \"><div  class=\"fusion-layout-column fusion_builder_column fusion_builder_column_1_3 fusion-builder-column-2 fusion-one-third fusion-column-first 1_3\"  style='margin-top:0px;margin-bottom:20px;width:33.33%;width:calc(33.33% - ( ( 4% ) * 0.3333 ) );margin-right: 4%;'>\n\t\t\t\t\t<div class=\"fusion-column-wrapper\" style=\"padding: 0px 0px 0px 0px;background-position:left top;background-repeat:no-repeat;-webkit-background-size:cover;-moz-background-size:cover;-o-background-size:cover;background-size:cover;\"   data-bg-url=\"\">\n\t\t\t\t\t\t<span style=\"width:100%;max-width:300px;\" class=\"fusion-imageframe imageframe-none imageframe-1 hover-type-zoomin\"><\/span><div class=\"fusion-clearfix\"><\/div>\n\n\t\t\t\t\t<\/div>\n\t\t\t\t<\/div><div  class=\"fusion-layout-column fusion_builder_column fusion_builder_column_2_3 fusion-builder-column-3 fusion-two-third fusion-column-last 2_3\"  style='margin-top:0px;margin-bottom:20px;width:66.66%;width:calc(66.66% - ( ( 4% ) * 0.6666 ) );'>\n\t\t\t\t\t<div class=\"fusion-column-wrapper\" style=\"padding: 0px 0px 0px 0px;background-position:left top;background-repeat:no-repeat;-webkit-background-size:cover;-moz-background-size:cover;-o-background-size:cover;background-size:cover;\"   data-bg-url=\"\">\n\t\t\t\t\t\t<div class=\"fusion-column-content-centered\"><div class=\"fusion-column-content\"><div class=\"fusion-text\"><\/div><div class=\"fusion-button-wrapper\"><style type=\"text\/css\" scoped=\"scoped\">.fusion-button.button-1 .fusion-button-text, .fusion-button.button-1 i {color:#ffffff;}.fusion-button.button-1 {border-width:1px;border-color:#ffffff;}.fusion-button.button-1 .fusion-button-icon-divider{border-color:#ffffff;}.fusion-button.button-1:hover .fusion-button-text, .fusion-button.button-1:hover i,.fusion-button.button-1:focus .fusion-button-text, .fusion-button.button-1:focus i,.fusion-button.button-1:active .fusion-button-text, .fusion-button.button-1:active{color:#ffffff;}.fusion-button.button-1:hover, .fusion-button.button-1:focus, .fusion-button.button-1:active{border-width:1px;border-color:#ffffff;}.fusion-button.button-1:hover .fusion-button-icon-divider, .fusion-button.button-1:hover .fusion-button-icon-divider, .fusion-button.button-1:active .fusion-button-icon-divider{border-color:#ffffff;}.fusion-button.button-1{width:auto;}<\/style><a class=\"fusion-button button-flat fusion-button-round button-large button-default button-1\" target=\"_self\" href=\"https:\/\/printon.ee\/sv\/hinnaparing\/\"><span class=\"fusion-button-text\">Offerf\u00f6rfr\u00e5gan<\/span><\/a><\/div><\/div><\/div><div class=\"fusion-clearfix\"><\/div>\n\n\t\t\t\t\t<\/div>\n\t\t\t\t<\/div><\/div><\/div><\/p>\n","protected":false},"excerpt":{"rendered":"","protected":false},"author":9,"featured_media":0,"parent":22109,"menu_order":0,"comment_status":"closed","ping_status":"closed","template":"","meta":{"footnotes":""},"class_list":["post-22117","page","type-page","status-publish","hentry"],"yoast_head":"<!-- This site is optimized with the Yoast SEO plugin v26.8 - https:\/\/yoast.com\/product\/yoast-seo-wordpress\/ -->\n<title>Konsultation - Printon AS<\/title>\n<meta name=\"robots\" content=\"index, follow, max-snippet:-1, max-image-preview:large, max-video-preview:-1\" \/>\n<link rel=\"canonical\" href=\"https:\/\/www.printon.ee\/sv\/teenused\/konsultatsioon\/\" \/>\n<meta property=\"og:locale\" content=\"sv_SE\" \/>\n<meta property=\"og:type\" content=\"article\" \/>\n<meta property=\"og:title\" content=\"Konsultation - Printon AS\" \/>\n<meta property=\"og:url\" content=\"https:\/\/www.printon.ee\/sv\/teenused\/konsultatsioon\/\" \/>\n<meta property=\"og:site_name\" content=\"Printon AS\" \/>\n<meta property=\"article:modified_time\" content=\"2025-03-19T12:03:10+00:00\" \/>\n<meta name=\"twitter:card\" content=\"summary_large_image\" \/>\n<meta name=\"twitter:label1\" content=\"Ber\u00e4knad l\u00e4stid\" \/>\n\t<meta name=\"twitter:data1\" content=\"2 minuter\" \/>\n<script type=\"application\/ld+json\" class=\"yoast-schema-graph\">{\"@context\":\"https:\/\/schema.org\",\"@graph\":[{\"@type\":\"WebPage\",\"@id\":\"https:\/\/www.printon.ee\/sv\/teenused\/konsultatsioon\/\",\"url\":\"https:\/\/www.printon.ee\/sv\/teenused\/konsultatsioon\/\",\"name\":\"Konsultation - Printon AS\",\"isPartOf\":{\"@id\":\"https:\/\/www.printon.ee\/#website\"},\"datePublished\":\"2019-02-21T09:42:10+00:00\",\"dateModified\":\"2025-03-19T12:03:10+00:00\",\"breadcrumb\":{\"@id\":\"https:\/\/www.printon.ee\/sv\/teenused\/konsultatsioon\/#breadcrumb\"},\"inLanguage\":\"sv-SE\",\"potentialAction\":[{\"@type\":\"ReadAction\",\"target\":[\"https:\/\/www.printon.ee\/sv\/teenused\/konsultatsioon\/\"]}]},{\"@type\":\"BreadcrumbList\",\"@id\":\"https:\/\/www.printon.ee\/sv\/teenused\/konsultatsioon\/#breadcrumb\",\"itemListElement\":[{\"@type\":\"ListItem\",\"position\":1,\"name\":\"Home\",\"item\":\"https:\/\/www.printon.ee\/sv\/\"},{\"@type\":\"ListItem\",\"position\":2,\"name\":\"Tj\u00e4nster\",\"item\":\"https:\/\/www.printon.ee\/sv\/teenused\/\"},{\"@type\":\"ListItem\",\"position\":3,\"name\":\"Konsultation\"}]},{\"@type\":\"WebSite\",\"@id\":\"https:\/\/www.printon.ee\/#website\",\"url\":\"https:\/\/www.printon.ee\/\",\"name\":\"Printon AS\",\"description\":\"Raamatud, bros\u00fc\u00fcrid, kataloogid, kalendrid\",\"potentialAction\":[{\"@type\":\"SearchAction\",\"target\":{\"@type\":\"EntryPoint\",\"urlTemplate\":\"https:\/\/www.printon.ee\/?s={search_term_string}\"},\"query-input\":{\"@type\":\"PropertyValueSpecification\",\"valueRequired\":true,\"valueName\":\"search_term_string\"}}],\"inLanguage\":\"sv-SE\"}]}<\/script>\n<!-- \/ Yoast SEO plugin. -->","yoast_head_json":{"title":"Konsultation - Printon AS","robots":{"index":"index","follow":"follow","max-snippet":"max-snippet:-1","max-image-preview":"max-image-preview:large","max-video-preview":"max-video-preview:-1"},"canonical":"https:\/\/www.printon.ee\/sv\/teenused\/konsultatsioon\/","og_locale":"sv_SE","og_type":"article","og_title":"Konsultation - Printon AS","og_url":"https:\/\/www.printon.ee\/sv\/teenused\/konsultatsioon\/","og_site_name":"Printon AS","article_modified_time":"2025-03-19T12:03:10+00:00","twitter_card":"summary_large_image","twitter_misc":{"Ber\u00e4knad l\u00e4stid":"2 minuter"},"schema":{"@context":"https:\/\/schema.org","@graph":[{"@type":"WebPage","@id":"https:\/\/www.printon.ee\/sv\/teenused\/konsultatsioon\/","url":"https:\/\/www.printon.ee\/sv\/teenused\/konsultatsioon\/","name":"Konsultation - Printon AS","isPartOf":{"@id":"https:\/\/www.printon.ee\/#website"},"datePublished":"2019-02-21T09:42:10+00:00","dateModified":"2025-03-19T12:03:10+00:00","breadcrumb":{"@id":"https:\/\/www.printon.ee\/sv\/teenused\/konsultatsioon\/#breadcrumb"},"inLanguage":"sv-SE","potentialAction":[{"@type":"ReadAction","target":["https:\/\/www.printon.ee\/sv\/teenused\/konsultatsioon\/"]}]},{"@type":"BreadcrumbList","@id":"https:\/\/www.printon.ee\/sv\/teenused\/konsultatsioon\/#breadcrumb","itemListElement":[{"@type":"ListItem","position":1,"name":"Home","item":"https:\/\/www.printon.ee\/sv\/"},{"@type":"ListItem","position":2,"name":"Tj\u00e4nster","item":"https:\/\/www.printon.ee\/sv\/teenused\/"},{"@type":"ListItem","position":3,"name":"Konsultation"}]},{"@type":"WebSite","@id":"https:\/\/www.printon.ee\/#website","url":"https:\/\/www.printon.ee\/","name":"Printon AS","description":"Raamatud, bros\u00fc\u00fcrid, kataloogid, kalendrid","potentialAction":[{"@type":"SearchAction","target":{"@type":"EntryPoint","urlTemplate":"https:\/\/www.printon.ee\/?s={search_term_string}"},"query-input":{"@type":"PropertyValueSpecification","valueRequired":true,"valueName":"search_term_string"}}],"inLanguage":"sv-SE"}]}},"_links":{"self":[{"href":"https:\/\/www.printon.ee\/sv\/wp-json\/wp\/v2\/pages\/22117","targetHints":{"allow":["GET"]}}],"collection":[{"href":"https:\/\/www.printon.ee\/sv\/wp-json\/wp\/v2\/pages"}],"about":[{"href":"https:\/\/www.printon.ee\/sv\/wp-json\/wp\/v2\/types\/page"}],"author":[{"embeddable":true,"href":"https:\/\/www.printon.ee\/sv\/wp-json\/wp\/v2\/users\/9"}],"replies":[{"embeddable":true,"href":"https:\/\/www.printon.ee\/sv\/wp-json\/wp\/v2\/comments?post=22117"}],"version-history":[{"count":0,"href":"https:\/\/www.printon.ee\/sv\/wp-json\/wp\/v2\/pages\/22117\/revisions"}],"up":[{"embeddable":true,"href":"https:\/\/www.printon.ee\/sv\/wp-json\/wp\/v2\/pages\/22109"}],"wp:attachment":[{"href":"https:\/\/www.printon.ee\/sv\/wp-json\/wp\/v2\/media?parent=22117"}],"curies":[{"name":"wp","href":"https:\/\/api.w.org\/{rel}","templated":true}]}}