{"id":22120,"date":"2019-02-21T11:42:24","date_gmt":"2019-02-21T09:42:24","guid":{"rendered":"http:\/\/printon.veebispetsid.com\/teenused\/repro\/"},"modified":"2025-03-19T14:07:41","modified_gmt":"2025-03-19T12:07:41","slug":"repro","status":"publish","type":"page","link":"https:\/\/www.printon.ee\/sv\/teenused\/repro\/","title":{"rendered":"Repro"},"content":{"rendered":"<p><div class=\"fusion-fullwidth fullwidth-box nonhundred-percent-fullwidth non-hundred-percent-height-scrolling\"  style='background-color: rgba(255,255,255,0);background-position: center center;background-repeat: no-repeat;padding-top:0px;padding-right:0px;padding-bottom:0px;padding-left:0px;'><div class=\"fusion-builder-row fusion-row \"><div  class=\"fusion-layout-column fusion_builder_column fusion_builder_column_1_1 fusion-builder-column-1 fusion-one-full fusion-column-first fusion-column-last 1_1\"  style='margin-top:0px;margin-bottom:20px;'>\n\t\t\t\t\t<div class=\"fusion-column-wrapper\" style=\"padding: 0px 0px 0px 0px;background-position:left top;background-repeat:no-repeat;-webkit-background-size:cover;-moz-background-size:cover;-o-background-size:cover;background-size:cover;\"   data-bg-url=\"\">\n\t\t\t\t\t\t<div class=\"fusion-text\"><h5>Printons reproavdelning s\u00e4krar smidig tryckf\u00f6rberedelse.<\/h5>\n<ul>\n<li>Kontroll och korrigering av tryckfiler<\/li>\n<li>Positionering av trycksaken p\u00e5 arken<\/li>\n<li>Design och layout<\/li>\n<li>Provtryckning<\/li>\n<li>F\u00f6rberedelse av tryckpl\u00e5tar<\/li>\n<\/ul>\n<\/div><div class=\"fusion-button-wrapper\"><style type=\"text\/css\" scoped=\"scoped\">.fusion-button.button-1 .fusion-button-text, .fusion-button.button-1 i {color:#ffffff;}.fusion-button.button-1 {border-width:1px;border-color:#ffffff;}.fusion-button.button-1 .fusion-button-icon-divider{border-color:#ffffff;}.fusion-button.button-1:hover .fusion-button-text, .fusion-button.button-1:hover i,.fusion-button.button-1:focus .fusion-button-text, .fusion-button.button-1:focus i,.fusion-button.button-1:active .fusion-button-text, .fusion-button.button-1:active{color:#ffffff;}.fusion-button.button-1:hover, .fusion-button.button-1:focus, .fusion-button.button-1:active{border-width:1px;border-color:#ffffff;}.fusion-button.button-1:hover .fusion-button-icon-divider, .fusion-button.button-1:hover .fusion-button-icon-divider, .fusion-button.button-1:active .fusion-button-icon-divider{border-color:#ffffff;}.fusion-button.button-1{width:auto;}<\/style><a class=\"fusion-button button-flat fusion-button-round button-large button-default button-1\" target=\"_self\" href=\"https:\/\/printon.ee\/sv\/nouanded\/nouded-failidele\/\"><span class=\"fusion-button-text\">R\u00e5d<\/span><\/a><\/div><style type=\"text\/css\" scoped=\"scoped\">.fusion-accordian  #accordion-22120-1 .panel-title a .fa-fusion-box{ color: #333333;}.fusion-accordian  #accordion-22120-1 .panel-title a .fa-fusion-box:before{ font-size: 20px; width: 20px;}.fusion-accordian  #accordion-22120-1 .panel-title a{font-size:17px;}.fusion-accordian  #accordion-22120-1 .panel-title a:hover, #accordion-22120-1 .fusion-toggle-boxed-mode:hover .panel-title a { color: #db0066;}.fusion-accordian  #accordion-22120-1 .fusion-toggle-boxed-mode:hover .panel-title a .fa-fusion-box{ color: #db0066;}.fusion-accordian  #accordion-22120-1.fusion-toggle-icon-unboxed .fusion-panel .panel-title a:hover .fa-fusion-box{ color: #db0066 !important;}<\/style><div class=\"accordian fusion-accordian\"><div class=\"panel-group fusion-toggle-icon-unboxed\" id=\"accordion-22120-1\"><div class=\"fusion-panel panel-default fusion-toggle-no-divider\"><div class=\"panel-heading\"><h4 class=\"panel-title toggle\"><a data-toggle=\"collapse\" data-parent=\"#accordion-22120-1\" data-target=\"#a68727b0b3e5ea9a1\" href=\"#a68727b0b3e5ea9a1\"><div class=\"fusion-toggle-icon-wrapper\"><i class=\"fa-fusion-box\"><\/i><\/div><div class=\"fusion-toggle-heading\">Framst\u00e4llning av filer<\/div><\/a><\/h4><\/div><div id=\"a68727b0b3e5ea9a1\" class=\"panel-collapse collapse \"><div class=\"panel-body toggle-content fusion-clearfix\">Framst\u00e4llning av filer<br \/>\nOverprint<br \/>\nProgram<br \/>\n\u00d6verf\u00f6ring av filer<\/p>\n<p>Eftersom vi anv\u00e4nder CTP-teknologi (Computer to Plate) f\u00f6r framst\u00e4llning av tryckpl\u00e5tar utf\u00f6r vi tryckarksmontaget av filer sj\u00e4lva. Fr\u00e5n kunder f\u00f6rv\u00e4ntar vi PDF- eller PostScript-filer, filmer d\u00e4remot passar inte f\u00f6r tryckf\u00f6rberedningen. Tack vare CTP-teknologin \u00e4r tids\u00e5tg\u00e5ngen f\u00f6r tryckf\u00f6rberedningen betydligt kortare och slutresultatet av mycket b\u00e4ttre kvalitet.<\/p>\n<p>N\u00e4r det g\u00e4ller tidskrifter och broschyrer ber vi v\u00e4nligen att b\u00e5de inneh\u00e5llet och omslagssidorna skickas in som separata sidor, inte parvis.<\/p>\n<p>Vi f\u00f6redrar PostScript- och PDF-filer. Vid PostScript-filer f\u00f6redrar vi composite men \u00e4ven separerade filer kan skickas in. PDF-filer ska absolut vara composite.<\/p>\n<p>Vid framst\u00e4llningen av PostScript- och PDF-filer b\u00f6r ni komma ih\u00e5g att anv\u00e4nda de senaste versionerna av Postscript-drivrutiner och PPD (vid Printon Extreme .PPD). Vid behov kan man ladda ner dem fr\u00e5n adressen ftp.korepro.ee (Username: anonymus).<\/div><\/div><\/div><div class=\"fusion-panel panel-default fusion-toggle-no-divider\"><div class=\"panel-heading\"><h4 class=\"panel-title toggle\"><a data-toggle=\"collapse\" data-parent=\"#accordion-22120-1\" data-target=\"#e65dd2e3739096268\" href=\"#e65dd2e3739096268\"><div class=\"fusion-toggle-icon-wrapper\"><i class=\"fa-fusion-box\"><\/i><\/div><div class=\"fusion-toggle-heading\">Overprint<\/div><\/a><\/h4><\/div><div id=\"e65dd2e3739096268\" class=\"panel-collapse collapse \"><div class=\"panel-body toggle-content fusion-clearfix\">Vid composite-filer anv\u00e4nder RIP sig automatiskt av svart \u00f6vertryck (black overprint) under f\u00e4rgsepareringen. Om det i trycksaken finns 100% svart och svart som inneh\u00e5ller andra delf\u00e4rger bredvid varandra kan objektet som ska ligga under det svarta komma att lysa igenom n\u00e4r svart overprint g\u00f6rs. F\u00f6r att f\u00e5 en vacker, intensiv, ogenomskinlig svart f\u00e4rg ska man i st\u00e4llet f\u00f6r 100% svart anv\u00e4nda formeln C \u2013 40, M \u2013 30, Y \u2013 30, K \u2013 100.<\/p>\n<p>Vi rekommenderar att man vid varje design grundligt t\u00e4nker igenom hur det svarta \u00f6vertrycket kommer att p\u00e5verka trycksakens utseende. Om designen inneh\u00e5ller b\u00e5de objekt med overprint och utan overprint (knockout) varvid repro-\u00f6vertryck kan f\u00f6rst\u00f6ra n\u00e5got, kan ni skapa en PostScript-fil med f\u00e4rgseparering \u2013 s\u00e5 kan ni sj\u00e4lva f\u00f6rvissa er om att den viktigaste fasen i tryckf\u00f6rberedningen kommer att vara felfri.<\/p>\n<p>Arbetets nettom\u00e5tt skall ligga precis i mitten av sidan i skrivarinst\u00e4llningarna.<\/p>\n<p>Vid layout b\u00f6r ni sj\u00e4lva l\u00e4gga till en besk\u00e4rningsyta (bleed) p\u00e5 3-5 mm vid varje ytterkant. Ut\u00f6ver besk\u00e4rningsytan beh\u00f6ver ni \u00e4ven markera sk\u00e4rst\u00e4llen (crops).<\/p>\n<p>Den vanligaste felet vid f\u00e4rdiga trycksaker \u00e4r fel i den tryckta texten. D\u00e4rf\u00f6r rekommenderar vi att alla texter kontrolleras en g\u00e5ng till innan ni l\u00e4mnar dem in f\u00f6r tryckning. Omtryckning pga fel kommer att bli mycket dyrare \u00e4n lite extra tid f\u00f6r korrekturl\u00e4sning!<\/p>\n<p>Efter tryckarksmontaget och f\u00f6re framst\u00e4llningen av tryckpl\u00e5tar g\u00f6rs en arkutskrift av varje tryckpl\u00e5t med hj\u00e4lp av en bl\u00e4ckskrivare. Syftet med utskriften \u00e4r att kontrollera att texterna och fotona \u00e4r korrekta och den \u00e4r i f\u00f6rsta hand ett internt verktyg. Dock kan kunden granska arkutskriften f\u00f6re framst\u00e4llningen av tryckpl\u00e5tar f\u00f6r att bli helt f\u00f6rvissad om riktigheten av texterna och tryckarksmontaget. Det h\u00e4r \u00e4r den sista chansen att g\u00f6ra \u00e4ndringar under tryckprocessen! D\u00e4remot passar tryckarkutskrifter absolut inte f\u00f6r att kontrollera f\u00e4rgernas exakta riktighet!<\/p>\n<p>Om ni vill se huruvida f\u00e4rgerna motsvarar slutresultatet rekommenderar vi att best\u00e4lla en sublimation. Eftersom sublimation i A3-format skrivs ut direkt ur filen p\u00e5 h\u00f6gglanspapper \u00e4r f\u00e4rgerna v\u00e4ldigt lika slutresultatet, dock inte 100%. Det slutliga f\u00e4rgresultatet p\u00e5 trycksaken beror till stor del p\u00e5 det valda pappret.<\/p>\n<p>Ofta underskattar man viktigheten av modeller. En modell \u00e4r en f\u00f6rminskad kopia av det \u00f6nskade slutresultatet, som regel en utskrift ur en svartvit skrivare, vikt och klamrad likt slutresultatet. Eftersom filer skickas elektroniskt \u00e4r modellen det enda medlet f\u00f6r att kontrollera om texter och bilder motsvarar det \u00f6nskade resultatet. Om n\u00e5got har g\u00e5tt fel under fil\u00f6verf\u00f6ringen \u00e4r det tyv\u00e4rr ofta om\u00f6jligt att uppt\u00e4cka utan modellen. Om ingen modell medf\u00f6ljer best\u00e4llningen kan tryckeriet inte ansvara f\u00f6r att arbetet blir utf\u00f6rt felfritt!<\/div><\/div><\/div><div class=\"fusion-panel panel-default fusion-toggle-no-divider\"><div class=\"panel-heading\"><h4 class=\"panel-title toggle\"><a data-toggle=\"collapse\" data-parent=\"#accordion-22120-1\" data-target=\"#c408f3608f67c6bb3\" href=\"#c408f3608f67c6bb3\"><div class=\"fusion-toggle-icon-wrapper\"><i class=\"fa-fusion-box\"><\/i><\/div><div class=\"fusion-toggle-heading\">Program<\/div><\/a><\/h4><\/div><div id=\"c408f3608f67c6bb3\" class=\"panel-collapse collapse \"><div class=\"panel-body toggle-content fusion-clearfix\">Designfiler kan vara framst\u00e4llda i alla vanligen anv\u00e4nda layout- och designprogram b\u00e5de f\u00f6r PC och Mac (Freehand, PageMaker, QuarkXPress, Adobe Illustrator, Corel Draw mm).<\/div><\/div><\/div><\/div><\/div><div class=\"fusion-sep-clear\"><\/div><div class=\"fusion-separator fusion-full-width-sep sep-single sep-solid\" style=\"border-color:#eeeeee;border-top-width:2px;margin-left: auto;margin-right: auto;margin-top:20px;margin-bottom:10px;\"><\/div><div class=\"fusion-clearfix\"><\/div>\n\n\t\t\t\t\t<\/div>\n\t\t\t\t<\/div><\/div><\/div><div class=\"fusion-fullwidth fullwidth-box nonhundred-percent-fullwidth non-hundred-percent-height-scrolling fusion-equal-height-columns\"  style='background-color: rgba(255,255,255,0);background-position: center center;background-repeat: no-repeat;padding-top:0px;padding-right:0px;padding-bottom:0px;padding-left:0px;'><div class=\"fusion-builder-row fusion-row \"><div  class=\"fusion-layout-column fusion_builder_column fusion_builder_column_1_3 fusion-builder-column-2 fusion-one-third fusion-column-first 1_3\"  style='margin-top:0px;margin-bottom:20px;width:33.33%;width:calc(33.33% - ( ( 4% ) * 0.3333 ) );margin-right: 4%;'>\n\t\t\t\t\t<div class=\"fusion-column-wrapper\" style=\"padding: 0px 0px 0px 0px;background-position:left top;background-repeat:no-repeat;-webkit-background-size:cover;-moz-background-size:cover;-o-background-size:cover;background-size:cover;\"   data-bg-url=\"\">\n\t\t\t\t\t\t<span style=\"width:100%;max-width:250px;\" class=\"fusion-imageframe imageframe-none imageframe-1 hover-type-zoomin\"><\/span><div class=\"fusion-clearfix\"><\/div>\n\n\t\t\t\t\t<\/div>\n\t\t\t\t<\/div><div  class=\"fusion-layout-column fusion_builder_column fusion_builder_column_2_3 fusion-builder-column-3 fusion-two-third fusion-column-last 2_3\"  style='margin-top:0px;margin-bottom:20px;width:66.66%;width:calc(66.66% - ( ( 4% ) * 0.6666 ) );'>\n\t\t\t\t\t<div class=\"fusion-column-wrapper\" style=\"padding: 0px 0px 0px 0px;background-position:left top;background-repeat:no-repeat;-webkit-background-size:cover;-moz-background-size:cover;-o-background-size:cover;background-size:cover;\"   data-bg-url=\"\">\n\t\t\t\t\t\t<div class=\"fusion-column-content-centered\"><div class=\"fusion-column-content\"><div class=\"fusion-button-wrapper\"><style type=\"text\/css\" scoped=\"scoped\">.fusion-button.button-2 .fusion-button-text, .fusion-button.button-2 i {color:#ffffff;}.fusion-button.button-2 {border-width:1px;border-color:#ffffff;}.fusion-button.button-2 .fusion-button-icon-divider{border-color:#ffffff;}.fusion-button.button-2:hover .fusion-button-text, .fusion-button.button-2:hover i,.fusion-button.button-2:focus .fusion-button-text, .fusion-button.button-2:focus i,.fusion-button.button-2:active .fusion-button-text, .fusion-button.button-2:active{color:#ffffff;}.fusion-button.button-2:hover, .fusion-button.button-2:focus, .fusion-button.button-2:active{border-width:1px;border-color:#ffffff;}.fusion-button.button-2:hover .fusion-button-icon-divider, .fusion-button.button-2:hover .fusion-button-icon-divider, .fusion-button.button-2:active .fusion-button-icon-divider{border-color:#ffffff;}.fusion-button.button-2{width:auto;}<\/style><a class=\"fusion-button button-flat fusion-button-round button-large button-default button-2\" target=\"_self\" href=\"https:\/\/printon.ee\/sv\/hinnaparing\/\"><span class=\"fusion-button-text\">Offerf\u00f6rfr\u00e5gan<\/span><\/a><\/div><\/div><\/div><div class=\"fusion-clearfix\"><\/div>\n\n\t\t\t\t\t<\/div>\n\t\t\t\t<\/div><\/div><\/div><\/p>\n","protected":false},"excerpt":{"rendered":"","protected":false},"author":9,"featured_media":0,"parent":22109,"menu_order":0,"comment_status":"closed","ping_status":"closed","template":"","meta":{"footnotes":""},"class_list":["post-22120","page","type-page","status-publish","hentry"],"yoast_head":"<!-- This site is optimized with the Yoast SEO plugin v26.8 - https:\/\/yoast.com\/product\/yoast-seo-wordpress\/ -->\n<title>Repro - Printon AS<\/title>\n<meta name=\"robots\" content=\"index, follow, max-snippet:-1, max-image-preview:large, max-video-preview:-1\" \/>\n<link rel=\"canonical\" href=\"https:\/\/www.printon.ee\/sv\/teenused\/repro\/\" \/>\n<meta property=\"og:locale\" content=\"sv_SE\" \/>\n<meta property=\"og:type\" content=\"article\" \/>\n<meta property=\"og:title\" content=\"Repro - Printon AS\" \/>\n<meta property=\"og:url\" content=\"https:\/\/www.printon.ee\/sv\/teenused\/repro\/\" \/>\n<meta property=\"og:site_name\" content=\"Printon AS\" \/>\n<meta property=\"article:modified_time\" content=\"2025-03-19T12:07:41+00:00\" \/>\n<meta name=\"twitter:card\" content=\"summary_large_image\" \/>\n<meta name=\"twitter:label1\" content=\"Ber\u00e4knad l\u00e4stid\" \/>\n\t<meta name=\"twitter:data1\" content=\"5 minuter\" \/>\n<script type=\"application\/ld+json\" class=\"yoast-schema-graph\">{\"@context\":\"https:\/\/schema.org\",\"@graph\":[{\"@type\":\"WebPage\",\"@id\":\"https:\/\/www.printon.ee\/sv\/teenused\/repro\/\",\"url\":\"https:\/\/www.printon.ee\/sv\/teenused\/repro\/\",\"name\":\"Repro - Printon AS\",\"isPartOf\":{\"@id\":\"https:\/\/www.printon.ee\/#website\"},\"datePublished\":\"2019-02-21T09:42:24+00:00\",\"dateModified\":\"2025-03-19T12:07:41+00:00\",\"breadcrumb\":{\"@id\":\"https:\/\/www.printon.ee\/sv\/teenused\/repro\/#breadcrumb\"},\"inLanguage\":\"sv-SE\",\"potentialAction\":[{\"@type\":\"ReadAction\",\"target\":[\"https:\/\/www.printon.ee\/sv\/teenused\/repro\/\"]}]},{\"@type\":\"BreadcrumbList\",\"@id\":\"https:\/\/www.printon.ee\/sv\/teenused\/repro\/#breadcrumb\",\"itemListElement\":[{\"@type\":\"ListItem\",\"position\":1,\"name\":\"Home\",\"item\":\"https:\/\/www.printon.ee\/sv\/\"},{\"@type\":\"ListItem\",\"position\":2,\"name\":\"Tj\u00e4nster\",\"item\":\"https:\/\/www.printon.ee\/sv\/teenused\/\"},{\"@type\":\"ListItem\",\"position\":3,\"name\":\"Repro\"}]},{\"@type\":\"WebSite\",\"@id\":\"https:\/\/www.printon.ee\/#website\",\"url\":\"https:\/\/www.printon.ee\/\",\"name\":\"Printon AS\",\"description\":\"Raamatud, bros\u00fc\u00fcrid, kataloogid, kalendrid\",\"potentialAction\":[{\"@type\":\"SearchAction\",\"target\":{\"@type\":\"EntryPoint\",\"urlTemplate\":\"https:\/\/www.printon.ee\/?s={search_term_string}\"},\"query-input\":{\"@type\":\"PropertyValueSpecification\",\"valueRequired\":true,\"valueName\":\"search_term_string\"}}],\"inLanguage\":\"sv-SE\"}]}<\/script>\n<!-- \/ Yoast SEO plugin. -->","yoast_head_json":{"title":"Repro - Printon AS","robots":{"index":"index","follow":"follow","max-snippet":"max-snippet:-1","max-image-preview":"max-image-preview:large","max-video-preview":"max-video-preview:-1"},"canonical":"https:\/\/www.printon.ee\/sv\/teenused\/repro\/","og_locale":"sv_SE","og_type":"article","og_title":"Repro - Printon AS","og_url":"https:\/\/www.printon.ee\/sv\/teenused\/repro\/","og_site_name":"Printon AS","article_modified_time":"2025-03-19T12:07:41+00:00","twitter_card":"summary_large_image","twitter_misc":{"Ber\u00e4knad l\u00e4stid":"5 minuter"},"schema":{"@context":"https:\/\/schema.org","@graph":[{"@type":"WebPage","@id":"https:\/\/www.printon.ee\/sv\/teenused\/repro\/","url":"https:\/\/www.printon.ee\/sv\/teenused\/repro\/","name":"Repro - Printon AS","isPartOf":{"@id":"https:\/\/www.printon.ee\/#website"},"datePublished":"2019-02-21T09:42:24+00:00","dateModified":"2025-03-19T12:07:41+00:00","breadcrumb":{"@id":"https:\/\/www.printon.ee\/sv\/teenused\/repro\/#breadcrumb"},"inLanguage":"sv-SE","potentialAction":[{"@type":"ReadAction","target":["https:\/\/www.printon.ee\/sv\/teenused\/repro\/"]}]},{"@type":"BreadcrumbList","@id":"https:\/\/www.printon.ee\/sv\/teenused\/repro\/#breadcrumb","itemListElement":[{"@type":"ListItem","position":1,"name":"Home","item":"https:\/\/www.printon.ee\/sv\/"},{"@type":"ListItem","position":2,"name":"Tj\u00e4nster","item":"https:\/\/www.printon.ee\/sv\/teenused\/"},{"@type":"ListItem","position":3,"name":"Repro"}]},{"@type":"WebSite","@id":"https:\/\/www.printon.ee\/#website","url":"https:\/\/www.printon.ee\/","name":"Printon AS","description":"Raamatud, bros\u00fc\u00fcrid, kataloogid, kalendrid","potentialAction":[{"@type":"SearchAction","target":{"@type":"EntryPoint","urlTemplate":"https:\/\/www.printon.ee\/?s={search_term_string}"},"query-input":{"@type":"PropertyValueSpecification","valueRequired":true,"valueName":"search_term_string"}}],"inLanguage":"sv-SE"}]}},"_links":{"self":[{"href":"https:\/\/www.printon.ee\/sv\/wp-json\/wp\/v2\/pages\/22120","targetHints":{"allow":["GET"]}}],"collection":[{"href":"https:\/\/www.printon.ee\/sv\/wp-json\/wp\/v2\/pages"}],"about":[{"href":"https:\/\/www.printon.ee\/sv\/wp-json\/wp\/v2\/types\/page"}],"author":[{"embeddable":true,"href":"https:\/\/www.printon.ee\/sv\/wp-json\/wp\/v2\/users\/9"}],"replies":[{"embeddable":true,"href":"https:\/\/www.printon.ee\/sv\/wp-json\/wp\/v2\/comments?post=22120"}],"version-history":[{"count":0,"href":"https:\/\/www.printon.ee\/sv\/wp-json\/wp\/v2\/pages\/22120\/revisions"}],"up":[{"embeddable":true,"href":"https:\/\/www.printon.ee\/sv\/wp-json\/wp\/v2\/pages\/22109"}],"wp:attachment":[{"href":"https:\/\/www.printon.ee\/sv\/wp-json\/wp\/v2\/media?parent=22120"}],"curies":[{"name":"wp","href":"https:\/\/api.w.org\/{rel}","templated":true}]}}