{"id":22123,"date":"2019-02-21T11:42:43","date_gmt":"2019-02-21T09:42:43","guid":{"rendered":"http:\/\/printon.veebispetsid.com\/teenused\/trukk\/"},"modified":"2022-12-28T10:41:26","modified_gmt":"2022-12-28T08:41:26","slug":"trukk","status":"publish","type":"page","link":"https:\/\/www.printon.ee\/sv\/teenused\/trukk\/","title":{"rendered":"Tryck"},"content":{"rendered":"<p><div class=\"fusion-fullwidth fullwidth-box nonhundred-percent-fullwidth non-hundred-percent-height-scrolling\"  style='background-color: rgba(255,255,255,0);background-position: center center;background-repeat: no-repeat;padding-top:0px;padding-right:0px;padding-bottom:0px;padding-left:0px;'><div class=\"fusion-builder-row fusion-row \"><div  class=\"fusion-layout-column fusion_builder_column fusion_builder_column_1_1 fusion-builder-column-1 fusion-one-full fusion-column-first fusion-column-last 1_1\"  style='margin-top:0px;margin-bottom:20px;'>\n\t\t\t\t\t<div class=\"fusion-column-wrapper\" style=\"padding: 0px 0px 0px 0px;background-position:left top;background-repeat:no-repeat;-webkit-background-size:cover;-moz-background-size:cover;-o-background-size:cover;background-size:cover;\"   data-bg-url=\"\">\n\t\t\t\t\t\t<style type=\"text\/css\" scoped=\"scoped\">.fusion-accordian  #accordion-22123-1 .panel-title a .fa-fusion-box{ color: #333333;}.fusion-accordian  #accordion-22123-1 .panel-title a .fa-fusion-box:before{ font-size: 20px; width: 20px;}.fusion-accordian  #accordion-22123-1 .panel-title a{font-size:17px;}.fusion-accordian  #accordion-22123-1 .panel-title a:hover, #accordion-22123-1 .fusion-toggle-boxed-mode:hover .panel-title a { color: #db0066;}.fusion-accordian  #accordion-22123-1 .fusion-toggle-boxed-mode:hover .panel-title a .fa-fusion-box{ color: #db0066;}.fusion-accordian  #accordion-22123-1.fusion-toggle-icon-unboxed .fusion-panel .panel-title a:hover .fa-fusion-box{ color: #db0066 !important;}<\/style><div class=\"accordian fusion-accordian\"><div class=\"panel-group fusion-toggle-icon-unboxed\" id=\"accordion-22123-1\"><div class=\"fusion-panel panel-default fusion-toggle-no-divider\"><div class=\"panel-heading\"><h4 class=\"panel-title toggle\"><a data-toggle=\"collapse\" data-parent=\"#accordion-22123-1\" data-target=\"#d96e5bc62371a59ca\" href=\"#d96e5bc62371a59ca\"><div class=\"fusion-toggle-icon-wrapper\"><i class=\"fa-fusion-box\"><\/i><\/div><div class=\"fusion-toggle-heading\">Varf\u00f6r f\u00f6redra offsettryck med Heidelberg-maskiner? <\/div><\/a><\/h4><\/div><div id=\"d96e5bc62371a59ca\" class=\"panel-collapse collapse \"><div class=\"panel-body toggle-content fusion-clearfix\">\n<p>Offsettryck med suver\u00e4n kvalitet<br \/>\nDet automatiska f\u00e4rgm\u00e4tningssystemet med den senaste tekniken h\u00e5ller f\u00e4rgen stabil f\u00f6r hela upplagan och reducerar f\u00e4rgavvikelser.<br \/>\nMaskinerna g\u00f6r s\u00e5 m\u00e5nga processer som m\u00f6jligt automatiserade och snabba f\u00f6r stabil tryckning p\u00e5 kort tid.<\/p>\n<\/div><\/div><\/div><div class=\"fusion-panel panel-default fusion-toggle-no-divider\"><div class=\"panel-heading\"><h4 class=\"panel-title toggle\"><a data-toggle=\"collapse\" data-parent=\"#accordion-22123-1\" data-target=\"#146832007fd23dbee\" href=\"#146832007fd23dbee\"><div class=\"fusion-toggle-icon-wrapper\"><i class=\"fa-fusion-box\"><\/i><\/div><div class=\"fusion-toggle-heading\">Vilka \u00e4r f\u00f6rdelarna med Komori-maskinen f\u00f6r H-UV-f\u00e4rger? <\/div><\/a><\/h4><\/div><div id=\"146832007fd23dbee\" class=\"panel-collapse collapse \"><div class=\"panel-body toggle-content fusion-clearfix\">Offsettryckmaskinen av Komori \u00e4r speciell eftersom den trycker med H-UV-f\u00e4rger som torkar under s\u00e4rskilda UV-lampor direkt efter tryckningen. Det \u00e4r en helt annorlunda f\u00e4rgtyp som inte absorberas i pappret s\u00e5 att f\u00e4rgerna f\u00f6rblir klarare. Trycket blir avsev\u00e4rt tydligare.<br \/>\nF\u00e4rgen rinner inte och slutresultatet syns omedelbart \u2013 precis s\u00e5 som det kommer ut ur maskinen.<br \/>\nL\u00e4mplig f\u00f6r specialmaterial: vinyl, textil osv.<\/div><\/div><\/div><div class=\"fusion-panel panel-default fusion-toggle-no-divider\"><div class=\"panel-heading\"><h4 class=\"panel-title toggle\"><a data-toggle=\"collapse\" data-parent=\"#accordion-22123-1\" data-target=\"#59ee5bd10f59a5314\" href=\"#59ee5bd10f59a5314\"><div class=\"fusion-toggle-icon-wrapper\"><i class=\"fa-fusion-box\"><\/i><\/div><div class=\"fusion-toggle-heading\">N\u00e4r borde man f\u00f6redra digitalt tryck?<\/div><\/a><\/h4><\/div><div id=\"59ee5bd10f59a5314\" class=\"panel-collapse collapse \"><div class=\"panel-body toggle-content fusion-clearfix\">Den digitala tryckmaskinen Xerox Versant \u00e4r fr\u00e4mst avsedd f\u00f6r flexibla upplagor, d.v.s. mindre antal till rimliga priser. Ledtider f\u00f6r digitalt tryck \u00e4r oftast kortare \u00e4n vid offsettryck och tryckmetoden \u00e4r \u00e4ven milj\u00f6v\u00e4nligare.<\/div><\/div><\/div><\/div><\/div><div class=\"fusion-sep-clear\"><\/div><div class=\"fusion-separator fusion-full-width-sep sep-single sep-solid\" style=\"border-color:#eeeeee;border-top-width:2px;margin-left: auto;margin-right: auto;margin-top:20px;margin-bottom:10px;\"><\/div><div class=\"fusion-clearfix\"><\/div>\n\n\t\t\t\t\t<\/div>\n\t\t\t\t<\/div><\/div><\/div><div class=\"fusion-fullwidth fullwidth-box nonhundred-percent-fullwidth non-hundred-percent-height-scrolling fusion-equal-height-columns\"  style='background-color: rgba(255,255,255,0);background-position: center center;background-repeat: no-repeat;padding-top:0px;padding-right:0px;padding-bottom:0px;padding-left:0px;'><div class=\"fusion-builder-row fusion-row \"><div  class=\"fusion-layout-column fusion_builder_column fusion_builder_column_1_3 fusion-builder-column-2 fusion-one-third fusion-column-first 1_3\"  style='margin-top:0px;margin-bottom:20px;width:33.33%;width:calc(33.33% - ( ( 4% ) * 0.3333 ) );margin-right: 4%;'>\n\t\t\t\t\t<div class=\"fusion-column-wrapper\" style=\"padding: 0px 0px 0px 0px;background-position:left top;background-repeat:no-repeat;-webkit-background-size:cover;-moz-background-size:cover;-o-background-size:cover;background-size:cover;\"   data-bg-url=\"\">\n\t\t\t\t\t\t<span class=\"fusion-imageframe imageframe-none imageframe-1 hover-type-zoomin\"><img decoding=\"async\" src=\"https:\/\/www.printon.ee\/wp-content\/uploads\/2020\/01\/20200107_141714-1-e1578402975679.jpg\" width=\"2600\" height=\"2600\" alt=\"\" title=\"Karl Oskar Toovere\" class=\"img-responsive wp-image-24099\" srcset=\"https:\/\/www.printon.ee\/wp-content\/uploads\/2020\/01\/20200107_141714-1-e1578402975679-200x200.jpg 200w, https:\/\/www.printon.ee\/wp-content\/uploads\/2020\/01\/20200107_141714-1-e1578402975679-400x400.jpg 400w, https:\/\/www.printon.ee\/wp-content\/uploads\/2020\/01\/20200107_141714-1-e1578402975679-600x600.jpg 600w, https:\/\/www.printon.ee\/wp-content\/uploads\/2020\/01\/20200107_141714-1-e1578402975679-800x800.jpg 800w, https:\/\/www.printon.ee\/wp-content\/uploads\/2020\/01\/20200107_141714-1-e1578402975679-1200x1200.jpg 1200w, https:\/\/www.printon.ee\/wp-content\/uploads\/2020\/01\/20200107_141714-1-e1578402975679.jpg 2600w\" sizes=\"(max-width: 800px) 100vw, 2600px\" \/><\/span><div class=\"fusion-clearfix\"><\/div>\n\n\t\t\t\t\t<\/div>\n\t\t\t\t<\/div><div  class=\"fusion-layout-column fusion_builder_column fusion_builder_column_2_3 fusion-builder-column-3 fusion-two-third fusion-column-last 2_3\"  style='margin-top:0px;margin-bottom:20px;width:66.66%;width:calc(66.66% - ( ( 4% ) * 0.6666 ) );'>\n\t\t\t\t\t<div class=\"fusion-column-wrapper\" style=\"padding: 0px 0px 0px 0px;background-position:left top;background-repeat:no-repeat;-webkit-background-size:cover;-moz-background-size:cover;-o-background-size:cover;background-size:cover;\"   data-bg-url=\"\">\n\t\t\t\t\t\t<div class=\"fusion-column-content-centered\"><div class=\"fusion-column-content\"><div class=\"fusion-text\"><h5>Skriv till oss och vi hittar den l\u00e4mpligaste l\u00f6sningen f\u00f6r Din trycksak!<\/h5>\n<\/div><div class=\"fusion-button-wrapper\"><style type=\"text\/css\" scoped=\"scoped\">.fusion-button.button-1 .fusion-button-text, .fusion-button.button-1 i {color:#ffffff;}.fusion-button.button-1 {border-width:1px;border-color:#ffffff;}.fusion-button.button-1 .fusion-button-icon-divider{border-color:#ffffff;}.fusion-button.button-1:hover .fusion-button-text, .fusion-button.button-1:hover i,.fusion-button.button-1:focus .fusion-button-text, .fusion-button.button-1:focus i,.fusion-button.button-1:active .fusion-button-text, .fusion-button.button-1:active{color:#ffffff;}.fusion-button.button-1:hover, .fusion-button.button-1:focus, .fusion-button.button-1:active{border-width:1px;border-color:#ffffff;}.fusion-button.button-1:hover .fusion-button-icon-divider, .fusion-button.button-1:hover .fusion-button-icon-divider, .fusion-button.button-1:active .fusion-button-icon-divider{border-color:#ffffff;}.fusion-button.button-1{width:auto;}<\/style><a class=\"fusion-button button-flat fusion-button-round button-large button-default button-1\" target=\"_self\" href=\"https:\/\/printon.ee\/sv\/hinnaparing\/\"><span class=\"fusion-button-text\">Offerf\u00f6rfr\u00e5gan<\/span><\/a><\/div><\/div><\/div><div class=\"fusion-clearfix\"><\/div>\n\n\t\t\t\t\t<\/div>\n\t\t\t\t<\/div><\/div><\/div><\/p>\n","protected":false},"excerpt":{"rendered":"","protected":false},"author":9,"featured_media":0,"parent":22109,"menu_order":0,"comment_status":"closed","ping_status":"closed","template":"","meta":{"footnotes":""},"class_list":["post-22123","page","type-page","status-publish","hentry"],"yoast_head":"<!-- This site is optimized with the Yoast SEO plugin v26.8 - https:\/\/yoast.com\/product\/yoast-seo-wordpress\/ -->\n<title>Tryck - Printon AS<\/title>\n<meta name=\"robots\" content=\"index, follow, max-snippet:-1, max-image-preview:large, max-video-preview:-1\" \/>\n<link rel=\"canonical\" href=\"https:\/\/www.printon.ee\/sv\/teenused\/trukk\/\" \/>\n<meta property=\"og:locale\" content=\"sv_SE\" \/>\n<meta property=\"og:type\" content=\"article\" \/>\n<meta property=\"og:title\" content=\"Tryck - Printon AS\" \/>\n<meta property=\"og:url\" content=\"https:\/\/www.printon.ee\/sv\/teenused\/trukk\/\" \/>\n<meta property=\"og:site_name\" content=\"Printon AS\" \/>\n<meta property=\"article:modified_time\" content=\"2022-12-28T08:41:26+00:00\" \/>\n<meta name=\"twitter:card\" content=\"summary_large_image\" \/>\n<meta name=\"twitter:label1\" content=\"Ber\u00e4knad l\u00e4stid\" \/>\n\t<meta name=\"twitter:data1\" content=\"5 minuter\" \/>\n<script type=\"application\/ld+json\" class=\"yoast-schema-graph\">{\"@context\":\"https:\/\/schema.org\",\"@graph\":[{\"@type\":\"WebPage\",\"@id\":\"https:\/\/www.printon.ee\/sv\/teenused\/trukk\/\",\"url\":\"https:\/\/www.printon.ee\/sv\/teenused\/trukk\/\",\"name\":\"Tryck - Printon AS\",\"isPartOf\":{\"@id\":\"https:\/\/www.printon.ee\/#website\"},\"datePublished\":\"2019-02-21T09:42:43+00:00\",\"dateModified\":\"2022-12-28T08:41:26+00:00\",\"breadcrumb\":{\"@id\":\"https:\/\/www.printon.ee\/sv\/teenused\/trukk\/#breadcrumb\"},\"inLanguage\":\"sv-SE\",\"potentialAction\":[{\"@type\":\"ReadAction\",\"target\":[\"https:\/\/www.printon.ee\/sv\/teenused\/trukk\/\"]}]},{\"@type\":\"BreadcrumbList\",\"@id\":\"https:\/\/www.printon.ee\/sv\/teenused\/trukk\/#breadcrumb\",\"itemListElement\":[{\"@type\":\"ListItem\",\"position\":1,\"name\":\"Home\",\"item\":\"https:\/\/www.printon.ee\/sv\/\"},{\"@type\":\"ListItem\",\"position\":2,\"name\":\"Tj\u00e4nster\",\"item\":\"https:\/\/www.printon.ee\/sv\/teenused\/\"},{\"@type\":\"ListItem\",\"position\":3,\"name\":\"Tryck\"}]},{\"@type\":\"WebSite\",\"@id\":\"https:\/\/www.printon.ee\/#website\",\"url\":\"https:\/\/www.printon.ee\/\",\"name\":\"Printon AS\",\"description\":\"Raamatud, bros\u00fc\u00fcrid, kataloogid, kalendrid\",\"potentialAction\":[{\"@type\":\"SearchAction\",\"target\":{\"@type\":\"EntryPoint\",\"urlTemplate\":\"https:\/\/www.printon.ee\/?s={search_term_string}\"},\"query-input\":{\"@type\":\"PropertyValueSpecification\",\"valueRequired\":true,\"valueName\":\"search_term_string\"}}],\"inLanguage\":\"sv-SE\"}]}<\/script>\n<!-- \/ Yoast SEO plugin. -->","yoast_head_json":{"title":"Tryck - Printon AS","robots":{"index":"index","follow":"follow","max-snippet":"max-snippet:-1","max-image-preview":"max-image-preview:large","max-video-preview":"max-video-preview:-1"},"canonical":"https:\/\/www.printon.ee\/sv\/teenused\/trukk\/","og_locale":"sv_SE","og_type":"article","og_title":"Tryck - Printon AS","og_url":"https:\/\/www.printon.ee\/sv\/teenused\/trukk\/","og_site_name":"Printon AS","article_modified_time":"2022-12-28T08:41:26+00:00","twitter_card":"summary_large_image","twitter_misc":{"Ber\u00e4knad l\u00e4stid":"5 minuter"},"schema":{"@context":"https:\/\/schema.org","@graph":[{"@type":"WebPage","@id":"https:\/\/www.printon.ee\/sv\/teenused\/trukk\/","url":"https:\/\/www.printon.ee\/sv\/teenused\/trukk\/","name":"Tryck - Printon AS","isPartOf":{"@id":"https:\/\/www.printon.ee\/#website"},"datePublished":"2019-02-21T09:42:43+00:00","dateModified":"2022-12-28T08:41:26+00:00","breadcrumb":{"@id":"https:\/\/www.printon.ee\/sv\/teenused\/trukk\/#breadcrumb"},"inLanguage":"sv-SE","potentialAction":[{"@type":"ReadAction","target":["https:\/\/www.printon.ee\/sv\/teenused\/trukk\/"]}]},{"@type":"BreadcrumbList","@id":"https:\/\/www.printon.ee\/sv\/teenused\/trukk\/#breadcrumb","itemListElement":[{"@type":"ListItem","position":1,"name":"Home","item":"https:\/\/www.printon.ee\/sv\/"},{"@type":"ListItem","position":2,"name":"Tj\u00e4nster","item":"https:\/\/www.printon.ee\/sv\/teenused\/"},{"@type":"ListItem","position":3,"name":"Tryck"}]},{"@type":"WebSite","@id":"https:\/\/www.printon.ee\/#website","url":"https:\/\/www.printon.ee\/","name":"Printon AS","description":"Raamatud, bros\u00fc\u00fcrid, kataloogid, kalendrid","potentialAction":[{"@type":"SearchAction","target":{"@type":"EntryPoint","urlTemplate":"https:\/\/www.printon.ee\/?s={search_term_string}"},"query-input":{"@type":"PropertyValueSpecification","valueRequired":true,"valueName":"search_term_string"}}],"inLanguage":"sv-SE"}]}},"_links":{"self":[{"href":"https:\/\/www.printon.ee\/sv\/wp-json\/wp\/v2\/pages\/22123","targetHints":{"allow":["GET"]}}],"collection":[{"href":"https:\/\/www.printon.ee\/sv\/wp-json\/wp\/v2\/pages"}],"about":[{"href":"https:\/\/www.printon.ee\/sv\/wp-json\/wp\/v2\/types\/page"}],"author":[{"embeddable":true,"href":"https:\/\/www.printon.ee\/sv\/wp-json\/wp\/v2\/users\/9"}],"replies":[{"embeddable":true,"href":"https:\/\/www.printon.ee\/sv\/wp-json\/wp\/v2\/comments?post=22123"}],"version-history":[{"count":0,"href":"https:\/\/www.printon.ee\/sv\/wp-json\/wp\/v2\/pages\/22123\/revisions"}],"up":[{"embeddable":true,"href":"https:\/\/www.printon.ee\/sv\/wp-json\/wp\/v2\/pages\/22109"}],"wp:attachment":[{"href":"https:\/\/www.printon.ee\/sv\/wp-json\/wp\/v2\/media?parent=22123"}],"curies":[{"name":"wp","href":"https:\/\/api.w.org\/{rel}","templated":true}]}}