{"id":22160,"date":"2019-02-21T11:49:48","date_gmt":"2019-02-21T09:49:48","guid":{"rendered":"http:\/\/printon.veebispetsid.com\/failide-valmistamine\/"},"modified":"2019-06-25T16:12:49","modified_gmt":"2019-06-25T13:12:49","slug":"failide-valmistamine","status":"publish","type":"page","link":"https:\/\/www.printon.ee\/sv\/failide-valmistamine\/","title":{"rendered":"Uppr\u00e4ttande av filer"},"content":{"rendered":"<div class=\"fusion-fullwidth fullwidth-box nonhundred-percent-fullwidth non-hundred-percent-height-scrolling\"  style='background-color: rgba(255,255,255,0);background-position: center center;background-repeat: no-repeat;padding-top:0px;padding-right:0px;padding-bottom:0px;padding-left:0px;'><div class=\"fusion-builder-row fusion-row \"><div  class=\"fusion-layout-column fusion_builder_column fusion_builder_column_1_1 fusion-builder-column-1 fusion-one-full fusion-column-first fusion-column-last 1_1\"  style='margin-top:0px;margin-bottom:0px;'>\n\t\t\t\t\t<div class=\"fusion-column-wrapper\" style=\"padding: 0px 0px 0px 0px;background-position:left top;background-repeat:no-repeat;-webkit-background-size:cover;-moz-background-size:cover;-o-background-size:cover;background-size:cover;\"   data-bg-url=\"\">\n\t\t\t\t\t\t<div class=\"fusion-text\"><p>Eftersom vi anv\u00e4nder CTP-teknologi (Computer to Plate) f\u00f6r framst\u00e4llning av tryckpl\u00e5tar utf\u00f6r vi tryckarksmontaget av filer sj\u00e4lva. Fr\u00e5n kunder f\u00f6rv\u00e4ntar vi PDF- eller PostScript-filer, filmer d\u00e4remot passar inte f\u00f6r tryckf\u00f6rberedningen. Tack vare CTP-teknologin \u00e4r tids\u00e5tg\u00e5ngen f\u00f6r tryckf\u00f6rberedningen betydligt kortare och slutresultatet av mycket b\u00e4ttre kvalitet.<\/p>\n<p>N\u00e4r det g\u00e4ller tidskrifter och broschyrer ber vi v\u00e4nligen att b\u00e5de inneh\u00e5llet och omslagssidorna skickas in som separata sidor, inte parvis.<\/p>\n<p>Vi f\u00f6redrar PostScript- och PDF-filer. Vid PostScript-filer f\u00f6redrar vi composite men \u00e4ven separerade filer kan skickas in. PDF-filer ska absolut vara composite.<\/p>\n<p>Vid framst\u00e4llningen av PostScript- och PDF-filer b\u00f6r ni komma ih\u00e5g att anv\u00e4nda de senaste versionerna av Postscript-drivrutiner och PPD (vid Printon Extreme .PPD). Vid behov kan man ladda ner dem fr\u00e5n adressen ftp.korepro.ee (Username: anonymus).<\/p>\n<\/div><div class=\"fusion-clearfix\"><\/div>\n\n\t\t\t\t\t<\/div>\n\t\t\t\t<\/div><\/div><\/div>\n","protected":false},"excerpt":{"rendered":"","protected":false},"author":9,"featured_media":0,"parent":0,"menu_order":0,"comment_status":"closed","ping_status":"closed","template":"","meta":{"footnotes":""},"class_list":["post-22160","page","type-page","status-publish","hentry"],"yoast_head":"<!-- This site is optimized with the Yoast SEO plugin v26.8 - https:\/\/yoast.com\/product\/yoast-seo-wordpress\/ -->\n<title>Uppr\u00e4ttande av filer - Printon AS<\/title>\n<meta name=\"robots\" content=\"index, follow, max-snippet:-1, max-image-preview:large, max-video-preview:-1\" \/>\n<link rel=\"canonical\" href=\"https:\/\/www.printon.ee\/sv\/failide-valmistamine\/\" \/>\n<meta property=\"og:locale\" content=\"sv_SE\" \/>\n<meta property=\"og:type\" content=\"article\" \/>\n<meta property=\"og:title\" content=\"Uppr\u00e4ttande av filer - Printon AS\" \/>\n<meta property=\"og:url\" content=\"https:\/\/www.printon.ee\/sv\/failide-valmistamine\/\" \/>\n<meta property=\"og:site_name\" content=\"Printon AS\" \/>\n<meta property=\"article:modified_time\" content=\"2019-06-25T13:12:49+00:00\" \/>\n<meta name=\"twitter:card\" content=\"summary_large_image\" \/>\n<meta name=\"twitter:label1\" content=\"Ber\u00e4knad l\u00e4stid\" \/>\n\t<meta name=\"twitter:data1\" content=\"2 minuter\" \/>\n<script type=\"application\/ld+json\" class=\"yoast-schema-graph\">{\"@context\":\"https:\/\/schema.org\",\"@graph\":[{\"@type\":\"WebPage\",\"@id\":\"https:\/\/www.printon.ee\/sv\/failide-valmistamine\/\",\"url\":\"https:\/\/www.printon.ee\/sv\/failide-valmistamine\/\",\"name\":\"Uppr\u00e4ttande av filer - Printon AS\",\"isPartOf\":{\"@id\":\"https:\/\/www.printon.ee\/#website\"},\"datePublished\":\"2019-02-21T09:49:48+00:00\",\"dateModified\":\"2019-06-25T13:12:49+00:00\",\"breadcrumb\":{\"@id\":\"https:\/\/www.printon.ee\/sv\/failide-valmistamine\/#breadcrumb\"},\"inLanguage\":\"sv-SE\",\"potentialAction\":[{\"@type\":\"ReadAction\",\"target\":[\"https:\/\/www.printon.ee\/sv\/failide-valmistamine\/\"]}]},{\"@type\":\"BreadcrumbList\",\"@id\":\"https:\/\/www.printon.ee\/sv\/failide-valmistamine\/#breadcrumb\",\"itemListElement\":[{\"@type\":\"ListItem\",\"position\":1,\"name\":\"Home\",\"item\":\"https:\/\/www.printon.ee\/sv\/\"},{\"@type\":\"ListItem\",\"position\":2,\"name\":\"Uppr\u00e4ttande av filer\"}]},{\"@type\":\"WebSite\",\"@id\":\"https:\/\/www.printon.ee\/#website\",\"url\":\"https:\/\/www.printon.ee\/\",\"name\":\"Printon AS\",\"description\":\"Raamatud, bros\u00fc\u00fcrid, kataloogid, kalendrid\",\"potentialAction\":[{\"@type\":\"SearchAction\",\"target\":{\"@type\":\"EntryPoint\",\"urlTemplate\":\"https:\/\/www.printon.ee\/?s={search_term_string}\"},\"query-input\":{\"@type\":\"PropertyValueSpecification\",\"valueRequired\":true,\"valueName\":\"search_term_string\"}}],\"inLanguage\":\"sv-SE\"}]}<\/script>\n<!-- \/ Yoast SEO plugin. -->","yoast_head_json":{"title":"Uppr\u00e4ttande av filer - Printon AS","robots":{"index":"index","follow":"follow","max-snippet":"max-snippet:-1","max-image-preview":"max-image-preview:large","max-video-preview":"max-video-preview:-1"},"canonical":"https:\/\/www.printon.ee\/sv\/failide-valmistamine\/","og_locale":"sv_SE","og_type":"article","og_title":"Uppr\u00e4ttande av filer - Printon AS","og_url":"https:\/\/www.printon.ee\/sv\/failide-valmistamine\/","og_site_name":"Printon AS","article_modified_time":"2019-06-25T13:12:49+00:00","twitter_card":"summary_large_image","twitter_misc":{"Ber\u00e4knad l\u00e4stid":"2 minuter"},"schema":{"@context":"https:\/\/schema.org","@graph":[{"@type":"WebPage","@id":"https:\/\/www.printon.ee\/sv\/failide-valmistamine\/","url":"https:\/\/www.printon.ee\/sv\/failide-valmistamine\/","name":"Uppr\u00e4ttande av filer - Printon AS","isPartOf":{"@id":"https:\/\/www.printon.ee\/#website"},"datePublished":"2019-02-21T09:49:48+00:00","dateModified":"2019-06-25T13:12:49+00:00","breadcrumb":{"@id":"https:\/\/www.printon.ee\/sv\/failide-valmistamine\/#breadcrumb"},"inLanguage":"sv-SE","potentialAction":[{"@type":"ReadAction","target":["https:\/\/www.printon.ee\/sv\/failide-valmistamine\/"]}]},{"@type":"BreadcrumbList","@id":"https:\/\/www.printon.ee\/sv\/failide-valmistamine\/#breadcrumb","itemListElement":[{"@type":"ListItem","position":1,"name":"Home","item":"https:\/\/www.printon.ee\/sv\/"},{"@type":"ListItem","position":2,"name":"Uppr\u00e4ttande av filer"}]},{"@type":"WebSite","@id":"https:\/\/www.printon.ee\/#website","url":"https:\/\/www.printon.ee\/","name":"Printon AS","description":"Raamatud, bros\u00fc\u00fcrid, kataloogid, kalendrid","potentialAction":[{"@type":"SearchAction","target":{"@type":"EntryPoint","urlTemplate":"https:\/\/www.printon.ee\/?s={search_term_string}"},"query-input":{"@type":"PropertyValueSpecification","valueRequired":true,"valueName":"search_term_string"}}],"inLanguage":"sv-SE"}]}},"_links":{"self":[{"href":"https:\/\/www.printon.ee\/sv\/wp-json\/wp\/v2\/pages\/22160","targetHints":{"allow":["GET"]}}],"collection":[{"href":"https:\/\/www.printon.ee\/sv\/wp-json\/wp\/v2\/pages"}],"about":[{"href":"https:\/\/www.printon.ee\/sv\/wp-json\/wp\/v2\/types\/page"}],"author":[{"embeddable":true,"href":"https:\/\/www.printon.ee\/sv\/wp-json\/wp\/v2\/users\/9"}],"replies":[{"embeddable":true,"href":"https:\/\/www.printon.ee\/sv\/wp-json\/wp\/v2\/comments?post=22160"}],"version-history":[{"count":0,"href":"https:\/\/www.printon.ee\/sv\/wp-json\/wp\/v2\/pages\/22160\/revisions"}],"wp:attachment":[{"href":"https:\/\/www.printon.ee\/sv\/wp-json\/wp\/v2\/media?parent=22160"}],"curies":[{"name":"wp","href":"https:\/\/api.w.org\/{rel}","templated":true}]}}